{"id":751179,"date":"2025-08-28T04:41:42","date_gmt":"2025-08-28T01:41:42","guid":{"rendered":"https:\/\/roveyayinevi.com.tr\/index.php\/urun\/fakir-terzinin-oykusu\/"},"modified":"2026-04-16T03:04:40","modified_gmt":"2026-04-16T00:04:40","slug":"fakir-terzinin-oykusu","status":"publish","type":"product","link":"https:\/\/roveyayinevi.com.tr\/index.php\/urun\/fakir-terzinin-oykusu\/","title":{"rendered":"Fakir Terzinin \u00d6yk\u00fcs\u00fc"},"content":{"rendered":"<p>Beatrix Potter taraf\u0131ndan yaz\u0131lm\u0131\u015f ve resimlenmi\u015f Fakir Terzinin \u00d6yk\u00fcs\u00fc, haz\u0131rlad\u0131\u011f\u0131 ceketin dikilmemi\u015f par\u00e7alar\u0131n\u0131 d\u00fckk\u00e2n\u0131nda b\u0131rakan ve hastal\u0131\u011f\u0131n\u0131 atlat\u0131p geri d\u00f6nd\u00fc\u011f\u00fcnde giysinin gizemli bir \u015fekilde tamamlanm\u0131\u015f h\u00e2lini bulan bir terziyi anlatmaktad\u0131r.   Terzi o g\u00fcn\u00fc hasta ge\u00e7irdi, ertesi g\u00fcn de hastayd\u0131, ondan sonraki g\u00fcn de. Vi\u015fne renkli ceket ne olacakt\u0131? <\/p>\n","protected":false},"excerpt":{"rendered":"<p>Beatrix Potter taraf\u0131ndan yaz\u0131lm\u0131\u015f ve resimlenmi\u015f Fakir Terzinin \u00d6yk\u00fcs\u00fc, haz\u0131rlad\u0131\u011f\u0131 ceketin dikilmemi\u015f par\u00e7alar\u0131n\u0131 d\u00fckk\u00e2n\u0131nda b\u0131rakan ve hastal\u0131\u011f\u0131n\u0131 atlat\u0131p geri d\u00f6nd\u00fc\u011f\u00fcnde giysinin gizemli bir \u015fekilde tamamlanm\u0131\u015f h\u00e2lini<span class=\"excerpt-hellip\"> [\u2026]<\/span><\/p>\n","protected":false},"featured_media":0,"template":"","meta":{"_monsterinsights_skip_tracking":false,"_monsterinsights_sitenote_active":false,"_monsterinsights_sitenote_note":"","_monsterinsights_sitenote_category":0},"product_brand":[],"product_cat":[12274,12284],"product_tag":[],"class_list":{"0":"post-751179","1":"product","2":"type-product","3":"status-publish","5":"product_cat-cocuk-ve-genclik-kitaplari","6":"product_cat-hikayeler","7":"pa_cilt-ciltsiz","8":"pa_tur-kitap","9":"pa_yayinevi-cocuk-gelisimi-yayinlari","10":"pa_yazar-beatrix-potter","12":"first","13":"instock","14":"sale","15":"shipping-taxable","16":"purchasable","17":"product-type-simple"},"_links":{"self":[{"href":"https:\/\/roveyayinevi.com.tr\/index.php\/wp-json\/wp\/v2\/product\/751179","targetHints":{"allow":["GET"]}}],"collection":[{"href":"https:\/\/roveyayinevi.com.tr\/index.php\/wp-json\/wp\/v2\/product"}],"about":[{"href":"https:\/\/roveyayinevi.com.tr\/index.php\/wp-json\/wp\/v2\/types\/product"}],"wp:attachment":[{"href":"https:\/\/roveyayinevi.com.tr\/index.php\/wp-json\/wp\/v2\/media?parent=751179"}],"wp:term":[{"taxonomy":"product_brand","embeddable":true,"href":"https:\/\/roveyayinevi.com.tr\/index.php\/wp-json\/wp\/v2\/product_brand?post=751179"},{"taxonomy":"product_cat","embeddable":true,"href":"https:\/\/roveyayinevi.com.tr\/index.php\/wp-json\/wp\/v2\/product_cat?post=751179"},{"taxonomy":"product_tag","embeddable":true,"href":"https:\/\/roveyayinevi.com.tr\/index.php\/wp-json\/wp\/v2\/product_tag?post=751179"}],"curies":[{"name":"wp","href":"https:\/\/api.w.org\/{rel}","templated":true}]}}