{"id":751178,"date":"2025-08-28T04:41:40","date_gmt":"2025-08-28T01:41:40","guid":{"rendered":"https:\/\/roveyayinevi.com.tr\/index.php\/urun\/biyikli-samin-oykusu\/"},"modified":"2026-04-03T03:06:45","modified_gmt":"2026-04-03T00:06:45","slug":"biyikli-samin-oykusu","status":"publish","type":"product","link":"https:\/\/roveyayinevi.com.tr\/index.php\/urun\/biyikli-samin-oykusu\/","title":{"rendered":"B\u0131y\u0131kl\u0131 Sam\u2019in \u00d6yk\u00fcs\u00fc"},"content":{"rendered":"<p>Beatrix Potter taraf\u0131ndan yaz\u0131lm\u0131\u015f ve resimlenmi\u015f B\u0131y\u0131kl\u0131 Sam\u2019in \u00d6yk\u00fcs\u00fc, bir \u00e7iftlik evinde ya\u015fayan gen\u00e7 kedi Tom\u2019un, annesinden saklan\u0131rken \u00e7at\u0131 kat\u0131 duvarlar\u0131n\u0131n arkas\u0131ndaki gizli bir bo\u015flukta ya\u015fayan B\u0131y\u0131kl\u0131 Sam\u2019e rastlad\u0131\u011f\u0131nda ya\u015fad\u0131klar\u0131n\u0131 anlatmaktad\u0131r.   K\u00fc\u00e7\u00fck Tom, bir dolab\u0131n i\u00e7inde sessizce beklemek istememi\u015fti. Annesinin yemek yapaca\u011f\u0131n\u0131 anlad\u0131\u011f\u0131nda saklanmaya karar vermi\u015fti. <\/p>\n","protected":false},"excerpt":{"rendered":"<p>Beatrix Potter taraf\u0131ndan yaz\u0131lm\u0131\u015f ve resimlenmi\u015f B\u0131y\u0131kl\u0131 Sam\u2019in \u00d6yk\u00fcs\u00fc, bir \u00e7iftlik evinde ya\u015fayan gen\u00e7 kedi Tom\u2019un, annesinden saklan\u0131rken \u00e7at\u0131 kat\u0131 duvarlar\u0131n\u0131n arkas\u0131ndaki gizli bir bo\u015flukta ya\u015fayan<span class=\"excerpt-hellip\"> [\u2026]<\/span><\/p>\n","protected":false},"featured_media":0,"template":"","meta":{"_monsterinsights_skip_tracking":false,"_monsterinsights_sitenote_active":false,"_monsterinsights_sitenote_note":"","_monsterinsights_sitenote_category":0},"product_brand":[],"product_cat":[12274,12284],"product_tag":[],"class_list":{"0":"post-751178","1":"product","2":"type-product","3":"status-publish","5":"product_cat-cocuk-ve-genclik-kitaplari","6":"product_cat-hikayeler","7":"pa_cilt-ciltsiz","8":"pa_tur-kitap","9":"pa_yayinevi-cocuk-gelisimi-yayinlari","10":"pa_yazar-beatrix-potter","12":"first","13":"instock","14":"sale","15":"shipping-taxable","16":"purchasable","17":"product-type-simple"},"_links":{"self":[{"href":"https:\/\/roveyayinevi.com.tr\/index.php\/wp-json\/wp\/v2\/product\/751178","targetHints":{"allow":["GET"]}}],"collection":[{"href":"https:\/\/roveyayinevi.com.tr\/index.php\/wp-json\/wp\/v2\/product"}],"about":[{"href":"https:\/\/roveyayinevi.com.tr\/index.php\/wp-json\/wp\/v2\/types\/product"}],"wp:attachment":[{"href":"https:\/\/roveyayinevi.com.tr\/index.php\/wp-json\/wp\/v2\/media?parent=751178"}],"wp:term":[{"taxonomy":"product_brand","embeddable":true,"href":"https:\/\/roveyayinevi.com.tr\/index.php\/wp-json\/wp\/v2\/product_brand?post=751178"},{"taxonomy":"product_cat","embeddable":true,"href":"https:\/\/roveyayinevi.com.tr\/index.php\/wp-json\/wp\/v2\/product_cat?post=751178"},{"taxonomy":"product_tag","embeddable":true,"href":"https:\/\/roveyayinevi.com.tr\/index.php\/wp-json\/wp\/v2\/product_tag?post=751178"}],"curies":[{"name":"wp","href":"https:\/\/api.w.org\/{rel}","templated":true}]}}