{"id":751174,"date":"2025-08-28T04:41:33","date_gmt":"2025-08-28T01:41:33","guid":{"rendered":"https:\/\/roveyayinevi.com.tr\/index.php\/urun\/bayan-mopinin-oykusu\/"},"modified":"2026-04-16T03:04:40","modified_gmt":"2026-04-16T00:04:40","slug":"bayan-mopinin-oykusu","status":"publish","type":"product","link":"https:\/\/roveyayinevi.com.tr\/index.php\/urun\/bayan-mopinin-oykusu\/","title":{"rendered":"Bayan Mopi\u2019nin \u00d6yk\u00fcs\u00fc"},"content":{"rendered":"<p>Beatrix Potter taraf\u0131ndan yaz\u0131lm\u0131\u015f ve resimlenmi\u015f Bayan Mopi\u2019nin \u00d6yk\u00fcs\u00fc, bir fareyi yakalay\u0131p elinden ka\u00e7\u0131rana kadar onunla oyun oynayan kedicik Bayan Mopi\u2019nin maceras\u0131n\u0131 anlatmaktad\u0131r.   Bayan Mopi galiba bir farenin sesini duydu! Evet, fare kafas\u0131n\u0131 dolaptan \u00e7\u0131karm\u0131\u015f Bayan Mopi\u2019yle alay ediyordu. <\/p>\n","protected":false},"excerpt":{"rendered":"<p>Beatrix Potter taraf\u0131ndan yaz\u0131lm\u0131\u015f ve resimlenmi\u015f Bayan Mopi\u2019nin \u00d6yk\u00fcs\u00fc, bir fareyi yakalay\u0131p elinden ka\u00e7\u0131rana kadar onunla oyun oynayan kedicik Bayan Mopi\u2019nin maceras\u0131n\u0131 anlatmaktad\u0131r. Bayan Mopi galiba<span class=\"excerpt-hellip\"> [\u2026]<\/span><\/p>\n","protected":false},"featured_media":0,"template":"","meta":{"_monsterinsights_skip_tracking":false,"_monsterinsights_sitenote_active":false,"_monsterinsights_sitenote_note":"","_monsterinsights_sitenote_category":0},"product_brand":[],"product_cat":[12274,12284],"product_tag":[],"class_list":{"0":"post-751174","1":"product","2":"type-product","3":"status-publish","5":"product_cat-cocuk-ve-genclik-kitaplari","6":"product_cat-hikayeler","7":"pa_cilt-ciltsiz","8":"pa_tur-kitap","9":"pa_yayinevi-cocuk-gelisimi-yayinlari","10":"pa_yazar-beatrix-potter","12":"first","13":"instock","14":"sale","15":"shipping-taxable","16":"purchasable","17":"product-type-simple"},"_links":{"self":[{"href":"https:\/\/roveyayinevi.com.tr\/index.php\/wp-json\/wp\/v2\/product\/751174","targetHints":{"allow":["GET"]}}],"collection":[{"href":"https:\/\/roveyayinevi.com.tr\/index.php\/wp-json\/wp\/v2\/product"}],"about":[{"href":"https:\/\/roveyayinevi.com.tr\/index.php\/wp-json\/wp\/v2\/types\/product"}],"wp:attachment":[{"href":"https:\/\/roveyayinevi.com.tr\/index.php\/wp-json\/wp\/v2\/media?parent=751174"}],"wp:term":[{"taxonomy":"product_brand","embeddable":true,"href":"https:\/\/roveyayinevi.com.tr\/index.php\/wp-json\/wp\/v2\/product_brand?post=751174"},{"taxonomy":"product_cat","embeddable":true,"href":"https:\/\/roveyayinevi.com.tr\/index.php\/wp-json\/wp\/v2\/product_cat?post=751174"},{"taxonomy":"product_tag","embeddable":true,"href":"https:\/\/roveyayinevi.com.tr\/index.php\/wp-json\/wp\/v2\/product_tag?post=751174"}],"curies":[{"name":"wp","href":"https:\/\/api.w.org\/{rel}","templated":true}]}}