{"id":751173,"date":"2025-08-28T04:41:32","date_gmt":"2025-08-28T01:41:32","guid":{"rendered":"https:\/\/roveyayinevi.com.tr\/index.php\/urun\/cocuklar-icin-satranc-2\/"},"modified":"2026-04-16T03:04:40","modified_gmt":"2026-04-16T00:04:40","slug":"cocuklar-icin-satranc-2","status":"publish","type":"product","link":"https:\/\/roveyayinevi.com.tr\/index.php\/urun\/cocuklar-icin-satranc-2\/","title":{"rendered":"\u00c7ocuklar \u0130\u00e7in Satran\u00e7"},"content":{"rendered":"<p>Merhaba \u00e7ocuklar, de\u011ferli veliler ve sevgili \u00f6\u011fretmenler. Bu kitap, \u00e7ocuklar\u0131n satranc\u0131 \u00f6\u011frenebilmesi i\u00e7in ne\u015feli, \u015fakal\u0131 ve onlara uygun bir dil kullan\u0131larak haz\u0131rland\u0131. Satran\u00e7; \u00e7ocuklara sorun \u00e7\u00f6zmeyi, olaylara farkl\u0131 bir a\u00e7\u0131dan bakmay\u0131 \u00f6\u011fretir. Oyunu oynad\u0131k\u00e7a kritik etme ve analitik d\u00fc\u015f\u00fcnme yetene\u011fi kazanan \u00e7ocuklar, neden sonu\u00e7 ili\u015fkilerini daha iyi kavrar. Satran\u00e7, \u00e7ocuklara tek tek ya da ard\u0131\u015f\u0131k bir\u00e7ok olay\u0131 de\u011ferlendirmeyi \u00f6\u011fretir. \u201cOlacaklar bana faydal\u0131 m\u0131 olur yoksa zarar m\u0131 verir?\u201d sorusunu cevaplar. Ani tepkiler vermek yerine durumu analiz ederek bir davran\u0131\u015fta bulunmay\u0131 g\u00f6sterir. \u00c7ocuklar satran\u00e7 ile uzun vadeli hedeflere odaklanmay\u0131 \u00f6\u011frenir. Farkl\u0131 geli\u015fmeler kar\u015f\u0131s\u0131nda planlar\u0131n\u0131 g\u00f6zden ge\u00e7irerek gereken de\u011fi\u015fiklikleri yapmay\u0131 g\u00f6sterir. \u00c7ocuklar, hepinizin \u00e7ok iyi birer satran\u00e7 oyuncusu olaca\u011f\u0131n\u0131z\u0131 biliyor ve size g\u00fcveniyoruz. <\/p>\n","protected":false},"excerpt":{"rendered":"<p>Merhaba \u00e7ocuklar, de\u011ferli veliler ve sevgili \u00f6\u011fretmenler. Bu kitap, \u00e7ocuklar\u0131n satranc\u0131 \u00f6\u011frenebilmesi i\u00e7in ne\u015feli, \u015fakal\u0131 ve onlara uygun bir dil kullan\u0131larak haz\u0131rland\u0131. Satran\u00e7; \u00e7ocuklara sorun \u00e7\u00f6zmeyi,<span class=\"excerpt-hellip\"> [\u2026]<\/span><\/p>\n","protected":false},"featured_media":0,"template":"","meta":{"_monsterinsights_skip_tracking":false,"_monsterinsights_sitenote_active":false,"_monsterinsights_sitenote_note":"","_monsterinsights_sitenote_category":0},"product_brand":[],"product_cat":[12274,15842],"product_tag":[],"class_list":{"0":"post-751173","1":"product","2":"type-product","3":"status-publish","5":"product_cat-cocuk-ve-genclik-kitaplari","6":"product_cat-egitici-kitaplar","7":"pa_cilt-ciltsiz","8":"pa_tur-kitap","9":"pa_yayinevi-cocuk-gelisimi-yayinlari","10":"pa_yazar-serhat-filiz","12":"first","13":"instock","14":"sale","15":"shipping-taxable","16":"purchasable","17":"product-type-simple"},"_links":{"self":[{"href":"https:\/\/roveyayinevi.com.tr\/index.php\/wp-json\/wp\/v2\/product\/751173","targetHints":{"allow":["GET"]}}],"collection":[{"href":"https:\/\/roveyayinevi.com.tr\/index.php\/wp-json\/wp\/v2\/product"}],"about":[{"href":"https:\/\/roveyayinevi.com.tr\/index.php\/wp-json\/wp\/v2\/types\/product"}],"wp:attachment":[{"href":"https:\/\/roveyayinevi.com.tr\/index.php\/wp-json\/wp\/v2\/media?parent=751173"}],"wp:term":[{"taxonomy":"product_brand","embeddable":true,"href":"https:\/\/roveyayinevi.com.tr\/index.php\/wp-json\/wp\/v2\/product_brand?post=751173"},{"taxonomy":"product_cat","embeddable":true,"href":"https:\/\/roveyayinevi.com.tr\/index.php\/wp-json\/wp\/v2\/product_cat?post=751173"},{"taxonomy":"product_tag","embeddable":true,"href":"https:\/\/roveyayinevi.com.tr\/index.php\/wp-json\/wp\/v2\/product_tag?post=751173"}],"curies":[{"name":"wp","href":"https:\/\/api.w.org\/{rel}","templated":true}]}}