{"id":751170,"date":"2025-08-28T04:41:28","date_gmt":"2025-08-28T01:41:28","guid":{"rendered":"https:\/\/roveyayinevi.com.tr\/index.php\/urun\/homo-dijital\/"},"modified":"2026-04-16T03:04:40","modified_gmt":"2026-04-16T00:04:40","slug":"homo-dijital","status":"publish","type":"product","link":"https:\/\/roveyayinevi.com.tr\/index.php\/urun\/homo-dijital\/","title":{"rendered":"Homo Dijital"},"content":{"rendered":"<p>Sigmund Freud tarih boyunca insanl\u0131\u011f\u0131n \u00fc\u00e7 b\u00fcy\u00fck hakarete u\u011frad\u0131\u011f\u0131n\u0131 s\u00f6ylemi\u015fti. Bunlardan ilki Kopernik\u2019in evrenin merkezinde g\u00fcne\u015fin oldu\u011funu ke\u015ffetmesi, ikincisi Darwin\u2019in evrim teorisi, \u00fc\u00e7\u00fcnc\u00fcs\u00fcyse Freud\u2019un kendisinin ortaya att\u0131\u011f\u0131 bilin\u00e7alt\u0131 kavram\u0131yd\u0131. \u00d6yle ki Freud \u201c\u0130nsan kendi evinde bile patron de\u011fildir\u201d diyerek insan\u0131n kibirli taht\u0131n\u0131 sarsm\u0131\u015ft\u0131.Bug\u00fcnse insanl\u0131k en b\u00fcy\u00fck ve en kapsaml\u0131 d\u00f6rd\u00fcnc\u00fc b\u00fcy\u00fck hakarete maruz kal\u0131yor, insan\u0131n bilin\u00e7d\u0131\u015f\u0131n\u0131n, gizli arzular\u0131n\u0131n, isteklerinin ve duygular\u0131n\u0131n kontrol\u00fcn\u00fc ele ge\u00e7irdi\u011fi dijital devrim yap\u0131yor bunu. Art\u0131k ak\u0131ll\u0131 telefonlar\u0131m\u0131z ve algoritmalar bizim ne istedi\u011fimizi bizden \u00e7ok daha iyi biliyor \u00fcstelik b\u00f6yle bir \u00e7a\u011fda nevrozlar\u0131n \u015fekli ve ad\u0131 da de\u011fi\u015fiyor\u2026Bu sars\u0131c\u0131 kitapta psikolog ve psikoterapist Johannes Hepp, h\u0131zla ilerleyen dijitalle\u015fme s\u00fcrecinde 21. y\u00fczy\u0131l\u0131n 21 nevrozunu tan\u0131ml\u0131yor. \u00c7evrimi\u00e7i seks ba\u011f\u0131ml\u0131l\u0131\u011f\u0131, ili\u015fki korkusu, artan ileti\u015fime ra\u011fmen yaln\u0131zl\u0131k, ahlak nevrozu, kusursuzluk pe\u015finde ko\u015fma, patolojik yalan, de\u011fer g\u00f6rme ba\u011f\u0131ml\u0131\u011f\u0131, fl\u00f6rt nevrozu, kendini s\u00f6m\u00fcrme ve deneyim doyumsuzlu\u011funa kadar bug\u00fcn\u00fcn end\u00fcstri d\u00fcnyas\u0131n\u0131n yaratt\u0131\u011f\u0131 yeni sorunlar\u0131 ortaya koyuyor.Hepp, somut ipu\u00e7lar\u0131, ki\u015fisel deneyimler ve psikoterap\u00f6tik uygulamalardan \u00f6rneklerle zihinsel dayan\u0131kl\u0131l\u0131\u011f\u0131m\u0131z\u0131 g\u00fc\u00e7lendirmeye ve bu karanl\u0131k dijital ormanda g\u00fcvenli bir \u015fekilde yolumuzu bulmaya yard\u0131mc\u0131 oluyor.<\/p>\n","protected":false},"excerpt":{"rendered":"<p>Sigmund Freud tarih boyunca insanl\u0131\u011f\u0131n \u00fc\u00e7 b\u00fcy\u00fck hakarete u\u011frad\u0131\u011f\u0131n\u0131 s\u00f6ylemi\u015fti. Bunlardan ilki Kopernik\u2019in evrenin merkezinde g\u00fcne\u015fin oldu\u011funu ke\u015ffetmesi, ikincisi Darwin\u2019in evrim teorisi, \u00fc\u00e7\u00fcnc\u00fcs\u00fcyse Freud\u2019un kendisinin ortaya<span class=\"excerpt-hellip\"> [\u2026]<\/span><\/p>\n","protected":false},"featured_media":0,"template":"","meta":{"_monsterinsights_skip_tracking":false,"_monsterinsights_sitenote_active":false,"_monsterinsights_sitenote_note":"","_monsterinsights_sitenote_category":0},"product_brand":[],"product_cat":[12357],"product_tag":[],"class_list":{"0":"post-751170","1":"product","2":"type-product","3":"status-publish","5":"product_cat-psikoloji","6":"pa_cilt-ciltsiz","7":"pa_tur-kitap","8":"pa_yayinevi-serenad-yayinevi","9":"pa_yazar-johannes-hepp","11":"first","12":"instock","13":"sale","14":"shipping-taxable","15":"purchasable","16":"product-type-simple"},"_links":{"self":[{"href":"https:\/\/roveyayinevi.com.tr\/index.php\/wp-json\/wp\/v2\/product\/751170","targetHints":{"allow":["GET"]}}],"collection":[{"href":"https:\/\/roveyayinevi.com.tr\/index.php\/wp-json\/wp\/v2\/product"}],"about":[{"href":"https:\/\/roveyayinevi.com.tr\/index.php\/wp-json\/wp\/v2\/types\/product"}],"wp:attachment":[{"href":"https:\/\/roveyayinevi.com.tr\/index.php\/wp-json\/wp\/v2\/media?parent=751170"}],"wp:term":[{"taxonomy":"product_brand","embeddable":true,"href":"https:\/\/roveyayinevi.com.tr\/index.php\/wp-json\/wp\/v2\/product_brand?post=751170"},{"taxonomy":"product_cat","embeddable":true,"href":"https:\/\/roveyayinevi.com.tr\/index.php\/wp-json\/wp\/v2\/product_cat?post=751170"},{"taxonomy":"product_tag","embeddable":true,"href":"https:\/\/roveyayinevi.com.tr\/index.php\/wp-json\/wp\/v2\/product_tag?post=751170"}],"curies":[{"name":"wp","href":"https:\/\/api.w.org\/{rel}","templated":true}]}}