{"id":751168,"date":"2025-08-28T04:41:25","date_gmt":"2025-08-28T01:41:25","guid":{"rendered":"https:\/\/roveyayinevi.com.tr\/index.php\/urun\/ciddi-masturbasyon\/"},"modified":"2026-03-12T03:12:33","modified_gmt":"2026-03-12T00:12:33","slug":"ciddi-masturbasyon","status":"publish","type":"product","link":"https:\/\/roveyayinevi.com.tr\/index.php\/urun\/ciddi-masturbasyon\/","title":{"rendered":"Ciddi Masturbasyon"},"content":{"rendered":"<p>Masal anlatmak i\u00e7in yarat\u0131lm\u0131\u015f\u0131m. b\u00fcy\u00fck ta\u015f binalar\u0131n aras\u0131na s\u0131k\u0131\u015fm\u0131\u015f insanlar\u0131n ruhlar\u0131na. dudaklar\u0131m, herhangi bir \u00e7i\u00e7e\u011fin kokusunu O \u00e7i\u00e7ekten daha iyi anlatacak donan\u0131mla yarat\u0131lm\u0131\u015ft\u0131r ger\u00e7ekten de \u00f6yle oldu\u011fu i\u00e7in de\u011fil \u00f6yle oldu\u011funu d\u00fc\u015f\u00fcnebilecek d\u00fc\u015f g\u00fcc\u00fcne sahip oldu\u011fum i\u00e7in d\u00fc\u015f g\u00fcc\u00fc, bizi bildi\u011fimizden daha bilge oldu\u011fumuzdan daha soylu hissetti\u011fimizden daha b\u00fcy\u00fck bir tanr\u0131ya \u00e7evirir ama yaln\u0131zca d\u00fc\u015f g\u00fcc\u00fc sadece de, hayal g\u00fcc\u00fc ile beslenir insan\u0131n ruhu \u00dcst\u00fcn insan, hayalleriyle tanr\u0131d\u0131r. <\/p>\n","protected":false},"excerpt":{"rendered":"<p>Masal anlatmak i\u00e7in yarat\u0131lm\u0131\u015f\u0131m. b\u00fcy\u00fck ta\u015f binalar\u0131n aras\u0131na s\u0131k\u0131\u015fm\u0131\u015f insanlar\u0131n ruhlar\u0131na. dudaklar\u0131m, herhangi bir \u00e7i\u00e7e\u011fin kokusunu O \u00e7i\u00e7ekten daha iyi anlatacak donan\u0131mla yarat\u0131lm\u0131\u015ft\u0131r ger\u00e7ekten de \u00f6yle<span class=\"excerpt-hellip\"> [\u2026]<\/span><\/p>\n","protected":false},"featured_media":0,"template":"","meta":{"_monsterinsights_skip_tracking":false,"_monsterinsights_sitenote_active":false,"_monsterinsights_sitenote_note":"","_monsterinsights_sitenote_category":0},"product_brand":[],"product_cat":[22741,12388],"product_tag":[],"class_list":{"0":"post-751168","1":"product","2":"type-product","3":"status-publish","5":"product_cat-estetik","6":"product_cat-felsefe","7":"pa_cilt-ciltsiz","8":"pa_tur-kitap","9":"pa_yayinevi-kirmizi-cati-yayinlari","10":"pa_yazar-gufran-akin","12":"first","13":"instock","14":"sale","15":"shipping-taxable","16":"purchasable","17":"product-type-simple"},"_links":{"self":[{"href":"https:\/\/roveyayinevi.com.tr\/index.php\/wp-json\/wp\/v2\/product\/751168","targetHints":{"allow":["GET"]}}],"collection":[{"href":"https:\/\/roveyayinevi.com.tr\/index.php\/wp-json\/wp\/v2\/product"}],"about":[{"href":"https:\/\/roveyayinevi.com.tr\/index.php\/wp-json\/wp\/v2\/types\/product"}],"wp:attachment":[{"href":"https:\/\/roveyayinevi.com.tr\/index.php\/wp-json\/wp\/v2\/media?parent=751168"}],"wp:term":[{"taxonomy":"product_brand","embeddable":true,"href":"https:\/\/roveyayinevi.com.tr\/index.php\/wp-json\/wp\/v2\/product_brand?post=751168"},{"taxonomy":"product_cat","embeddable":true,"href":"https:\/\/roveyayinevi.com.tr\/index.php\/wp-json\/wp\/v2\/product_cat?post=751168"},{"taxonomy":"product_tag","embeddable":true,"href":"https:\/\/roveyayinevi.com.tr\/index.php\/wp-json\/wp\/v2\/product_tag?post=751168"}],"curies":[{"name":"wp","href":"https:\/\/api.w.org\/{rel}","templated":true}]}}