{"id":751166,"date":"2025-08-28T04:41:22","date_gmt":"2025-08-28T01:41:22","guid":{"rendered":"https:\/\/roveyayinevi.com.tr\/index.php\/urun\/cumhuriyetin-ilk-sabahi\/"},"modified":"2026-04-16T03:04:40","modified_gmt":"2026-04-16T00:04:40","slug":"cumhuriyetin-ilk-sabahi","status":"publish","type":"product","link":"https:\/\/roveyayinevi.com.tr\/index.php\/urun\/cumhuriyetin-ilk-sabahi\/","title":{"rendered":"Cumhuriyet\u2019in \u0130lk Sabah\u0131"},"content":{"rendered":"<p>Du\u0308nyaya go\u0308zlerimi bir savas\u0327\u0131n ortas\u0131nda ac\u0327t\u0131m. Savas\u0327\u0131n ortas\u0131n\u0131n tam olarak neresi oldug\u0306unu bilmiyordum ama annem hep \u201cSavas\u0327\u0131n ortas\u0131nda dog\u0306urdum ben seni,\u201d derdi.  Tarih 23 Nisan 1920. B\u00fcy\u00fck Millet Meclisi binas\u0131n\u0131n \u00f6n\u00fcnde ad\u0131m atacak yer yok. Kalabal\u0131\u011f\u0131n gerisinde bir tezg\u00e2h g\u00f6ze \u00e7arp\u0131yor. \u00d6n\u00fcnde bir \u00e7ocuk, kimbilir belki bir seyyar sat\u0131c\u0131. Annesi var m\u0131, babas\u0131 sa\u011f m\u0131? Vatan yorgun, halk yoksul, umutlar yitip gitmi\u015fken bir \u00e7ocuk nas\u0131l ya\u015far hayat\u0131?  \u00c7ocuk edebiyat\u0131m\u0131z\u0131n \u00fcretken ve sevilen yazarlar\u0131ndan \u015eermin Ya\u015far, bizi \u015ferbet\u00e7i bir \u00e7ocu\u011fun g\u00f6z\u00fcnden Kurtulu\u015f Sava\u015f\u0131 y\u0131llar\u0131na g\u00f6t\u00fcr\u00fcyor. G\u00f6k\u00e7e Akg\u00fcl\u2019\u00fcn incelikli \u00e7izimleri e\u015fli\u011finde seferberli\u011fi, ulu \u00f6nderimiz Mustafa Kemal Atat\u00fcrk\u2019\u00fcn izinde yava\u015f yava\u015f ye\u015feren \u00fcmidi, toplumdaki de\u011fi\u015fimi, yoklukla ge\u00e7en g\u00fcnleri ve beklenen zaferi hep birlikte ya\u015fayaca\u011f\u0131z. T\u00fcrk tarih\u00e7ili\u011finin b\u00fcy\u00fck ismi \u0130lber Ortayl\u0131\u2019n\u0131n Milli\u0302 Mu\u0308cadele gu\u0308nlerinin tarihi yo\u0308nlerine tuttu\u011fu \u0131\u015f\u0131\u011f\u0131n ayd\u0131nl\u0131\u011f\u0131nda Cumhuriyet\u2019in ilk sabah\u0131n\u0131 beraber kar\u015f\u0131layaca\u011f\u0131z. <\/p>\n","protected":false},"excerpt":{"rendered":"<p>Du\u0308nyaya go\u0308zlerimi bir savas\u0327\u0131n ortas\u0131nda ac\u0327t\u0131m. Savas\u0327\u0131n ortas\u0131n\u0131n tam olarak neresi oldug\u0306unu bilmiyordum ama annem hep \u201cSavas\u0327\u0131n ortas\u0131nda dog\u0306urdum ben seni,\u201d derdi. Tarih 23 Nisan 1920.<span class=\"excerpt-hellip\"> [\u2026]<\/span><\/p>\n","protected":false},"featured_media":0,"template":"","meta":{"_monsterinsights_skip_tracking":false,"_monsterinsights_sitenote_active":false,"_monsterinsights_sitenote_note":"","_monsterinsights_sitenote_category":0},"product_brand":[],"product_cat":[12275,12274],"product_tag":[],"class_list":{"0":"post-751166","1":"product","2":"type-product","3":"status-publish","5":"product_cat-6-12-yas-kitaplari","6":"product_cat-cocuk-ve-genclik-kitaplari","7":"pa_cilt-ciltsiz","8":"pa_tur-kitap","9":"pa_yayinevi-kronik-kitap","10":"pa_yazar-sermin-yasar-ilber-ortayli","12":"first","13":"instock","14":"sale","15":"shipping-taxable","16":"purchasable","17":"product-type-simple"},"_links":{"self":[{"href":"https:\/\/roveyayinevi.com.tr\/index.php\/wp-json\/wp\/v2\/product\/751166","targetHints":{"allow":["GET"]}}],"collection":[{"href":"https:\/\/roveyayinevi.com.tr\/index.php\/wp-json\/wp\/v2\/product"}],"about":[{"href":"https:\/\/roveyayinevi.com.tr\/index.php\/wp-json\/wp\/v2\/types\/product"}],"wp:attachment":[{"href":"https:\/\/roveyayinevi.com.tr\/index.php\/wp-json\/wp\/v2\/media?parent=751166"}],"wp:term":[{"taxonomy":"product_brand","embeddable":true,"href":"https:\/\/roveyayinevi.com.tr\/index.php\/wp-json\/wp\/v2\/product_brand?post=751166"},{"taxonomy":"product_cat","embeddable":true,"href":"https:\/\/roveyayinevi.com.tr\/index.php\/wp-json\/wp\/v2\/product_cat?post=751166"},{"taxonomy":"product_tag","embeddable":true,"href":"https:\/\/roveyayinevi.com.tr\/index.php\/wp-json\/wp\/v2\/product_tag?post=751166"}],"curies":[{"name":"wp","href":"https:\/\/api.w.org\/{rel}","templated":true}]}}