{"id":751164,"date":"2025-08-28T04:41:19","date_gmt":"2025-08-28T01:41:19","guid":{"rendered":"https:\/\/roveyayinevi.com.tr\/index.php\/urun\/vulgar-viking-1-kurabiye-yagmacilari\/"},"modified":"2026-02-03T03:17:41","modified_gmt":"2026-02-03T00:17:41","slug":"vulgar-viking-1-kurabiye-yagmacilari","status":"publish","type":"product","link":"https:\/\/roveyayinevi.com.tr\/index.php\/urun\/vulgar-viking-1-kurabiye-yagmacilari\/","title":{"rendered":"Vulgar Viking 1 Kurabiye Ya\u011fmac\u0131lar\u0131"},"content":{"rendered":"<p>Kronik \u00c7ocuk\u2019un yeni macera serisi Vulgar Viking, Fatih Erdo\u011fan \u00e7evirisiyle okurlar\u0131yla bulu\u015fuyor!Bu 6 kitapl\u0131k seri, Odin Redbeard&#8217;\u00fcn kaleminden \u00e7\u0131kan hik\u00e2yelerle ve Sarah Horne&#8217;un harika \u00e7izimleriyle hayat buluyor. Vikinglerin ola\u011fan\u00fcst\u00fc d\u00fcnyas\u0131na ad\u0131m atarken, dostlu\u011fu, cesareti, maceray\u0131 ve e\u011flenceyi bir arada bulacaks\u0131n\u0131z.Bu kitaplar, sadece e\u011flenceli hik\u00e2yeleri ve canl\u0131 \u00e7izimleri de\u011fil, ayn\u0131 zamanda Viking k\u00fclt\u00fcr\u00fc hakk\u0131nda da bir\u00e7ok ilgin\u00e7 bilgi i\u00e7eriyor. Bu seri ile Viking gemileri, ejderhalar ve kahramanlarla dolu maceralar\u0131n yan\u0131 s\u0131ra, tarihin en muhte\u015fem karakterleriyle de tan\u0131\u015facaks\u0131n\u0131z.E\u011fer Vikingler hakk\u0131nda daha fazla \u015fey \u00f6\u011frenmek istiyorsan\u0131z, Vulgar Viking serisini mutlaka okumal\u0131s\u0131n\u0131z! Bu kitaplar, her ya\u015ftan okuyucunun keyifle okuyabilece\u011fi inan\u0131lmaz bir macera serisi. Bu \u00f6zelli\u011fiyle di\u011fer \u00e7ocuk kitaplar\u0131ndan ayr\u0131lan seri, \u00e7ocuklar\u0131n okuma al\u0131\u015fkanl\u0131klar\u0131n\u0131 g\u00fc\u00e7lendirecek ve hayal g\u00fc\u00e7lerini besleyecek.Haz\u0131r m\u0131s\u0131n\u0131z? Vikinglerin d\u00fcnyas\u0131na ad\u0131m atmak i\u00e7in Vulgar Viking serisini ke\u015ffetmeye ba\u015flay\u0131n!<\/p>\n","protected":false},"excerpt":{"rendered":"<p>Kronik \u00c7ocuk\u2019un yeni macera serisi Vulgar Viking, Fatih Erdo\u011fan \u00e7evirisiyle okurlar\u0131yla bulu\u015fuyor!Bu 6 kitapl\u0131k seri, Odin Redbeard&#8217;\u00fcn kaleminden \u00e7\u0131kan hik\u00e2yelerle ve Sarah Horne&#8217;un harika \u00e7izimleriyle hayat<span class=\"excerpt-hellip\"> [\u2026]<\/span><\/p>\n","protected":false},"featured_media":0,"template":"","meta":{"_monsterinsights_skip_tracking":false,"_monsterinsights_sitenote_active":false,"_monsterinsights_sitenote_note":"","_monsterinsights_sitenote_category":0},"product_brand":[],"product_cat":[12275,12274],"product_tag":[],"class_list":{"0":"post-751164","1":"product","2":"type-product","3":"status-publish","5":"product_cat-6-12-yas-kitaplari","6":"product_cat-cocuk-ve-genclik-kitaplari","7":"pa_cilt-ciltsiz","8":"pa_tur-kitap","9":"pa_yayinevi-kronik-kitap","10":"pa_yazar-odin-redbeard","12":"first","13":"instock","14":"sale","15":"shipping-taxable","16":"purchasable","17":"product-type-simple"},"_links":{"self":[{"href":"https:\/\/roveyayinevi.com.tr\/index.php\/wp-json\/wp\/v2\/product\/751164","targetHints":{"allow":["GET"]}}],"collection":[{"href":"https:\/\/roveyayinevi.com.tr\/index.php\/wp-json\/wp\/v2\/product"}],"about":[{"href":"https:\/\/roveyayinevi.com.tr\/index.php\/wp-json\/wp\/v2\/types\/product"}],"wp:attachment":[{"href":"https:\/\/roveyayinevi.com.tr\/index.php\/wp-json\/wp\/v2\/media?parent=751164"}],"wp:term":[{"taxonomy":"product_brand","embeddable":true,"href":"https:\/\/roveyayinevi.com.tr\/index.php\/wp-json\/wp\/v2\/product_brand?post=751164"},{"taxonomy":"product_cat","embeddable":true,"href":"https:\/\/roveyayinevi.com.tr\/index.php\/wp-json\/wp\/v2\/product_cat?post=751164"},{"taxonomy":"product_tag","embeddable":true,"href":"https:\/\/roveyayinevi.com.tr\/index.php\/wp-json\/wp\/v2\/product_tag?post=751164"}],"curies":[{"name":"wp","href":"https:\/\/api.w.org\/{rel}","templated":true}]}}