{"id":751163,"date":"2025-08-28T04:41:18","date_gmt":"2025-08-28T01:41:18","guid":{"rendered":"https:\/\/roveyayinevi.com.tr\/index.php\/urun\/dakikalar-icinde-ikinci-dunya-savasi\/"},"modified":"2026-04-16T03:04:40","modified_gmt":"2026-04-16T00:04:40","slug":"dakikalar-icinde-ikinci-dunya-savasi","status":"publish","type":"product","link":"https:\/\/roveyayinevi.com.tr\/index.php\/urun\/dakikalar-icinde-ikinci-dunya-savasi\/","title":{"rendered":"Dakikalar \u0130\u00e7inde \u0130kinci D\u00fcnya Sava\u015f\u0131"},"content":{"rendered":"<p>T\u00dcM Y\u00d6NLER\u0130YLE \u0130K\u0130NC\u0130 D\u00dcNYA SAVA\u015eI \u0130kinci D\u00fcnya Sava\u015f\u0131&#8217;n\u0131n t\u00fcm y\u00f6nleri, sava\u015f\u0131n nedenleri ve sonras\u0131, Hitler&#8217;in y\u00fckseli\u015fi, Dunkirk tahliyesi, Britanya Muharebesi, Pearl Harbor, Midway ve Iwo Jima, Leningrad ku\u015fatmalar\u0131 ve Stalingrad, Hiro\u015fima ve Nagazaki&#8217;nin bombalanmas\u0131, D-Day ve Berlin&#8217;in d\u00fc\u015f\u00fc\u015f\u00fc, sava\u015fa y\u00f6n veren liderler; silahlar\u0131n geli\u015fimi ve teknoloji; sava\u015f\u0131n sivil ya\u015fama etkisi ve vah\u015feti; d\u00f6n\u00fcm noktalar\u0131, teslimiyetler, sava\u015f\u0131n tarih boyunca yank\u0131lar\u0131 ve \u00e7ok daha fazlas\u0131 Dakikalar \u0130\u00e7inde \u0130kinci D\u00fcnya Sava\u015f\u0131\u2019nda. Versay Antla\u015fmas\u0131, \u0130spanyol \u0130\u00e7 Sava\u015f\u0131, Mussolini ve Fa\u015fizmin y\u00fckseli\u015fi, Adolf Hitler, Winston Churchill, FDR ve Joseph Stalin, \u00c7in-Japon Sava\u015f\u0131; Blitz, denizalt\u0131 sava\u015f\u0131 ve enigma, \u00e7\u00f6l sava\u015f\u0131, Barbarossa Harek\u00e2t\u0131, Moskova Sava\u015f\u0131, direni\u015f ve i\u015fbirli\u011fi, Mercan Denizi ve Guadalcanal, Dambusters, Dresden&#8217;in bombalanmas\u0131, Alamein; Kursk, Montgomery, Jukov, Rommel ve Eisenhower, Paris&#8217;in kurtulu\u015fu, Bulge Muharebesi, Yalta Konferans\u0131, Berlin s\u0131\u011f\u0131na\u011f\u0131, Okinawa Sava\u015f\u0131, kamikazeler, atom bombas\u0131, sava\u015f\u0131n kurbanlar\u0131, sava\u015f su\u00e7lar\u0131 davalar\u0131, So\u011fuk Sava\u015f ve \u0130kinci D\u00fcnya Sava\u015f\u0131\u2019na dair merak etti\u011finiz her \u015fey\u2026 Dakikalar \u0130\u00e7inde \u0130kinci D\u00fcnya Sava\u015f\u0131 insanl\u0131k tarihindeki en b\u00fcy\u00fck \u00e7at\u0131\u015fmay\u0131 200 \u00e7a\u011fda\u015f foto\u011fraf, resim ve harita ile anlaman\u0131n en h\u0131zl\u0131 yolu\u2026 <\/p>\n","protected":false},"excerpt":{"rendered":"<p>T\u00dcM Y\u00d6NLER\u0130YLE \u0130K\u0130NC\u0130 D\u00dcNYA SAVA\u015eI \u0130kinci D\u00fcnya Sava\u015f\u0131&#8217;n\u0131n t\u00fcm y\u00f6nleri, sava\u015f\u0131n nedenleri ve sonras\u0131, Hitler&#8217;in y\u00fckseli\u015fi, Dunkirk tahliyesi, Britanya Muharebesi, Pearl Harbor, Midway ve Iwo Jima,<span class=\"excerpt-hellip\"> [\u2026]<\/span><\/p>\n","protected":false},"featured_media":0,"template":"","meta":{"_monsterinsights_skip_tracking":false,"_monsterinsights_sitenote_active":false,"_monsterinsights_sitenote_note":"","_monsterinsights_sitenote_category":0},"product_brand":[],"product_cat":[12312,12304],"product_tag":[],"class_list":{"0":"post-751163","1":"product","2":"type-product","3":"status-publish","5":"product_cat-diger","6":"product_cat-tarih","7":"pa_cilt-ciltsiz","8":"pa_tur-kitap","9":"pa_yayinevi-kronik-kitap","10":"pa_yazar-r-g-grant","12":"first","13":"instock","14":"sale","15":"shipping-taxable","16":"purchasable","17":"product-type-simple"},"_links":{"self":[{"href":"https:\/\/roveyayinevi.com.tr\/index.php\/wp-json\/wp\/v2\/product\/751163","targetHints":{"allow":["GET"]}}],"collection":[{"href":"https:\/\/roveyayinevi.com.tr\/index.php\/wp-json\/wp\/v2\/product"}],"about":[{"href":"https:\/\/roveyayinevi.com.tr\/index.php\/wp-json\/wp\/v2\/types\/product"}],"wp:attachment":[{"href":"https:\/\/roveyayinevi.com.tr\/index.php\/wp-json\/wp\/v2\/media?parent=751163"}],"wp:term":[{"taxonomy":"product_brand","embeddable":true,"href":"https:\/\/roveyayinevi.com.tr\/index.php\/wp-json\/wp\/v2\/product_brand?post=751163"},{"taxonomy":"product_cat","embeddable":true,"href":"https:\/\/roveyayinevi.com.tr\/index.php\/wp-json\/wp\/v2\/product_cat?post=751163"},{"taxonomy":"product_tag","embeddable":true,"href":"https:\/\/roveyayinevi.com.tr\/index.php\/wp-json\/wp\/v2\/product_tag?post=751163"}],"curies":[{"name":"wp","href":"https:\/\/api.w.org\/{rel}","templated":true}]}}