{"id":751161,"date":"2025-08-28T04:41:16","date_gmt":"2025-08-28T01:41:16","guid":{"rendered":"https:\/\/roveyayinevi.com.tr\/index.php\/urun\/kisa-japonya-tarihi-2\/"},"modified":"2026-04-16T03:04:40","modified_gmt":"2026-04-16T00:04:40","slug":"kisa-japonya-tarihi-2","status":"publish","type":"product","link":"https:\/\/roveyayinevi.com.tr\/index.php\/urun\/kisa-japonya-tarihi-2\/","title":{"rendered":"K\u0131sa Japonya Tarihi"},"content":{"rendered":"<p>UZAK DO\u011eU\u2019NUN DO\u011eAN G\u00dcNE\u015e\u0130\u2026 \u201cJaponya gibi antik ve karma\u015f\u0131k bir co\u011frafyan\u0131n \u2018k\u0131sa\u2019 tarihini anlatmak hi\u00e7 de kolay de\u011fil\u2026 Neyse ki okurlar, Jonathan Clements\u2019in usta ellerindeler. Clements keskin zek\u00e2s\u0131, yerinde ara\u015ft\u0131rmalar\u0131 ve ak\u0131c\u0131 \u00fcslubuyla Japonya\u2019n\u0131n tarihini capcanl\u0131 hale getiriyor.\u201d \u2013 Frederik L. Schodt, yazar   Samuraylar\u0131n, shogunlar\u0131n ve mistik g\u00fc\u00e7lerin \u00fclkesi, Japonya\u2026   Bat\u0131ya ilk kez Marco Polo g\u00fcnl\u00fckleriyle tan\u0131t\u0131lan Japonya, korkun\u00e7 Kamikaze f\u0131rt\u0131nalar\u0131nca savunulan ve ilahi bir h\u00fck\u00fcmdarca y\u00f6netilen uzaklardaki efsanevi \u00fclkeydi. \u0130pek Yolu\u2019nun son noktas\u0131, bilinen d\u00fcnyan\u0131n en uzak ucu, Avrupal\u0131 sanat\u00e7\u0131lar i\u00e7in ger\u00e7ek bir ilham kayna\u011f\u0131 ve Uzak Do\u011fu\u2019nun gizemlerinin kal\u0131c\u0131 sembol\u00fcyd\u00fc. \u015eimdilerde ise k\u00fcresel end\u00fcstrinin g\u00fc\u00e7 merkezi, pop\u00fcler k\u00fclt\u00fcr\u00fcn ba\u011flant\u0131 noktas\u0131 ve end\u00fcstri sonras\u0131 d\u00f6nemin \u00e7\u00f6k\u00fc\u015f\u00fcn\u00fcn habercisi haline geldi.   Japonya; muas\u0131r medeniyetlerden biri olsa da antik geleneklerine ba\u011fl\u0131, ileri demokrasiye sahip olsa da bir imparator taraf\u0131ndan y\u00f6netilen ve \u00e7ok tehlikeli volkanlar\u0131n \u00fczerindeki g\u00fcvenli bir toplum olarak tam bir paradokslar \u00fclkesi. Her ne kadar ileri teknolojisi ve a\u015f\u0131r\u0131 kalabal\u0131k \u015fehirleriyle tan\u0131nsa da \u00fclkenin \u00fc\u00e7te birini \u0131ss\u0131z ormanlar ve da\u011flar olu\u015fturuyor.   Yazar Clements, Japonya\u2019n\u0131n d\u00fcn\u00fc, bug\u00fcn\u00fc ve yar\u0131n\u0131 aras\u0131ndaki ba\u011flant\u0131y\u0131 zekice ve n\u00fcktedanl\u0131kla kuruyor ve geni\u015f ama detayl\u0131 bir anlat\u0131yla bu paradokslar \u00fclkesini g\u00f6zler \u00f6n\u00fcne seriyor. Japonya\u2019n\u0131n tarih\u00f6ncesi \u00e7a\u011flar\u0131ndan Tanr\u0131 Kral\u0131na, shogunlar aras\u0131 kan davalar\u0131ndan Mo\u011fol istilas\u0131na, \u00c7in\u2019i i\u015fgalinden Pearl Harbor\u2019a ve nihayetinde modern d\u00fcnyan\u0131n beyaz yakas\u0131 haline geli\u015finden animelerin y\u00fckseli\u015fine kadar ge\u00e7en binlerce y\u0131l\u0131 kapsayan bu eserle, Japonya\u2019ya dair akl\u0131n\u0131za tak\u0131lan pek \u00e7ok soruya yan\u0131t bulacaks\u0131n\u0131z.   Jonathan Clements\u2019in, g\u00f6rsellerle desteklenen s\u00fcr\u00fckleyici anlat\u0131m\u0131yla Japon adalar\u0131ndan balta girmemi\u015f ormanlar\u0131na, Kamakura\u2019n\u0131n Budist tap\u0131naklar\u0131ndan Tokyo\u2019nun \u0131\u015f\u0131lt\u0131l\u0131 sokaklar\u0131na, Akihabara\u2019n\u0131n anime merkezinden samuraylar\u0131n \u015fehri Aizuwakamatsu\u2019ya b\u00fcy\u00fcleyici bir yolculu\u011fa \u00e7\u0131kacaks\u0131n\u0131z. K\u0131sa Japonya Tarihi, Uzak Do\u011fu ve Japonya\u2019ya ilgi duyan herkes i\u00e7in keyifli bir giri\u015f kitab\u0131. <\/p>\n","protected":false},"excerpt":{"rendered":"<p>UZAK DO\u011eU\u2019NUN DO\u011eAN G\u00dcNE\u015e\u0130\u2026 \u201cJaponya gibi antik ve karma\u015f\u0131k bir co\u011frafyan\u0131n \u2018k\u0131sa\u2019 tarihini anlatmak hi\u00e7 de kolay de\u011fil\u2026 Neyse ki okurlar, Jonathan Clements\u2019in usta ellerindeler. Clements<span class=\"excerpt-hellip\"> [\u2026]<\/span><\/p>\n","protected":false},"featured_media":0,"template":"","meta":{"_monsterinsights_skip_tracking":false,"_monsterinsights_sitenote_active":false,"_monsterinsights_sitenote_note":"","_monsterinsights_sitenote_category":0},"product_brand":[],"product_cat":[12312,12304],"product_tag":[],"class_list":{"0":"post-751161","1":"product","2":"type-product","3":"status-publish","5":"product_cat-diger","6":"product_cat-tarih","7":"pa_cilt-ciltsiz","8":"pa_tur-kitap","9":"pa_yayinevi-kronik-kitap","10":"pa_yazar-jonathan-clements","12":"first","13":"instock","14":"sale","15":"shipping-taxable","16":"purchasable","17":"product-type-simple"},"_links":{"self":[{"href":"https:\/\/roveyayinevi.com.tr\/index.php\/wp-json\/wp\/v2\/product\/751161","targetHints":{"allow":["GET"]}}],"collection":[{"href":"https:\/\/roveyayinevi.com.tr\/index.php\/wp-json\/wp\/v2\/product"}],"about":[{"href":"https:\/\/roveyayinevi.com.tr\/index.php\/wp-json\/wp\/v2\/types\/product"}],"wp:attachment":[{"href":"https:\/\/roveyayinevi.com.tr\/index.php\/wp-json\/wp\/v2\/media?parent=751161"}],"wp:term":[{"taxonomy":"product_brand","embeddable":true,"href":"https:\/\/roveyayinevi.com.tr\/index.php\/wp-json\/wp\/v2\/product_brand?post=751161"},{"taxonomy":"product_cat","embeddable":true,"href":"https:\/\/roveyayinevi.com.tr\/index.php\/wp-json\/wp\/v2\/product_cat?post=751161"},{"taxonomy":"product_tag","embeddable":true,"href":"https:\/\/roveyayinevi.com.tr\/index.php\/wp-json\/wp\/v2\/product_tag?post=751161"}],"curies":[{"name":"wp","href":"https:\/\/api.w.org\/{rel}","templated":true}]}}