{"id":751160,"date":"2025-08-28T04:41:15","date_gmt":"2025-08-28T01:41:15","guid":{"rendered":"https:\/\/roveyayinevi.com.tr\/index.php\/urun\/colde-isyan\/"},"modified":"2026-04-16T03:04:40","modified_gmt":"2026-04-16T00:04:40","slug":"colde-isyan","status":"publish","type":"product","link":"https:\/\/roveyayinevi.com.tr\/index.php\/urun\/colde-isyan\/","title":{"rendered":"\u00c7\u00f6lde \u0130syan"},"content":{"rendered":"<p>1916\u2019da Hicaz\u2019a Bir \u0130ngiliz Gelir ve Ortado\u011fu\u2019nun Seyri De\u011fi\u015fir\u2026   Thomas Edward Lawrence. Ortado\u011fu\u2019nun 20. y\u00fczy\u0131l\u0131na damga vuran isimlerden biri olan nam\u0131di\u011fer Arabistanl\u0131 Lawrence.   \u0130ngilizlerin 1916\u2019da kurduklar\u0131 Arap B\u00fcrosu\u2019na atanan ve akabinde Mezopotamya ve Arabistan\u2019da istihbarat g\u00f6revleri icra eden Lawrence, nihayetinde Arap \u0130syan\u0131 s\u0131ras\u0131nda Araplar ile \u0130ngilizler aras\u0131ndaki irtibat subay\u0131 oldu. Bu g\u00f6revlendirmenin ard\u0131ndan Ortado\u011fu bir daha asla eskisi gibi olmayacakt\u0131.   Lawrence\u2019\u0131n 1919\u2019da, d\u00fcnyay\u0131 kas\u0131p kavuran deh\u015fetengiz sava\u015f\u0131n hemen ard\u0131ndan s\u0131ca\u011f\u0131 s\u0131ca\u011f\u0131na kaleme ald\u0131\u011f\u0131 \u00c7\u00f6lde \u0130syan, bir yandan b\u00f6lgedeki hadiseleri ak\u0131c\u0131 \u015fekilde aktar\u0131rken di\u011fer yandan da \u00f6nemli akt\u00f6rlerin portrelerini \u00e7iziyor ve tarihseverlere canl\u0131 bir okuma deneyimi sunuyor.   S\u00f6nmek \u00fczere olan isyan ate\u015fini nas\u0131l harlad\u0131?   \u015eerif H\u00fcseyin\u2019in o\u011fullar\u0131yla nas\u0131l m\u00fclakatlar yapt\u0131?   Faysal\u2019\u0131n liderli\u011fini neden daha uygun buldu?   Bedevi kabileleri birle\u015fmeye nas\u0131l ikna etti?   Hicaz\u2019daki Osmanl\u0131 birliklerine sald\u0131r\u0131 stratejileri neydi?   \u0130syan s\u0131ras\u0131nda kulland\u0131klar\u0131 taktikler nelerdi?   Kud\u00fcs ve \u015eam nas\u0131l d\u00fc\u015ft\u00fc?   Lawrence, b\u00fct\u00fcn bu ve benzer sorular\u0131n cevaplar\u0131n\u0131 laf\u0131n\u0131 esirgemeden veriyor. Arap co\u011frafyas\u0131n\u0131n 4 as\u0131rl\u0131k Osmanl\u0131 idaresinden nas\u0131l \u00e7\u0131kt\u0131\u011f\u0131, ba\u015fta Cemal Pa\u015fa olmak \u00fczere \u00fcst d\u00fczey T\u00fcrk subaylar\u0131n isyan\u0131 bast\u0131rmak i\u00e7in ne gibi \u00f6nlemler almaya \u00e7al\u0131\u015ft\u0131klar\u0131 ve isyan\u0131n sonunda kurulan Arap h\u00fck\u00fcmeti ve Lawrence\u2019\u0131n bu s\u00fcre\u00e7te oynad\u0131\u011f\u0131 roller de yine okurlara sunulan konular aras\u0131nda.   \u00c7\u00f6lde \u0130syan, 20. y\u00fczy\u0131lda Ortado\u011fu\u2019da ya\u015fananlar\u0131, olaylar\u0131n merkezindeki ki\u015fiden dinleme imk\u00e2n\u0131 sunuyor. Arap \u00e7\u00f6llerinin s\u0131caklar\u0131nda kavrulurken kum f\u0131rt\u0131nalar\u0131nda nefes nefese kalaca\u011f\u0131n\u0131z bu eser, Arap co\u011frafyas\u0131n\u0131n girift ili\u015fkiler a\u011f\u0131n\u0131 g\u00f6zler \u00f6n\u00fcne sererken, Birinci D\u00fcnya Sava\u015f\u0131, Osmanl\u0131 \u0130mparatorlu\u011fu ve Arap Yar\u0131madas\u0131 \u00fc\u00e7geninde ya\u015fananlar\u0131 birinci a\u011f\u0131zdan anlat\u0131yor. \u00c7\u00f6lde \u0130syan\u2019da Osmanl\u0131 \u0130mparatorlu\u011fu\u2019nun Ortado\u011fu\u2019yu kaybedi\u015fini ad\u0131m ad\u0131m takip edeceksiniz. <\/p>\n","protected":false},"excerpt":{"rendered":"<p>1916\u2019da Hicaz\u2019a Bir \u0130ngiliz Gelir ve Ortado\u011fu\u2019nun Seyri De\u011fi\u015fir\u2026 Thomas Edward Lawrence. Ortado\u011fu\u2019nun 20. y\u00fczy\u0131l\u0131na damga vuran isimlerden biri olan nam\u0131di\u011fer Arabistanl\u0131 Lawrence. \u0130ngilizlerin 1916\u2019da kurduklar\u0131<span class=\"excerpt-hellip\"> [\u2026]<\/span><\/p>\n","protected":false},"featured_media":0,"template":"","meta":{"_monsterinsights_skip_tracking":false,"_monsterinsights_sitenote_active":false,"_monsterinsights_sitenote_note":"","_monsterinsights_sitenote_category":0},"product_brand":[],"product_cat":[12312,12304],"product_tag":[],"class_list":{"0":"post-751160","1":"product","2":"type-product","3":"status-publish","5":"product_cat-diger","6":"product_cat-tarih","7":"pa_cilt-ciltsiz","8":"pa_tur-kitap","9":"pa_yayinevi-kronik-kitap","10":"pa_yazar-t-e-lawrence","12":"first","13":"instock","14":"sale","15":"shipping-taxable","16":"purchasable","17":"product-type-simple"},"_links":{"self":[{"href":"https:\/\/roveyayinevi.com.tr\/index.php\/wp-json\/wp\/v2\/product\/751160","targetHints":{"allow":["GET"]}}],"collection":[{"href":"https:\/\/roveyayinevi.com.tr\/index.php\/wp-json\/wp\/v2\/product"}],"about":[{"href":"https:\/\/roveyayinevi.com.tr\/index.php\/wp-json\/wp\/v2\/types\/product"}],"wp:attachment":[{"href":"https:\/\/roveyayinevi.com.tr\/index.php\/wp-json\/wp\/v2\/media?parent=751160"}],"wp:term":[{"taxonomy":"product_brand","embeddable":true,"href":"https:\/\/roveyayinevi.com.tr\/index.php\/wp-json\/wp\/v2\/product_brand?post=751160"},{"taxonomy":"product_cat","embeddable":true,"href":"https:\/\/roveyayinevi.com.tr\/index.php\/wp-json\/wp\/v2\/product_cat?post=751160"},{"taxonomy":"product_tag","embeddable":true,"href":"https:\/\/roveyayinevi.com.tr\/index.php\/wp-json\/wp\/v2\/product_tag?post=751160"}],"curies":[{"name":"wp","href":"https:\/\/api.w.org\/{rel}","templated":true}]}}