{"id":751158,"date":"2025-08-28T04:41:12","date_gmt":"2025-08-28T01:41:12","guid":{"rendered":"https:\/\/roveyayinevi.com.tr\/index.php\/urun\/kopek-adam-8-mama-22\/"},"modified":"2026-04-16T03:04:40","modified_gmt":"2026-04-16T00:04:40","slug":"kopek-adam-8-mama-22","status":"publish","type":"product","link":"https:\/\/roveyayinevi.com.tr\/index.php\/urun\/kopek-adam-8-mama-22\/","title":{"rendered":"K\u00f6pek Adam &#8211; 8 -Mama &#8211; 22"},"content":{"rendered":"<p>SON ZAMANLARIN EN \u00c7OK SATANK\u00d6PEK ADAM SER\u0130S\u0130N\u0130N HEYECANLA BEKLENENSEK\u0130Z\u0130NC\u0130 K\u0130TABI!Petey hapisten \u00e7\u0131kar ve yepyeni bir hayata ba\u015flar. Petey yeni hayat\u0131nda kendiyle ilgili aray\u0131\u015flar\u0131na devam ederken, K\u00fc\u00e7\u00fck Petey&#8217; de iyili\u011fi bulma \u00e7abas\u0131 i\u00e7indedir.Bakal\u0131m bu sefer Petey ve K\u00f6pek Adam bir s\u00fcreli\u011fine olsun kedi k\u00f6pek gibi didi\u015fmeyi b\u0131rakabilecekler mi?\u0130kili patilerini birle\u015ftirip bir tak\u0131m olarak \u00e7al\u0131\u015fabilecekler mi?\u015eimdi birbirlerine her zamankinden daha \u00e7ok ihtiya\u00e7lar\u0131 var! K\u00fc\u00e7\u00fck Petey (ve d\u00fcnya) onlara g\u00fcveniyor!Dav Pilkey K\u00f6pek Adam Serisi&#8217;nin her kitab\u0131nda her ya\u015ftan okuyucuya hitap etmesinin yan\u0131 s\u0131ra empati, nezaket, sab\u0131r ve iyilik yapmak gibi evrensel temalar\u0131 da i\u015fliyor.<\/p>\n","protected":false},"excerpt":{"rendered":"<p>SON ZAMANLARIN EN \u00c7OK SATANK\u00d6PEK ADAM SER\u0130S\u0130N\u0130N HEYECANLA BEKLENENSEK\u0130Z\u0130NC\u0130 K\u0130TABI!Petey hapisten \u00e7\u0131kar ve yepyeni bir hayata ba\u015flar. Petey yeni hayat\u0131nda kendiyle ilgili aray\u0131\u015flar\u0131na devam ederken, K\u00fc\u00e7\u00fck<span class=\"excerpt-hellip\"> [\u2026]<\/span><\/p>\n","protected":false},"featured_media":0,"template":"","meta":{"_monsterinsights_skip_tracking":false,"_monsterinsights_sitenote_active":false,"_monsterinsights_sitenote_note":"","_monsterinsights_sitenote_category":0},"product_brand":[],"product_cat":[12689,12274],"product_tag":[],"class_list":{"0":"post-751158","1":"product","2":"type-product","3":"status-publish","5":"product_cat-cizgi-roman-cocuk-ve-genclik-kitaplari","6":"product_cat-cocuk-ve-genclik-kitaplari","7":"pa_cilt-ciltsiz","8":"pa_tur-kitap","9":"pa_yayinevi-altin-kitaplar","10":"pa_yazar-dav-pilkey","12":"first","13":"instock","14":"sale","15":"shipping-taxable","16":"purchasable","17":"product-type-simple"},"_links":{"self":[{"href":"https:\/\/roveyayinevi.com.tr\/index.php\/wp-json\/wp\/v2\/product\/751158","targetHints":{"allow":["GET"]}}],"collection":[{"href":"https:\/\/roveyayinevi.com.tr\/index.php\/wp-json\/wp\/v2\/product"}],"about":[{"href":"https:\/\/roveyayinevi.com.tr\/index.php\/wp-json\/wp\/v2\/types\/product"}],"wp:attachment":[{"href":"https:\/\/roveyayinevi.com.tr\/index.php\/wp-json\/wp\/v2\/media?parent=751158"}],"wp:term":[{"taxonomy":"product_brand","embeddable":true,"href":"https:\/\/roveyayinevi.com.tr\/index.php\/wp-json\/wp\/v2\/product_brand?post=751158"},{"taxonomy":"product_cat","embeddable":true,"href":"https:\/\/roveyayinevi.com.tr\/index.php\/wp-json\/wp\/v2\/product_cat?post=751158"},{"taxonomy":"product_tag","embeddable":true,"href":"https:\/\/roveyayinevi.com.tr\/index.php\/wp-json\/wp\/v2\/product_tag?post=751158"}],"curies":[{"name":"wp","href":"https:\/\/api.w.org\/{rel}","templated":true}]}}