{"id":751157,"date":"2025-08-28T04:41:10","date_gmt":"2025-08-28T01:41:10","guid":{"rendered":"https:\/\/roveyayinevi.com.tr\/index.php\/urun\/bokashi\/"},"modified":"2026-04-05T03:07:30","modified_gmt":"2026-04-05T00:07:30","slug":"bokashi","status":"publish","type":"product","link":"https:\/\/roveyayinevi.com.tr\/index.php\/urun\/bokashi\/","title":{"rendered":"Bokashi"},"content":{"rendered":"<p>\u201cBOKAAAASH\u0130!\u201d \u201cPeki, ne demekmi\u015f Bokashi?\u201d diye sordu Eda. \u201cAra\u015ft\u0131rd\u0131\u011f\u0131ma g\u00f6re Bokashi\u2019nin kelime anlam\u0131 yava\u015f\u00e7a kaybolmakm\u0131\u015f. Yani organik at\u0131klar\u0131m\u0131z\u0131n yava\u015f yava\u015f g\u00f6zden kaybolmas\u0131 gibi. Asl\u0131nda kaybolmuyor tabii ki, d\u00f6n\u00fc\u015f\u00fcyor. Normalde mutfak at\u0131klar\u0131m\u0131z\u0131 \u00e7\u00f6p kutusunda bekletsek \u00e7\u00fcr\u00fcyebilirdi fakat lactobasil serum ve tala\u015f kepe\u011fi sayesinde, kovada k\u00f6t\u00fc bakteri yerine iyi bakteri \u00fcr\u00fcyor ve at\u0131klar\u0131m\u0131z, bir \u00e7e\u015fit tur\u015fuya d\u00f6n\u00fc\u015f\u00fcyor.\u201d     S\u00fcrd\u00fcr\u00fclebilir Tar\u0131m ve Permak\u00fclt\u00fcr alan\u0131nda e\u011fitimler alm\u0131\u015f olan \u00c7ocuk Geli\u015fim Uzman\u0131 \u00d6zlem Akar Y\u0131ld\u0131r\u0131m, organik at\u0131klar\u0131n d\u00f6n\u00fc\u015ft\u00fcr\u00fclmesi sistemlerinden biri olan BOKASH\u0130\u2019yi sevgi dolu bir hik\u00e2ye ile \u00e7ocuklara anlat\u0131rken, kolay uygulanabilir ve basit \u00e7\u00f6z\u00fcmler ile sadece \u00e7ocuklar\u0131 de\u011fil, ebeveynleri de Permak\u00fclt\u00fcr alan\u0131nda bilin\u00e7lendirmeye davet ediyor.<\/p>\n","protected":false},"excerpt":{"rendered":"<p>\u201cBOKAAAASH\u0130!\u201d \u201cPeki, ne demekmi\u015f Bokashi?\u201d diye sordu Eda. \u201cAra\u015ft\u0131rd\u0131\u011f\u0131ma g\u00f6re Bokashi\u2019nin kelime anlam\u0131 yava\u015f\u00e7a kaybolmakm\u0131\u015f. Yani organik at\u0131klar\u0131m\u0131z\u0131n yava\u015f yava\u015f g\u00f6zden kaybolmas\u0131 gibi. Asl\u0131nda kaybolmuyor tabii<span class=\"excerpt-hellip\"> [\u2026]<\/span><\/p>\n","protected":false},"featured_media":0,"template":"","meta":{"_monsterinsights_skip_tracking":false,"_monsterinsights_sitenote_active":false,"_monsterinsights_sitenote_note":"","_monsterinsights_sitenote_category":0},"product_brand":[],"product_cat":[12274,12284],"product_tag":[],"class_list":{"0":"post-751157","1":"product","2":"type-product","3":"status-publish","5":"product_cat-cocuk-ve-genclik-kitaplari","6":"product_cat-hikayeler","7":"pa_cilt-ciltsiz","8":"pa_tur-kitap","9":"pa_yayinevi-luna-cocuk-yayinlari","10":"pa_yazar-ozlem-akar-yildirim","12":"first","13":"instock","14":"sale","15":"shipping-taxable","16":"purchasable","17":"product-type-simple"},"_links":{"self":[{"href":"https:\/\/roveyayinevi.com.tr\/index.php\/wp-json\/wp\/v2\/product\/751157","targetHints":{"allow":["GET"]}}],"collection":[{"href":"https:\/\/roveyayinevi.com.tr\/index.php\/wp-json\/wp\/v2\/product"}],"about":[{"href":"https:\/\/roveyayinevi.com.tr\/index.php\/wp-json\/wp\/v2\/types\/product"}],"wp:attachment":[{"href":"https:\/\/roveyayinevi.com.tr\/index.php\/wp-json\/wp\/v2\/media?parent=751157"}],"wp:term":[{"taxonomy":"product_brand","embeddable":true,"href":"https:\/\/roveyayinevi.com.tr\/index.php\/wp-json\/wp\/v2\/product_brand?post=751157"},{"taxonomy":"product_cat","embeddable":true,"href":"https:\/\/roveyayinevi.com.tr\/index.php\/wp-json\/wp\/v2\/product_cat?post=751157"},{"taxonomy":"product_tag","embeddable":true,"href":"https:\/\/roveyayinevi.com.tr\/index.php\/wp-json\/wp\/v2\/product_tag?post=751157"}],"curies":[{"name":"wp","href":"https:\/\/api.w.org\/{rel}","templated":true}]}}