{"id":751156,"date":"2025-08-28T04:41:09","date_gmt":"2025-08-28T01:41:09","guid":{"rendered":"https:\/\/roveyayinevi.com.tr\/index.php\/urun\/domatesler-nereye-kayboldu\/"},"modified":"2026-04-16T03:04:40","modified_gmt":"2026-04-16T00:04:40","slug":"domatesler-nereye-kayboldu","status":"publish","type":"product","link":"https:\/\/roveyayinevi.com.tr\/index.php\/urun\/domatesler-nereye-kayboldu\/","title":{"rendered":"Domatesler Nereye Kayboldu?"},"content":{"rendered":"<p>\u201cSan\u0131r\u0131m seni anlamaya ba\u015flad\u0131m anne. Mart ay\u0131nda tohumlar\u0131 ekmi\u015ftik. May\u0131s ay\u0131nda \u00e7\u0131kan fideleri aktarm\u0131\u015ft\u0131k, yani \u015fa\u015f\u0131rtm\u0131\u015ft\u0131k,\u201d diye k\u0131k\u0131rdad\u0131 Eda. \u201cAferin, unutmam\u0131\u015fs\u0131n \u015fa\u015f\u0131rtmay\u0131.\u201d \u201cUnutmam ne m\u00fcmk\u00fcn anneci\u011fim \u015fa\u015fk\u0131n fideleri,\u201d diyerek g\u00fcl\u00fcmsedi Eda.     S\u00fcrd\u00fcr\u00fclebilir Tar\u0131m ve Permak\u00fclt\u00fcr alan\u0131nda e\u011fitimler alm\u0131\u015f olan \u00c7ocuk Geli\u015fim Uzman\u0131 \u00d6zlem Akar Y\u0131ld\u0131r\u0131m, bir g\u00fcn bostandan kayboluveren domateslerin nereye gitti\u011fini anlatt\u0131\u011f\u0131 bu sevgi dolu hik\u00e2yede, kendi tohumlar\u0131m\u0131z\u0131 \u00fcretebilmenin yolunu anlat\u0131rken, bu alanda sadece \u00e7ocuklara de\u011fil ebeveynlere de ilham oluyor.<\/p>\n","protected":false},"excerpt":{"rendered":"<p>\u201cSan\u0131r\u0131m seni anlamaya ba\u015flad\u0131m anne. Mart ay\u0131nda tohumlar\u0131 ekmi\u015ftik. May\u0131s ay\u0131nda \u00e7\u0131kan fideleri aktarm\u0131\u015ft\u0131k, yani \u015fa\u015f\u0131rtm\u0131\u015ft\u0131k,\u201d diye k\u0131k\u0131rdad\u0131 Eda. \u201cAferin, unutmam\u0131\u015fs\u0131n \u015fa\u015f\u0131rtmay\u0131.\u201d \u201cUnutmam ne m\u00fcmk\u00fcn anneci\u011fim<span class=\"excerpt-hellip\"> [\u2026]<\/span><\/p>\n","protected":false},"featured_media":0,"template":"","meta":{"_monsterinsights_skip_tracking":false,"_monsterinsights_sitenote_active":false,"_monsterinsights_sitenote_note":"","_monsterinsights_sitenote_category":0},"product_brand":[],"product_cat":[12274,12631],"product_tag":[],"class_list":{"0":"post-751156","1":"product","2":"type-product","3":"status-publish","5":"product_cat-cocuk-ve-genclik-kitaplari","6":"product_cat-diger-cocuk-ve-genclik-kitaplari","7":"pa_cilt-ciltsiz","8":"pa_tur-kitap","9":"pa_yayinevi-luna-cocuk-yayinlari","10":"pa_yazar-ozlem-akar-yildirim","12":"first","13":"instock","14":"sale","15":"shipping-taxable","16":"purchasable","17":"product-type-simple"},"_links":{"self":[{"href":"https:\/\/roveyayinevi.com.tr\/index.php\/wp-json\/wp\/v2\/product\/751156","targetHints":{"allow":["GET"]}}],"collection":[{"href":"https:\/\/roveyayinevi.com.tr\/index.php\/wp-json\/wp\/v2\/product"}],"about":[{"href":"https:\/\/roveyayinevi.com.tr\/index.php\/wp-json\/wp\/v2\/types\/product"}],"wp:attachment":[{"href":"https:\/\/roveyayinevi.com.tr\/index.php\/wp-json\/wp\/v2\/media?parent=751156"}],"wp:term":[{"taxonomy":"product_brand","embeddable":true,"href":"https:\/\/roveyayinevi.com.tr\/index.php\/wp-json\/wp\/v2\/product_brand?post=751156"},{"taxonomy":"product_cat","embeddable":true,"href":"https:\/\/roveyayinevi.com.tr\/index.php\/wp-json\/wp\/v2\/product_cat?post=751156"},{"taxonomy":"product_tag","embeddable":true,"href":"https:\/\/roveyayinevi.com.tr\/index.php\/wp-json\/wp\/v2\/product_tag?post=751156"}],"curies":[{"name":"wp","href":"https:\/\/api.w.org\/{rel}","templated":true}]}}