{"id":751155,"date":"2025-08-28T04:41:07","date_gmt":"2025-08-28T01:41:07","guid":{"rendered":"https:\/\/roveyayinevi.com.tr\/index.php\/urun\/dunyanin-en-paha-bicilmez-dilegi-maya\/"},"modified":"2026-04-16T03:04:40","modified_gmt":"2026-04-16T00:04:40","slug":"dunyanin-en-paha-bicilmez-dilegi-maya","status":"publish","type":"product","link":"https:\/\/roveyayinevi.com.tr\/index.php\/urun\/dunyanin-en-paha-bicilmez-dilegi-maya\/","title":{"rendered":"D\u00fcnyan\u0131n En Paha Bi\u00e7ilmez Dile\u011fi: Maya"},"content":{"rendered":"<p>Maya, Sat\u0131n al\u0131namayacak ve paha bi\u00e7ilemeyecek bir dilekti! Her canl\u0131 gibi de\u011ferliydi! Luna, onu sab\u0131rla bekledi. Ve bir g\u00fcn dile\u011fi ger\u00e7ek oldu. Sadece Luna m\u0131 Maya\u2019y\u0131 sahiplenmi\u015fti? Yoksa birbirlerini mi sahiplenmi\u015flerdi?   Maya, Era un deseo que no se pod\u00eda comprar y iun deseo que no ten\u00eda precio! iEra muy valioso, como todo ser vivo! Luna la esper\u00f3 pacientemente. Y un d\u00eda su deseo se hizo realidad. \u00bfSolo Luna adopto a Maya? \u00bfO se adoptaron la una a la otra?<\/p>\n","protected":false},"excerpt":{"rendered":"<p>Maya, Sat\u0131n al\u0131namayacak ve paha bi\u00e7ilemeyecek bir dilekti! Her canl\u0131 gibi de\u011ferliydi! Luna, onu sab\u0131rla bekledi. Ve bir g\u00fcn dile\u011fi ger\u00e7ek oldu. Sadece Luna m\u0131 Maya\u2019y\u0131<span class=\"excerpt-hellip\"> [\u2026]<\/span><\/p>\n","protected":false},"featured_media":0,"template":"","meta":{"_monsterinsights_skip_tracking":false,"_monsterinsights_sitenote_active":false,"_monsterinsights_sitenote_note":"","_monsterinsights_sitenote_category":0},"product_brand":[],"product_cat":[12274,12284],"product_tag":[],"class_list":{"0":"post-751155","1":"product","2":"type-product","3":"status-publish","5":"product_cat-cocuk-ve-genclik-kitaplari","6":"product_cat-hikayeler","7":"pa_cilt-ciltsiz","8":"pa_tur-kitap","9":"pa_yayinevi-luna-cocuk-yayinlari","10":"pa_yazar-luna-de-torres-g","12":"first","13":"instock","14":"sale","15":"shipping-taxable","16":"purchasable","17":"product-type-simple"},"_links":{"self":[{"href":"https:\/\/roveyayinevi.com.tr\/index.php\/wp-json\/wp\/v2\/product\/751155","targetHints":{"allow":["GET"]}}],"collection":[{"href":"https:\/\/roveyayinevi.com.tr\/index.php\/wp-json\/wp\/v2\/product"}],"about":[{"href":"https:\/\/roveyayinevi.com.tr\/index.php\/wp-json\/wp\/v2\/types\/product"}],"wp:attachment":[{"href":"https:\/\/roveyayinevi.com.tr\/index.php\/wp-json\/wp\/v2\/media?parent=751155"}],"wp:term":[{"taxonomy":"product_brand","embeddable":true,"href":"https:\/\/roveyayinevi.com.tr\/index.php\/wp-json\/wp\/v2\/product_brand?post=751155"},{"taxonomy":"product_cat","embeddable":true,"href":"https:\/\/roveyayinevi.com.tr\/index.php\/wp-json\/wp\/v2\/product_cat?post=751155"},{"taxonomy":"product_tag","embeddable":true,"href":"https:\/\/roveyayinevi.com.tr\/index.php\/wp-json\/wp\/v2\/product_tag?post=751155"}],"curies":[{"name":"wp","href":"https:\/\/api.w.org\/{rel}","templated":true}]}}