{"id":751154,"date":"2025-08-28T04:41:06","date_gmt":"2025-08-28T01:41:06","guid":{"rendered":"https:\/\/roveyayinevi.com.tr\/index.php\/urun\/su-belekoma-kalesinin-dili-olsa-da-konussa-sivama-cilt\/"},"modified":"2026-04-16T03:04:40","modified_gmt":"2026-04-16T00:04:40","slug":"su-belekoma-kalesinin-dili-olsa-da-konussa-sivama-cilt","status":"publish","type":"product","link":"https:\/\/roveyayinevi.com.tr\/index.php\/urun\/su-belekoma-kalesinin-dili-olsa-da-konussa-sivama-cilt\/","title":{"rendered":"\u015eu Belekoma Kalesi&#8217;nin Dili Olsa da Konu\u015fsa (S\u0131vama Cilt)"},"content":{"rendered":"<p>Bora, Bilecik\u2019te ya\u015fayan merak dolu bir \u00e7ocuk. Ya\u015fad\u0131\u011f\u0131 \u015fehrin tarihini \u00f6\u011frenmek isterken, bamba\u015fka bir maceraya \u00e7\u0131k\u0131yor. Bilecik ile ilgili \u00f6nemli mek\u00e2nlar\u0131 gezmek ve \u00f6\u011frenmekten ibaret kalm\u0131yor bu yolculuk. Ge\u00e7mi\u015fin tozlu raflar\u0131nda ilerlerken, sadece \u00e7ocuklar\u0131 de\u011fil, hepimizi, bug\u00fcn bizi biz yapan de\u011ferler \u00fczerine d\u00fc\u015f\u00fcnd\u00fcrmeye davet ediyor. *** Bilecik tarihi hakk\u0131nda olmakla kalmay\u0131p, \u00e7ocuklar\u0131n tarih bilincine ilham verici olmas\u0131yla da heyecan verici! \u0130lknur ERGUN Yazar *** Bu kitap Osmanl\u0131\u2019n\u0131n kurulu\u015fu a\u015famas\u0131nda ve Kurtulu\u015f Sava\u015f\u0131 s\u0131ras\u0131nda \u00f6nemli bir \u015fehir olan Bilecik\u2019in tarihini, k\u00fclt\u00fcr\u00fcn\u00fc ve tarihi mek\u00e2nlar\u0131n\u0131 yak\u0131ndan tan\u0131mak isteyen herkese tavsiyemdir. Kitapta Bora\u2019n\u0131n b\u00fcy\u00fckbabas\u0131n\u0131n dedi\u011fi gibi: Benim \u015fehrim k\u00fc\u00e7\u00fck ama tarih kokan bir \u015fehirdir. Bir r\u00fcyadan do\u011fan imparatorlu\u011fun ilk ba\u015fkentidir. G\u00f6k\u00e7em Elif KARANF\u0130L Psikolojik Dan\u0131\u015fman Oyun Terapisti<\/p>\n","protected":false},"excerpt":{"rendered":"<p>Bora, Bilecik\u2019te ya\u015fayan merak dolu bir \u00e7ocuk. Ya\u015fad\u0131\u011f\u0131 \u015fehrin tarihini \u00f6\u011frenmek isterken, bamba\u015fka bir maceraya \u00e7\u0131k\u0131yor. Bilecik ile ilgili \u00f6nemli mek\u00e2nlar\u0131 gezmek ve \u00f6\u011frenmekten ibaret kalm\u0131yor<span class=\"excerpt-hellip\"> [\u2026]<\/span><\/p>\n","protected":false},"featured_media":0,"template":"","meta":{"_monsterinsights_skip_tracking":false,"_monsterinsights_sitenote_active":false,"_monsterinsights_sitenote_note":"","_monsterinsights_sitenote_category":0},"product_brand":[],"product_cat":[12274,15842],"product_tag":[],"class_list":{"0":"post-751154","1":"product","2":"type-product","3":"status-publish","5":"product_cat-cocuk-ve-genclik-kitaplari","6":"product_cat-egitici-kitaplar","7":"pa_cilt-ciltli","8":"pa_tur-kitap","9":"pa_yayinevi-luna-cocuk-yayinlari","10":"pa_yazar-dilek-karanfil-sidar","12":"first","13":"instock","14":"sale","15":"shipping-taxable","16":"purchasable","17":"product-type-simple"},"_links":{"self":[{"href":"https:\/\/roveyayinevi.com.tr\/index.php\/wp-json\/wp\/v2\/product\/751154","targetHints":{"allow":["GET"]}}],"collection":[{"href":"https:\/\/roveyayinevi.com.tr\/index.php\/wp-json\/wp\/v2\/product"}],"about":[{"href":"https:\/\/roveyayinevi.com.tr\/index.php\/wp-json\/wp\/v2\/types\/product"}],"wp:attachment":[{"href":"https:\/\/roveyayinevi.com.tr\/index.php\/wp-json\/wp\/v2\/media?parent=751154"}],"wp:term":[{"taxonomy":"product_brand","embeddable":true,"href":"https:\/\/roveyayinevi.com.tr\/index.php\/wp-json\/wp\/v2\/product_brand?post=751154"},{"taxonomy":"product_cat","embeddable":true,"href":"https:\/\/roveyayinevi.com.tr\/index.php\/wp-json\/wp\/v2\/product_cat?post=751154"},{"taxonomy":"product_tag","embeddable":true,"href":"https:\/\/roveyayinevi.com.tr\/index.php\/wp-json\/wp\/v2\/product_tag?post=751154"}],"curies":[{"name":"wp","href":"https:\/\/api.w.org\/{rel}","templated":true}]}}