{"id":751150,"date":"2025-08-28T04:41:00","date_gmt":"2025-08-28T01:41:00","guid":{"rendered":"https:\/\/roveyayinevi.com.tr\/index.php\/urun\/geometri-6\/"},"modified":"2026-04-16T03:04:40","modified_gmt":"2026-04-16T00:04:40","slug":"geometri-6","status":"publish","type":"product","link":"https:\/\/roveyayinevi.com.tr\/index.php\/urun\/geometri-6\/","title":{"rendered":"Geometri"},"content":{"rendered":"<p>1936-1937 k\u0131\u015f\u0131nda Dolmabah\u00e7e Saray\u0131\u2019nda yaz\u0131lan Geometri kitab\u0131, T\u00fcrkleri y\u00fczy\u0131llard\u0131r tak\u0131ld\u0131klar\u0131 karanl\u0131k \u00e7a\u011fdan \u00e7\u0131karmay\u0131 hedefleyen s\u00fcrecin iki \u00f6nemli unsuru olan e\u011fitim ve dil devrimlerinin kesi\u015fiminde Atat\u00fcrk\u2019\u00fcn kendi elinden \u00e7\u0131km\u0131\u015f simge bir eser. Zihnimizi a\u00e7an, geometriyi, matemati\u011fi \u201cg\u00f6rmemizi\u201d sa\u011flayan boyut, uzay, y\u00fczey, d\u00fczey, \u00e7ap, yar\u0131\u00e7ap, kesit, yay, \u00e7ember, te\u011fet, a\u00e7\u0131, a\u00e7\u0131ortay, taban, yatay, d\u00fc\u015fey, dikey, y\u00f6nde\u015f, konum, \u00fc\u00e7gen, d\u00f6rtgen, be\u015fgen, k\u00f6\u015fegen, e\u015fkenar, ikizkenar, paralelkenar, yanal, yamuk, art\u0131, eksi, \u00e7arp\u0131, b\u00f6l\u00fc, e\u015fit toplam, oran, orant\u0131, t\u00fcrev, alan, varsay\u0131, gerek\u00e7e gibi terimleri Atat\u00fcrk \u00fcretti. \u0130\u015fgal edilmi\u015f, ordular\u0131 da\u011f\u0131t\u0131lm\u0131\u015f bir \u00fclkenin Birinci D\u00fcnya Sava\u015f\u0131\u2019n\u0131 kazanan devleri yenip ba\u011f\u0131ms\u0131zl\u0131\u011f\u0131n\u0131, \u015ferefini kazanmas\u0131na liderlik etmekle kalmad\u0131, o \u00fclkeyi orta\u00e7a\u011fdan gelece\u011fe s\u0131rt\u0131nda ta\u015f\u0131makla da kalmad\u0131, bir de \u00e7ocuklar\u0131 geometriyi kendi dillerinde kolayca \u00f6\u011frenebilsin diye bir kitap yazd\u0131! Atat\u00fcrk\u2019ten habersiz bir yabanc\u0131ya bu \u00f6yk\u00fcy\u00fc bir oturu\u015fta anlat\u0131rsan\u0131z \u201cYok art\u0131k, uyduruyorsun!\u201d diyebilir, bir hayal kahraman\u0131ndan s\u00f6z etti\u011finizi sanabilir. T\u00fcrkiye o d\u00f6nemde \u00e7ok \u015fansl\u0131yd\u0131.    Dilbilimciler ve tarih\u00e7iler taraf\u0131ndan bir\u00e7ok kez incelenen ve \u00fczerine makaleler yaz\u0131lan bu eser ilk kez \u201csay\u0131salc\u0131\u201d g\u00f6z\u00fcyle bir m\u00fchendislik hocas\u0131 ve bilim yazar\u0131 taraf\u0131ndan irdeleniyor.     Cumhuriyet\u2019in y\u00fcz\u00fcnc\u00fc ya\u015f\u0131nda Geometri\u2019nin yeni bask\u0131s\u0131n\u0131 Atat\u00fcrk\u2019\u00fcn 1937\u2019de Sivas Lisesi 9-A s\u0131n\u0131f\u0131na verdi\u011fi geometri dersini izleyen \u00f6\u011frencilerden Cemil Say\u2019\u0131n o\u011flu Prof. Dr. Cem Say yay\u0131na haz\u0131rlad\u0131. Bu bask\u0131da eserin tarihsel \u00e7er\u00e7evesiyle birlikte Say\u2019\u0131n Geometri\u2019nin i\u00e7eri\u011fini 85 y\u0131ld\u0131r g\u00fcncelli\u011fini koruyan bir matematik metni olarak ele ald\u0131\u011f\u0131 bir incelemeyi de bulacaks\u0131n\u0131z.  <\/p>\n","protected":false},"excerpt":{"rendered":"<p>1936-1937 k\u0131\u015f\u0131nda Dolmabah\u00e7e Saray\u0131\u2019nda yaz\u0131lan Geometri kitab\u0131, T\u00fcrkleri y\u00fczy\u0131llard\u0131r tak\u0131ld\u0131klar\u0131 karanl\u0131k \u00e7a\u011fdan \u00e7\u0131karmay\u0131 hedefleyen s\u00fcrecin iki \u00f6nemli unsuru olan e\u011fitim ve dil devrimlerinin kesi\u015fiminde Atat\u00fcrk\u2019\u00fcn kendi<span class=\"excerpt-hellip\"> [\u2026]<\/span><\/p>\n","protected":false},"featured_media":0,"template":"","meta":{"_monsterinsights_skip_tracking":false,"_monsterinsights_sitenote_active":false,"_monsterinsights_sitenote_note":"","_monsterinsights_sitenote_category":0},"product_brand":[],"product_cat":[13005,16724],"product_tag":[],"class_list":{"0":"post-751150","1":"product","2":"type-product","3":"status-publish","5":"product_cat-bilim-muhendislik","6":"product_cat-matematik","7":"pa_cilt-ciltsiz","8":"pa_tur-kitap","9":"pa_yayinevi-dogan-kitap","10":"pa_yazar-mustafa-kemal-ataturk","12":"first","13":"instock","14":"sale","15":"shipping-taxable","16":"purchasable","17":"product-type-simple"},"_links":{"self":[{"href":"https:\/\/roveyayinevi.com.tr\/index.php\/wp-json\/wp\/v2\/product\/751150","targetHints":{"allow":["GET"]}}],"collection":[{"href":"https:\/\/roveyayinevi.com.tr\/index.php\/wp-json\/wp\/v2\/product"}],"about":[{"href":"https:\/\/roveyayinevi.com.tr\/index.php\/wp-json\/wp\/v2\/types\/product"}],"wp:attachment":[{"href":"https:\/\/roveyayinevi.com.tr\/index.php\/wp-json\/wp\/v2\/media?parent=751150"}],"wp:term":[{"taxonomy":"product_brand","embeddable":true,"href":"https:\/\/roveyayinevi.com.tr\/index.php\/wp-json\/wp\/v2\/product_brand?post=751150"},{"taxonomy":"product_cat","embeddable":true,"href":"https:\/\/roveyayinevi.com.tr\/index.php\/wp-json\/wp\/v2\/product_cat?post=751150"},{"taxonomy":"product_tag","embeddable":true,"href":"https:\/\/roveyayinevi.com.tr\/index.php\/wp-json\/wp\/v2\/product_tag?post=751150"}],"curies":[{"name":"wp","href":"https:\/\/api.w.org\/{rel}","templated":true}]}}