{"id":751149,"date":"2025-08-28T04:40:59","date_gmt":"2025-08-28T01:40:59","guid":{"rendered":"https:\/\/roveyayinevi.com.tr\/index.php\/urun\/iki-kralicenin-savasi\/"},"modified":"2026-04-16T03:04:40","modified_gmt":"2026-04-16T00:04:40","slug":"iki-kralicenin-savasi","status":"publish","type":"product","link":"https:\/\/roveyayinevi.com.tr\/index.php\/urun\/iki-kralicenin-savasi\/","title":{"rendered":"\u0130ki Krali\u00e7enin Sava\u015f\u0131"},"content":{"rendered":"<p>Usta yazar Jennifer L. Armentrout\u2019un son \u015faheseri Kan ve K\u00fcl serisinin heyecanla beklenen d\u00f6rd\u00fcnc\u00fc kitab\u0131!   Alt\u0131n ta\u00e7lar\u0131n \u00e7aresizli\u011finden ve\u2026   Casteel Da\u2019Neer Kan Krali\u00e7esi\u2019nin ne kadar kurnaz ve gaddar oldu\u011funu \u00e7ok iyi biliyor ama ortaya \u00e7\u0131kan s\u0131rlar onun bile akl\u0131na gelmeyecek kadar b\u00fcy\u00fck. \u00f6l\u00fcml\u00fc bedenden do\u011fan bir sava\u015f ba\u015flar. Poppy\u2019nin kral\u0131n\u0131 serbest b\u0131rakmas\u0131n\u0131 ve Kan Kral\u0131\u2019n\u0131n temsil etti\u011fi her \u015feyi yok etmesini hi\u00e7bir \u015fey engelleyemez. Hayat \u0130lkeli\u2019nin muhaf\u0131zlar\u0131n\u0131n g\u00fcc\u00fc ve kurtlar\u0131n deste\u011fiyle Poppy, Atlantisli generalleri ikna etmeli \u00e7\u00fcnk\u00fc her iki krall\u0131\u011f\u0131n da bar\u0131\u015f i\u00e7inde ya\u015fayabilece\u011fi bir gelecek \u00fcmidi h\u00e2l\u00e2 var. B\u00fcy\u00fck ilkel g\u00fc\u00e7\u2026   Poppy ve Casteel, de\u011fer verdiklerini ve kendilerini savunamayanlar\u0131 korumak i\u00e7in eski ve yeni gelenekleri birlikte s\u00fcrd\u00fcrmeliler. Ama sava\u015f sadece ba\u015flang\u0131\u00e7. Kadim ilkel g\u00fc\u00e7ler \u00e7oktan harekete ge\u00e7ti ve \u00e7a\u011flar \u00f6nce ba\u015flayan deh\u015feti ortaya \u00e7\u0131kard\u0131. Kan Krali\u00e7esi\u2019nin ba\u015flatt\u0131\u011f\u0131n\u0131 bitirmek i\u00e7in, Poppy\u2019nin kehanet edilene, yani en \u00e7ok korktu\u011fu \u015feye d\u00f6n\u00fc\u015fmesi gerekebilir.   \u00f6l\u00fcm\u00fcn ve y\u0131k\u0131m\u0131n habercisi olarak y\u00fckselir.     \u201cK\u0131v\u0131lc\u0131mdaki bir g\u00f6lge, alevdeki bir \u0131\u015f\u0131k tendeki ate\u015fe d\u00f6n\u00fc\u015fecek. Y\u0131ld\u0131zlar g\u00f6ky\u00fcz\u00fcnden d\u00f6k\u00fcld\u00fc\u011f\u00fcnde, b\u00fcy\u00fck da\u011flar par\u00e7alan\u0131p denizlere y\u00fcr\u00fcd\u00fc\u011f\u00fcnde ve eski kemikler tanr\u0131lar\u0131n yan\u0131nda k\u0131l\u0131\u00e7lar\u0131n\u0131 kald\u0131rd\u0131\u011f\u0131nda sahte olan\u0131n ihti\u015fam\u0131 elinden al\u0131nacak, ta ki \u00f6l\u00fcml\u00fcler diyar\u0131nda ayn\u0131 k\u00f6t\u00fcl\u00fcklerden, ayn\u0131 b\u00fcy\u00fck ve ilkel g\u00fc\u00e7ten iki ki\u015fi do\u011fana kadar.\u201d <\/p>\n","protected":false},"excerpt":{"rendered":"<p>Usta yazar Jennifer L. Armentrout\u2019un son \u015faheseri Kan ve K\u00fcl serisinin heyecanla beklenen d\u00f6rd\u00fcnc\u00fc kitab\u0131! Alt\u0131n ta\u00e7lar\u0131n \u00e7aresizli\u011finden ve\u2026 Casteel Da\u2019Neer Kan Krali\u00e7esi\u2019nin ne kadar kurnaz<span class=\"excerpt-hellip\"> [\u2026]<\/span><\/p>\n","protected":false},"featured_media":0,"template":"","meta":{"_monsterinsights_skip_tracking":false,"_monsterinsights_sitenote_active":false,"_monsterinsights_sitenote_note":"","_monsterinsights_sitenote_category":0},"product_brand":[],"product_cat":[12291,14777],"product_tag":[],"class_list":{"0":"post-751149","1":"product","2":"type-product","3":"status-publish","5":"product_cat-edebiyat","6":"product_cat-fantastik","7":"pa_cilt-ciltsiz","8":"pa_tur-kitap","9":"pa_yayinevi-dex-yayinevi","10":"pa_yazar-jennifer-l-armentrout","12":"first","13":"instock","14":"sale","15":"shipping-taxable","16":"purchasable","17":"product-type-simple"},"_links":{"self":[{"href":"https:\/\/roveyayinevi.com.tr\/index.php\/wp-json\/wp\/v2\/product\/751149","targetHints":{"allow":["GET"]}}],"collection":[{"href":"https:\/\/roveyayinevi.com.tr\/index.php\/wp-json\/wp\/v2\/product"}],"about":[{"href":"https:\/\/roveyayinevi.com.tr\/index.php\/wp-json\/wp\/v2\/types\/product"}],"wp:attachment":[{"href":"https:\/\/roveyayinevi.com.tr\/index.php\/wp-json\/wp\/v2\/media?parent=751149"}],"wp:term":[{"taxonomy":"product_brand","embeddable":true,"href":"https:\/\/roveyayinevi.com.tr\/index.php\/wp-json\/wp\/v2\/product_brand?post=751149"},{"taxonomy":"product_cat","embeddable":true,"href":"https:\/\/roveyayinevi.com.tr\/index.php\/wp-json\/wp\/v2\/product_cat?post=751149"},{"taxonomy":"product_tag","embeddable":true,"href":"https:\/\/roveyayinevi.com.tr\/index.php\/wp-json\/wp\/v2\/product_tag?post=751149"}],"curies":[{"name":"wp","href":"https:\/\/api.w.org\/{rel}","templated":true}]}}