{"id":751148,"date":"2025-08-28T04:40:58","date_gmt":"2025-08-28T01:40:58","guid":{"rendered":"https:\/\/roveyayinevi.com.tr\/index.php\/urun\/usta-bir-sifacinin-kadim-sirlari\/"},"modified":"2026-04-16T03:04:40","modified_gmt":"2026-04-16T00:04:40","slug":"usta-bir-sifacinin-kadim-sirlari","status":"publish","type":"product","link":"https:\/\/roveyayinevi.com.tr\/index.php\/urun\/usta-bir-sifacinin-kadim-sirlari\/","title":{"rendered":"Usta Bir \u015eifac\u0131n\u0131n Kadim S\u0131rlar\u0131"},"content":{"rendered":"<p>Hayat\u0131n\u0131z\u0131 De\u011fi\u015ftirecek Olan Kadim S\u0131rlar\u0131 KE\u015eFED\u0130N   Bir \u00fcniversite ara\u015ft\u0131rmac\u0131s\u0131n\u0131n ABD\u2019den \u00e7\u0131k\u0131p, Himalayalara kadar giden ve Buda\u2019n\u0131n \u00f6zel hekimi ile ba\u015flayan kadim \u015fifa silsilesindeki s\u0131rlar\u0131 ke\u015ffetme yolculu\u011funa kat\u0131l\u0131n. Himalayalardaki b\u00fcy\u00fck \u015fifac\u0131lar, binlerce y\u0131l boyunca; fiziksel rahats\u0131zl\u0131k, fizyolojik hastal\u0131k ve ruhsal problem tedavisi i\u00e7in kullan\u0131lan bu g\u00fc\u00e7l\u00fc \u015fifa bilimini incelemi\u015fler. Do\u011fal \u015fifa y\u00f6ntemlerinin en etkili olanlar\u0131, kadim belgelere kaydedilmi\u015f. \u015eimdi ise bu \u00e7\u0131\u011f\u0131r a\u00e7\u0131c\u0131, ger\u00e7ek hayat hik\u00e2yesinde, Efsanevi Usta \u015eifac\u0131 Dr. Naram, yazar\u0131n tan\u0131kl\u0131\u011f\u0131nda \u00e7e\u015fitli \u015fifa s\u0131rlar\u0131n\u0131 a\u00e7\u0131klamaktad\u0131r. Bu kitapta ke\u015ffedece\u011finiz s\u0131rlar, hayat\u0131n\u0131z\u0131 tamamen de\u011fi\u015ftirecektir.   Dr. Naram\u2019\u0131 tan\u0131r\u0131m, hayat\u0131m\u0131 kurtarm\u0131\u015ft\u0131. Bu kitap, bir\u00e7ok \u201cayd\u0131nlanm\u0131\u015f\u201d aziz ki\u015fi taraf\u0131ndan kutsanm\u0131\u015ft\u0131r ve onlar\u0131n kutsamalar\u0131ndaki g\u00fc\u00e7, siz \u00e7al\u0131\u015ft\u0131k\u00e7a size de ula\u015facakt\u0131r. Hangi dinden ya da e\u011fitimden olursan\u0131z olun, kendinizi \u015fimdi fiziksel, zihinsel, duygusal veya ruhsal olarak bulundu\u011funuz noktadan daha y\u00fckse\u011fe ta\u015f\u0131mak isterseniz bu kitap sizin i\u00e7in bir k\u0131lavuz, \u201cmuhte\u015fem yeni gelece\u011finiz\u201de a\u00e7\u0131lan gizli kap\u0131n\u0131n kilidini a\u00e7acak olan gizli bir s\u00f6z ya da sihirli anahtar olacakt\u0131r.   \u2013 Swami Omkar Das Ji Maharaj, Nirmohi Akhada silsilesinin 1008 Mahamandaleshwar Master\u2019\u0131 Bu kitap bir arma\u011fand\u0131r. Bu d\u00fcnyada sevdi\u011fim herkesin ve b\u00fct\u00fcn insanlar\u0131n okumas\u0131n\u0131 isterim. Ebedi bilgelik i\u00e7eriyor ve zamanla kan\u0131tlanm\u0131\u015f ev re\u00e7etelerinin \u0130ncil\u2019i niteli\u011finde&#8230;   \u2013 Dr. Aditi Govitrikar, Harvard mezunu doktor ve Supermodel D\u00fcnya G\u00fczeli   B\u00fct\u00fcn iyi dileklerim ve dualar\u0131m bu kitab\u0131n \u00fczerinde ve bu kitab\u0131 okuyacak olan milyonlarca ki\u015finin hayat\u0131na derin \u015fifa, mutluluk ve zihin huzuru gelecektir. \u2013 Ven. Thupten Ngodup, 14. Dalai Lama Cenaplar\u0131 <\/p>\n","protected":false},"excerpt":{"rendered":"<p>Hayat\u0131n\u0131z\u0131 De\u011fi\u015ftirecek Olan Kadim S\u0131rlar\u0131 KE\u015eFED\u0130N Bir \u00fcniversite ara\u015ft\u0131rmac\u0131s\u0131n\u0131n ABD\u2019den \u00e7\u0131k\u0131p, Himalayalara kadar giden ve Buda\u2019n\u0131n \u00f6zel hekimi ile ba\u015flayan kadim \u015fifa silsilesindeki s\u0131rlar\u0131 ke\u015ffetme yolculu\u011funa<span class=\"excerpt-hellip\"> [\u2026]<\/span><\/p>\n","protected":false},"featured_media":0,"template":"","meta":{"_monsterinsights_skip_tracking":false,"_monsterinsights_sitenote_active":false,"_monsterinsights_sitenote_note":"","_monsterinsights_sitenote_category":0},"product_brand":[],"product_cat":[12364,12376],"product_tag":[],"class_list":{"0":"post-751148","1":"product","2":"type-product","3":"status-publish","5":"product_cat-genel-konular","6":"product_cat-kisisel-gelisim","7":"pa_cilt-ciltsiz","8":"pa_tur-kitap","9":"pa_yayinevi-destek-yayinlari","10":"pa_yazar-clint-g-rogers","12":"first","13":"instock","14":"sale","15":"shipping-taxable","16":"purchasable","17":"product-type-simple"},"_links":{"self":[{"href":"https:\/\/roveyayinevi.com.tr\/index.php\/wp-json\/wp\/v2\/product\/751148","targetHints":{"allow":["GET"]}}],"collection":[{"href":"https:\/\/roveyayinevi.com.tr\/index.php\/wp-json\/wp\/v2\/product"}],"about":[{"href":"https:\/\/roveyayinevi.com.tr\/index.php\/wp-json\/wp\/v2\/types\/product"}],"wp:attachment":[{"href":"https:\/\/roveyayinevi.com.tr\/index.php\/wp-json\/wp\/v2\/media?parent=751148"}],"wp:term":[{"taxonomy":"product_brand","embeddable":true,"href":"https:\/\/roveyayinevi.com.tr\/index.php\/wp-json\/wp\/v2\/product_brand?post=751148"},{"taxonomy":"product_cat","embeddable":true,"href":"https:\/\/roveyayinevi.com.tr\/index.php\/wp-json\/wp\/v2\/product_cat?post=751148"},{"taxonomy":"product_tag","embeddable":true,"href":"https:\/\/roveyayinevi.com.tr\/index.php\/wp-json\/wp\/v2\/product_tag?post=751148"}],"curies":[{"name":"wp","href":"https:\/\/api.w.org\/{rel}","templated":true}]}}