{"id":751143,"date":"2025-08-28T04:40:50","date_gmt":"2025-08-28T01:40:50","guid":{"rendered":"https:\/\/roveyayinevi.com.tr\/index.php\/urun\/namuteber\/"},"modified":"2026-04-16T03:04:39","modified_gmt":"2026-04-16T00:04:39","slug":"namuteber","status":"publish","type":"product","link":"https:\/\/roveyayinevi.com.tr\/index.php\/urun\/namuteber\/","title":{"rendered":"Namuteber"},"content":{"rendered":"<p>\u201c\u0130\u015fte dedim \u015fimdi s\u0131r \u00c7\u00f6z\u00fcld\u00fc benim i\u00e7in \u0130lk i\u015ften at\u0131lan O k\u0131z senmi\u015fsin Sebebini sordular Sendikal\u0131 dediler Patron yazd\u0131 k\u00e2\u011f\u0131da O k\u0131z pek namuteber\u201d <\/p>\n","protected":false},"excerpt":{"rendered":"<p>\u201c\u0130\u015fte dedim \u015fimdi s\u0131r \u00c7\u00f6z\u00fcld\u00fc benim i\u00e7in \u0130lk i\u015ften at\u0131lan O k\u0131z senmi\u015fsin Sebebini sordular Sendikal\u0131 dediler Patron yazd\u0131 k\u00e2\u011f\u0131da O k\u0131z pek namuteber\u201d<\/p>\n","protected":false},"featured_media":0,"template":"","meta":{"_monsterinsights_skip_tracking":false,"_monsterinsights_sitenote_active":false,"_monsterinsights_sitenote_note":"","_monsterinsights_sitenote_category":0},"product_brand":[],"product_cat":[12291,12509],"product_tag":[],"class_list":{"0":"post-751143","1":"product","2":"type-product","3":"status-publish","5":"product_cat-edebiyat","6":"product_cat-siir","7":"pa_cilt-ciltsiz","8":"pa_tur-kitap","9":"pa_yayinevi-elpis-yayinlari","10":"pa_yazar-cagri-kavaklioglu","12":"first","13":"instock","14":"sale","15":"shipping-taxable","16":"purchasable","17":"product-type-simple"},"_links":{"self":[{"href":"https:\/\/roveyayinevi.com.tr\/index.php\/wp-json\/wp\/v2\/product\/751143","targetHints":{"allow":["GET"]}}],"collection":[{"href":"https:\/\/roveyayinevi.com.tr\/index.php\/wp-json\/wp\/v2\/product"}],"about":[{"href":"https:\/\/roveyayinevi.com.tr\/index.php\/wp-json\/wp\/v2\/types\/product"}],"wp:attachment":[{"href":"https:\/\/roveyayinevi.com.tr\/index.php\/wp-json\/wp\/v2\/media?parent=751143"}],"wp:term":[{"taxonomy":"product_brand","embeddable":true,"href":"https:\/\/roveyayinevi.com.tr\/index.php\/wp-json\/wp\/v2\/product_brand?post=751143"},{"taxonomy":"product_cat","embeddable":true,"href":"https:\/\/roveyayinevi.com.tr\/index.php\/wp-json\/wp\/v2\/product_cat?post=751143"},{"taxonomy":"product_tag","embeddable":true,"href":"https:\/\/roveyayinevi.com.tr\/index.php\/wp-json\/wp\/v2\/product_tag?post=751143"}],"curies":[{"name":"wp","href":"https:\/\/api.w.org\/{rel}","templated":true}]}}