{"id":751142,"date":"2025-08-28T04:40:48","date_gmt":"2025-08-28T01:40:48","guid":{"rendered":"https:\/\/roveyayinevi.com.tr\/index.php\/urun\/labaraskuvi\/"},"modified":"2026-04-16T03:04:39","modified_gmt":"2026-04-16T00:04:39","slug":"labaraskuvi","status":"publish","type":"product","link":"https:\/\/roveyayinevi.com.tr\/index.php\/urun\/labaraskuvi\/","title":{"rendered":"Labaraskuvi"},"content":{"rendered":"<p>Lahan\u2019da insanlar yava\u015f yava\u015f \u00f6l\u00fcyorlard\u0131. Kimseye yard\u0131m edemiyordum, edilmiyordu. Gece soka\u011fa \u00e7\u0131kmak yasakt\u0131 ve \u00e7\u0131kt\u0131\u011f\u0131n an olacaklardan kimse sorumlu olmayacakt\u0131. Lahan i\u00e7in ak\u015fam yediden sonras\u0131 yoktu. Tamamen masum insanlar\u0131n \u00f6ld\u00fc\u011f\u00fc, katledildi\u011fi bir yerdi. Polisler ya da devlet, hi\u00e7bir \u015fey yapam\u0131yordu.    Abraska ad\u0131 verilen canavarlar ile m\u00fccadele etmek s\u00f6z konusu bile de\u011filken, ben onlarla bir\u00e7ok kez y\u00fcz y\u00fcze gelmi\u015f ve sa\u011f kalm\u0131\u015ft\u0131m. \u00dcstelik bir muhabirken.    Neden onlarla s\u00fcrekli kar\u015f\u0131la\u015fmama ra\u011fmen h\u00e2l\u00e2 hayattayd\u0131m? Bu benim ki\u015fisel sorunumdu. Peki ya Lahan insanlar\u0131, tam olarak onlardan ne zaman kurtulacakt\u0131?   \u0130nsanlar \u00f6lmeye devam ediyordu, \u00fcstelik son zamanlarda g\u00f6r\u00fclen vakalara kar\u015f\u0131n, Abraskalar art\u0131k sabahlar\u0131 da g\u00fcn y\u00fcz\u00fcne \u00e7\u0131kmaya ba\u015flam\u0131\u015flard\u0131.   Biz ne yapacakt\u0131k?     &#8220;Hi\u00e7bir \u015fey g\u00f6r\u00fcnd\u00fc\u011f\u00fc gibi de\u011fildir,\u201d Daniel Kooper<\/p>\n","protected":false},"excerpt":{"rendered":"<p>Lahan\u2019da insanlar yava\u015f yava\u015f \u00f6l\u00fcyorlard\u0131. Kimseye yard\u0131m edemiyordum, edilmiyordu. Gece soka\u011fa \u00e7\u0131kmak yasakt\u0131 ve \u00e7\u0131kt\u0131\u011f\u0131n an olacaklardan kimse sorumlu olmayacakt\u0131. Lahan i\u00e7in ak\u015fam yediden sonras\u0131 yoktu.<span class=\"excerpt-hellip\"> [\u2026]<\/span><\/p>\n","protected":false},"featured_media":0,"template":"","meta":{"_monsterinsights_skip_tracking":false,"_monsterinsights_sitenote_active":false,"_monsterinsights_sitenote_note":"","_monsterinsights_sitenote_category":0},"product_brand":[],"product_cat":[12291,14777],"product_tag":[],"class_list":{"0":"post-751142","1":"product","2":"type-product","3":"status-publish","5":"product_cat-edebiyat","6":"product_cat-fantastik","7":"pa_cilt-ciltsiz","8":"pa_tur-kitap","9":"pa_yayinevi-perseus","10":"pa_yazar-irem-kupeli","12":"first","13":"instock","14":"sale","15":"shipping-taxable","16":"purchasable","17":"product-type-simple"},"_links":{"self":[{"href":"https:\/\/roveyayinevi.com.tr\/index.php\/wp-json\/wp\/v2\/product\/751142","targetHints":{"allow":["GET"]}}],"collection":[{"href":"https:\/\/roveyayinevi.com.tr\/index.php\/wp-json\/wp\/v2\/product"}],"about":[{"href":"https:\/\/roveyayinevi.com.tr\/index.php\/wp-json\/wp\/v2\/types\/product"}],"wp:attachment":[{"href":"https:\/\/roveyayinevi.com.tr\/index.php\/wp-json\/wp\/v2\/media?parent=751142"}],"wp:term":[{"taxonomy":"product_brand","embeddable":true,"href":"https:\/\/roveyayinevi.com.tr\/index.php\/wp-json\/wp\/v2\/product_brand?post=751142"},{"taxonomy":"product_cat","embeddable":true,"href":"https:\/\/roveyayinevi.com.tr\/index.php\/wp-json\/wp\/v2\/product_cat?post=751142"},{"taxonomy":"product_tag","embeddable":true,"href":"https:\/\/roveyayinevi.com.tr\/index.php\/wp-json\/wp\/v2\/product_tag?post=751142"}],"curies":[{"name":"wp","href":"https:\/\/api.w.org\/{rel}","templated":true}]}}