{"id":751140,"date":"2025-08-28T04:40:44","date_gmt":"2025-08-28T01:40:44","guid":{"rendered":"https:\/\/roveyayinevi.com.tr\/index.php\/urun\/firuzeyi-sever-gibi\/"},"modified":"2026-04-16T03:04:39","modified_gmt":"2026-04-16T00:04:39","slug":"firuzeyi-sever-gibi","status":"publish","type":"product","link":"https:\/\/roveyayinevi.com.tr\/index.php\/urun\/firuzeyi-sever-gibi\/","title":{"rendered":"Firuze\u2019yi Sever Gibi"},"content":{"rendered":"<p>Hayat ser\u00fcveninde yaln\u0131z kalmaya mahk\u00fbm muyuz yoksa kendimiz mi bu sonu haz\u0131rlar\u0131z? As\u0131m sorular\u0131n\u0131n cevab\u0131n\u0131 ge\u00e7mi\u015finde ararken yaln\u0131z \u00f6lecek olma tedirginli\u011finin kendi su\u00e7u olup olmad\u0131\u011f\u0131n\u0131 \u00f6\u011frenme gayesindedir.   \u201cHayat\u0131m\u0131n en mutlu sabahlar\u0131ndan birine uyanm\u0131\u015ft\u0131m. Tarih 14 Temmuz 1981&#8230; O g\u00fcn takt\u0131\u011f\u0131m mavi kravat\u0131 nerede \u00e7\u0131kard\u0131\u011f\u0131m\u0131 bilmiyorum hala, bir daha hi\u00e7 g\u00f6rmedim. Rengini hat\u0131rl\u0131yorum, dokusu ise hala parmaklar\u0131m\u0131n ucunda. Firuze gelip yakalar\u0131m\u0131 d\u00fczeltmi\u015fti hatta. Lila elbisesinin i\u00e7inde ne kadar da g\u00fczel g\u00f6r\u00fcn\u00fcyordu. Sabaha dair t\u00fcm ayr\u0131nt\u0131lar akl\u0131mda sonras\u0131 ise derin bir bo\u015fluk gibi.\u201d<\/p>\n","protected":false},"excerpt":{"rendered":"<p>Hayat ser\u00fcveninde yaln\u0131z kalmaya mahk\u00fbm muyuz yoksa kendimiz mi bu sonu haz\u0131rlar\u0131z? As\u0131m sorular\u0131n\u0131n cevab\u0131n\u0131 ge\u00e7mi\u015finde ararken yaln\u0131z \u00f6lecek olma tedirginli\u011finin kendi su\u00e7u olup olmad\u0131\u011f\u0131n\u0131 \u00f6\u011frenme<span class=\"excerpt-hellip\"> [\u2026]<\/span><\/p>\n","protected":false},"featured_media":0,"template":"","meta":{"_monsterinsights_skip_tracking":false,"_monsterinsights_sitenote_active":false,"_monsterinsights_sitenote_note":"","_monsterinsights_sitenote_category":0},"product_brand":[],"product_cat":[12291,12711],"product_tag":[],"class_list":{"0":"post-751140","1":"product","2":"type-product","3":"status-publish","5":"product_cat-edebiyat","6":"product_cat-roman-oyku","7":"pa_cilt-ciltsiz","8":"pa_tur-kitap","9":"pa_yayinevi-elpis-yayinlari","10":"pa_yazar-aslihan-acarturk","12":"first","13":"instock","14":"sale","15":"shipping-taxable","16":"purchasable","17":"product-type-simple"},"_links":{"self":[{"href":"https:\/\/roveyayinevi.com.tr\/index.php\/wp-json\/wp\/v2\/product\/751140","targetHints":{"allow":["GET"]}}],"collection":[{"href":"https:\/\/roveyayinevi.com.tr\/index.php\/wp-json\/wp\/v2\/product"}],"about":[{"href":"https:\/\/roveyayinevi.com.tr\/index.php\/wp-json\/wp\/v2\/types\/product"}],"wp:attachment":[{"href":"https:\/\/roveyayinevi.com.tr\/index.php\/wp-json\/wp\/v2\/media?parent=751140"}],"wp:term":[{"taxonomy":"product_brand","embeddable":true,"href":"https:\/\/roveyayinevi.com.tr\/index.php\/wp-json\/wp\/v2\/product_brand?post=751140"},{"taxonomy":"product_cat","embeddable":true,"href":"https:\/\/roveyayinevi.com.tr\/index.php\/wp-json\/wp\/v2\/product_cat?post=751140"},{"taxonomy":"product_tag","embeddable":true,"href":"https:\/\/roveyayinevi.com.tr\/index.php\/wp-json\/wp\/v2\/product_tag?post=751140"}],"curies":[{"name":"wp","href":"https:\/\/api.w.org\/{rel}","templated":true}]}}