{"id":751139,"date":"2025-08-28T04:40:43","date_gmt":"2025-08-28T01:40:43","guid":{"rendered":"https:\/\/roveyayinevi.com.tr\/index.php\/urun\/firtik-kiz-yaramaz-kiz\/"},"modified":"2026-04-16T03:04:39","modified_gmt":"2026-04-16T00:04:39","slug":"firtik-kiz-yaramaz-kiz","status":"publish","type":"product","link":"https:\/\/roveyayinevi.com.tr\/index.php\/urun\/firtik-kiz-yaramaz-kiz\/","title":{"rendered":"F\u0131rt\u0131k K\u0131z (Yaramaz K\u0131z)"},"content":{"rendered":"<p>F\u0131rt\u0131k K\u0131z (Yaramaz K\u0131z) ve arkada\u015flar\u0131 ormana ni\u00e7in gittiler acaba? Onlar\u0131 ormanda ne gibi s\u00fcrprizler bekliyordu? Pekiiiiiiiii&#8230; F\u0131rt\u0131k K\u0131z ve arkada\u015flar\u0131n\u0131n ba\u015f\u0131na gelen s\u00fcrprizleri \u00f6\u011frenmek i\u00e7in sab\u0131rs\u0131zlan\u0131yor musun? Sanki \u201cEveetttttt\u201d dedi\u011fini duyar gibiyimmm\u2026 Bakal\u0131mmmmm\u2026.. \u201cKim uyuyor? Kim uyan\u0131k?\u201d <\/p>\n","protected":false},"excerpt":{"rendered":"<p>F\u0131rt\u0131k K\u0131z (Yaramaz K\u0131z) ve arkada\u015flar\u0131 ormana ni\u00e7in gittiler acaba? Onlar\u0131 ormanda ne gibi s\u00fcrprizler bekliyordu? Pekiiiiiiiii&#8230; F\u0131rt\u0131k K\u0131z ve arkada\u015flar\u0131n\u0131n ba\u015f\u0131na gelen s\u00fcrprizleri \u00f6\u011frenmek i\u00e7in<span class=\"excerpt-hellip\"> [\u2026]<\/span><\/p>\n","protected":false},"featured_media":0,"template":"","meta":{"_monsterinsights_skip_tracking":false,"_monsterinsights_sitenote_active":false,"_monsterinsights_sitenote_note":"","_monsterinsights_sitenote_category":0},"product_brand":[],"product_cat":[12274,12284],"product_tag":[],"class_list":{"0":"post-751139","1":"product","2":"type-product","3":"status-publish","5":"product_cat-cocuk-ve-genclik-kitaplari","6":"product_cat-hikayeler","7":"pa_cilt-ciltsiz","8":"pa_tur-kitap","9":"pa_yayinevi-perseus","10":"pa_yazar-burcu-islah","12":"first","13":"instock","14":"sale","15":"shipping-taxable","16":"purchasable","17":"product-type-simple"},"_links":{"self":[{"href":"https:\/\/roveyayinevi.com.tr\/index.php\/wp-json\/wp\/v2\/product\/751139","targetHints":{"allow":["GET"]}}],"collection":[{"href":"https:\/\/roveyayinevi.com.tr\/index.php\/wp-json\/wp\/v2\/product"}],"about":[{"href":"https:\/\/roveyayinevi.com.tr\/index.php\/wp-json\/wp\/v2\/types\/product"}],"wp:attachment":[{"href":"https:\/\/roveyayinevi.com.tr\/index.php\/wp-json\/wp\/v2\/media?parent=751139"}],"wp:term":[{"taxonomy":"product_brand","embeddable":true,"href":"https:\/\/roveyayinevi.com.tr\/index.php\/wp-json\/wp\/v2\/product_brand?post=751139"},{"taxonomy":"product_cat","embeddable":true,"href":"https:\/\/roveyayinevi.com.tr\/index.php\/wp-json\/wp\/v2\/product_cat?post=751139"},{"taxonomy":"product_tag","embeddable":true,"href":"https:\/\/roveyayinevi.com.tr\/index.php\/wp-json\/wp\/v2\/product_tag?post=751139"}],"curies":[{"name":"wp","href":"https:\/\/api.w.org\/{rel}","templated":true}]}}