{"id":751135,"date":"2025-08-28T04:40:37","date_gmt":"2025-08-28T01:40:37","guid":{"rendered":"https:\/\/roveyayinevi.com.tr\/index.php\/urun\/kuran-i-kerimde-er-disi-kimligi\/"},"modified":"2026-04-16T03:04:39","modified_gmt":"2026-04-16T00:04:39","slug":"kuran-i-kerimde-er-disi-kimligi","status":"publish","type":"product","link":"https:\/\/roveyayinevi.com.tr\/index.php\/urun\/kuran-i-kerimde-er-disi-kimligi\/","title":{"rendered":"Kur\u2019an-\u0131 Kerim\u2019de Er Di\u015fi Kimli\u011fi"},"content":{"rendered":"<p>Ey okur!.. \u201cHavva\u201d kimdir? sorusuna herkes ayn\u0131 cevab\u0131 vermektedir: \u201cD\u00fcnyada yarat\u0131lan ilk insan Adem\u2019in kar\u0131s\u0131!..\u201d Hem de Adem\u2019in kaburga kemi\u011finden yarat\u0131lan Havva&#8230; \u00d6yle mi?.. Halbuki \u201cHavva\u201d ismi, Kur\u2019an-\u0131 Kerim\u2019de bir kere bile ge\u00e7miyor&#8230; Bu ve benzeri uydurmalar vahyedilmedi\u011fine g\u00f6re, etraf\u0131nda y\u00fczlerce masal uydurulan Havva ismini kim \u00f6\u011fretti sana?..   \u0130nsanlar\u0131n \u201cerkek\/kad\u0131n\u201d diyerek uydurduklar\u0131yla, Allah\u2019\u0131n i\u015faret etti\u011fi \u201cerlik ve di\u015filik kimli\u011fi\u201d aras\u0131ndaki fark&#8230; \u201cErkek ve kad\u0131n\u201d ile \u201cerlik ve di\u015filik\u201d manas\u0131n\u0131 \u00f6\u011frendi\u011finde d\u00fcnya de\u011fi\u015fecek&#8230; B\u00f6ylece ruhtan kaynakl\u0131 yaratma hakikati fark edilecek&#8230; Vahiylerde b\u00fct\u00fcn hayvanlar\u0131n neden \u201cdi\u015fi\u201d oldu\u011fu da anla\u015f\u0131lacak&#8230; Kur\u2019an-\u0131 Kerim\u2019de el dokunulamayan, tertemiz, ahl\u00e2kl\u0131, \u015ferefli ve bakir bir ruha, kad\u0131n ismiyle neden \u201cMeryem\u201d denildi\u011fi de&#8230; Kutsal kitaplarda ad\u0131 ge\u00e7en kad\u0131n peygamberleri de \u00f6\u011frenece\u011fiz&#8230; Evet!.. Kad\u0131n peygamberler!.. Kad\u0131n evliyalar, insan\u0131 k\u00e2miller, m\u00fcr\u015fidi k\u00e2miller!..   Ezberletilenleri unutmak zaman\u0131d\u0131r&#8230; Cehalet devri \u00e7oktan ge\u00e7ti&#8230; De\u011fi\u015fmeli de\u011fil, \u201cgeli\u015fmeli\u201d art\u0131k insan&#8230; Hakikatli fikirler ayd\u0131nlatmal\u0131 d\u00fcnyay\u0131, e\u015fitlik\u00e7i, adaletli, insanca d\u00fc\u015f\u00fcnceler&#8230; Bulmal\u0131 art\u0131k hakikat manas\u0131 ger\u00e7eklikteki yerini&#8230; Akl\u0131n\u0131 ve g\u00f6nl\u00fcn\u00fc bir edip temizleyenler i\u00e7in&#8230; Ne diyor Allah: Rad\/11: Bir toplum kendilerindeki \u00f6zellikleri de\u011fi\u015ftirmedik\u00e7e, Allah onlarda bulunan\u0131\/nefislerindekini de\u011fi\u015ftirmez&#8230;   Bu ilahi s\u00f6zden bile hakikatli bir sonu\u00e7 \u00e7\u0131karam\u0131yorsan&#8230; Var sen de bu kitab\u0131 okuma!.. <\/p>\n","protected":false},"excerpt":{"rendered":"<p>Ey okur!.. \u201cHavva\u201d kimdir? sorusuna herkes ayn\u0131 cevab\u0131 vermektedir: \u201cD\u00fcnyada yarat\u0131lan ilk insan Adem\u2019in kar\u0131s\u0131!..\u201d Hem de Adem\u2019in kaburga kemi\u011finden yarat\u0131lan Havva&#8230; \u00d6yle mi?.. Halbuki \u201cHavva\u201d<span class=\"excerpt-hellip\"> [\u2026]<\/span><\/p>\n","protected":false},"featured_media":0,"template":"","meta":{"_monsterinsights_skip_tracking":false,"_monsterinsights_sitenote_active":false,"_monsterinsights_sitenote_note":"","_monsterinsights_sitenote_category":0},"product_brand":[],"product_cat":[12718,12719],"product_tag":[],"class_list":{"0":"post-751135","1":"product","2":"type-product","3":"status-publish","5":"product_cat-din","6":"product_cat-islam","7":"pa_cilt-ciltsiz","8":"pa_tur-kitap","9":"pa_yayinevi-la-kitap-yayinlari","10":"pa_yazar-ismail-metin","12":"first","13":"instock","14":"sale","15":"shipping-taxable","16":"purchasable","17":"product-type-simple"},"_links":{"self":[{"href":"https:\/\/roveyayinevi.com.tr\/index.php\/wp-json\/wp\/v2\/product\/751135","targetHints":{"allow":["GET"]}}],"collection":[{"href":"https:\/\/roveyayinevi.com.tr\/index.php\/wp-json\/wp\/v2\/product"}],"about":[{"href":"https:\/\/roveyayinevi.com.tr\/index.php\/wp-json\/wp\/v2\/types\/product"}],"wp:attachment":[{"href":"https:\/\/roveyayinevi.com.tr\/index.php\/wp-json\/wp\/v2\/media?parent=751135"}],"wp:term":[{"taxonomy":"product_brand","embeddable":true,"href":"https:\/\/roveyayinevi.com.tr\/index.php\/wp-json\/wp\/v2\/product_brand?post=751135"},{"taxonomy":"product_cat","embeddable":true,"href":"https:\/\/roveyayinevi.com.tr\/index.php\/wp-json\/wp\/v2\/product_cat?post=751135"},{"taxonomy":"product_tag","embeddable":true,"href":"https:\/\/roveyayinevi.com.tr\/index.php\/wp-json\/wp\/v2\/product_tag?post=751135"}],"curies":[{"name":"wp","href":"https:\/\/api.w.org\/{rel}","templated":true}]}}