{"id":751132,"date":"2025-08-28T04:40:31","date_gmt":"2025-08-28T01:40:31","guid":{"rendered":"https:\/\/roveyayinevi.com.tr\/index.php\/urun\/aksak-ordek-ve-kor-tavuk\/"},"modified":"2026-04-16T03:04:39","modified_gmt":"2026-04-16T00:04:39","slug":"aksak-ordek-ve-kor-tavuk","status":"publish","type":"product","link":"https:\/\/roveyayinevi.com.tr\/index.php\/urun\/aksak-ordek-ve-kor-tavuk\/","title":{"rendered":"Aksak \u00d6rdek ve K\u00f6r Tavuk"},"content":{"rendered":"<p>Zekice yaz\u0131lm\u0131\u015f komik hayvan hik\u00e2yelerinin usta ismi Ulrich Hub\u2019dan hayallerin pe\u015finden gitmeye dair yeni bir macera! Aksak \u00f6rde\u011fe g\u00f6re \u201cb\u00fcy\u00fck d\u00fcnya\u201d \u00e7ok ama \u00e7ok tehlikeli bir yer. Bu y\u00fczden m\u00fcnzevi bir hayat s\u00fcrd\u00fcrd\u00fc\u011f\u00fc avlusunun d\u0131\u015f\u0131na hi\u00e7 \u00e7\u0131km\u0131yor. Ancak g\u00fcn\u00fcn birinde, avlusunda k\u00f6r bir tavuk beliriveriyor. Hayat dolu bu yeni ve cesur arkada\u015f en gizli hayallerin bile ger\u00e7ek oldu\u011fu o yeri bulmaya kararl\u0131! Aksak \u00f6rdekten de bu yolculukta rehberi olmas\u0131n\u0131 istiyor. Peki, \u00f6rde\u011fin bilinmeze giden bu yolculu\u011fa \u00e7\u0131kmaya cesareti var m\u0131? Ulrich Hub gelene\u011fi bozmuyor ve komik hayvan hik\u00e2yeleri anlatmaktan fazlas\u0131n\u0131 yaparak \u00f6n\u00fcm\u00fcze muhte\u015fem diyaloglar\u0131, \u015fa\u015f\u0131rt\u0131c\u0131 olay \u00f6rg\u00fcs\u00fcyle hayal etmenin g\u00fcc\u00fc ve yaln\u0131zl\u0131k \u00fczerine ufkumuzu geni\u015fletecek s\u0131rad\u0131\u015f\u0131 bir dostluk hik\u00e2yesi koyuyor! J\u00f6rg M\u00fchle\u2019nin e\u011flenceli ve canl\u0131 \u00e7izimleri, bu iki kanatl\u0131 dostun maceras\u0131n\u0131 bildi\u011finiz \u201cu\u00e7uruyor!\u201d <\/p>\n","protected":false},"excerpt":{"rendered":"<p>Zekice yaz\u0131lm\u0131\u015f komik hayvan hik\u00e2yelerinin usta ismi Ulrich Hub\u2019dan hayallerin pe\u015finden gitmeye dair yeni bir macera! Aksak \u00f6rde\u011fe g\u00f6re \u201cb\u00fcy\u00fck d\u00fcnya\u201d \u00e7ok ama \u00e7ok tehlikeli bir<span class=\"excerpt-hellip\"> [\u2026]<\/span><\/p>\n","protected":false},"featured_media":0,"template":"","meta":{"_monsterinsights_skip_tracking":false,"_monsterinsights_sitenote_active":false,"_monsterinsights_sitenote_note":"","_monsterinsights_sitenote_category":0},"product_brand":[],"product_cat":[12274,12284],"product_tag":[],"class_list":{"0":"post-751132","1":"product","2":"type-product","3":"status-publish","5":"product_cat-cocuk-ve-genclik-kitaplari","6":"product_cat-hikayeler","7":"pa_cilt-ciltsiz","8":"pa_tur-kitap","9":"pa_yayinevi-kuraldisi-yayinevi","10":"pa_yazar-ulrich-hub","12":"first","13":"instock","14":"sale","15":"shipping-taxable","16":"purchasable","17":"product-type-simple"},"_links":{"self":[{"href":"https:\/\/roveyayinevi.com.tr\/index.php\/wp-json\/wp\/v2\/product\/751132","targetHints":{"allow":["GET"]}}],"collection":[{"href":"https:\/\/roveyayinevi.com.tr\/index.php\/wp-json\/wp\/v2\/product"}],"about":[{"href":"https:\/\/roveyayinevi.com.tr\/index.php\/wp-json\/wp\/v2\/types\/product"}],"wp:attachment":[{"href":"https:\/\/roveyayinevi.com.tr\/index.php\/wp-json\/wp\/v2\/media?parent=751132"}],"wp:term":[{"taxonomy":"product_brand","embeddable":true,"href":"https:\/\/roveyayinevi.com.tr\/index.php\/wp-json\/wp\/v2\/product_brand?post=751132"},{"taxonomy":"product_cat","embeddable":true,"href":"https:\/\/roveyayinevi.com.tr\/index.php\/wp-json\/wp\/v2\/product_cat?post=751132"},{"taxonomy":"product_tag","embeddable":true,"href":"https:\/\/roveyayinevi.com.tr\/index.php\/wp-json\/wp\/v2\/product_tag?post=751132"}],"curies":[{"name":"wp","href":"https:\/\/api.w.org\/{rel}","templated":true}]}}