{"id":751130,"date":"2025-08-28T04:40:27","date_gmt":"2025-08-28T01:40:27","guid":{"rendered":"https:\/\/roveyayinevi.com.tr\/index.php\/urun\/nahos-hikayeler\/"},"modified":"2026-04-16T03:04:39","modified_gmt":"2026-04-16T00:04:39","slug":"nahos-hikayeler","status":"publish","type":"product","link":"https:\/\/roveyayinevi.com.tr\/index.php\/urun\/nahos-hikayeler\/","title":{"rendered":"Naho\u015f Hikayeler"},"content":{"rendered":"<p>Roman ve denemeleriyle oldu\u011fu kadar Zola, Maupassant, Renan ve France gibi yazarlara savurdu\u011fu sert ele\u015ftiriler ve ayr\u0131ks\u0131 g\u00f6r\u00fc\u015fleriyle de tan\u0131nan L\u00e9on Bloy, edebiyat\u0131 yozla\u015ft\u0131rd\u0131\u011f\u0131 d\u00fc\u015f\u00fcn\u00fclen, d\u00f6nemin pop\u00fcler e\u011filimi dekadan ak\u0131m\u0131n\u0131n temsilcisidir. \u00c7a\u011fda\u015flar\u0131yla b\u00fcy\u00fck fikir uyu\u015fmazl\u0131klar\u0131 ya\u015fayan yazar, Naho\u015f Hik\u00e2yeler\u2019le Jorge Luis Borges\u2019in de hayranl\u0131\u011f\u0131n\u0131 uyand\u0131rmay\u0131 ba\u015farm\u0131\u015ft\u0131r.   Bloy \u201csayg\u0131n\u201d insanlar\u0131n hangi durumlarda ne denli k\u00f6t\u00fcc\u00fclle\u015febilece\u011fini ortaya koydu\u011fu on iki \u00f6yk\u00fcl\u00fck bu derlemede skandal, kaza, \u00f6l\u00fcm, intihar gibi talihsiz durumlar\u0131, insan\u0131n i\u00e7indeki karanl\u0131\u011f\u0131 de\u015ferek g\u00fcn y\u00fcz\u00fcne \u00e7\u0131kard\u0131\u011f\u0131 \u201cnaho\u015f\u201d insan davran\u0131\u015flar\u0131n\u0131 m\u00fcthi\u015f bir belagatle ve ac\u0131mas\u0131zca aktar\u0131r. Yer yer rahats\u0131z edici, yer yer g\u00fcl\u00fcn\u00e7 bu \u00f6yk\u00fclerle yazar, insan\u0131n ikiy\u00fczl\u00fcl\u00fc\u011f\u00fcn\u00fc anlat\u0131rken kendi ruhsal krizlerini mistik bir teolojik anlay\u0131\u015fla metnine yans\u0131t\u0131r.  <\/p>\n","protected":false},"excerpt":{"rendered":"<p>Roman ve denemeleriyle oldu\u011fu kadar Zola, Maupassant, Renan ve France gibi yazarlara savurdu\u011fu sert ele\u015ftiriler ve ayr\u0131ks\u0131 g\u00f6r\u00fc\u015fleriyle de tan\u0131nan L\u00e9on Bloy, edebiyat\u0131 yozla\u015ft\u0131rd\u0131\u011f\u0131 d\u00fc\u015f\u00fcn\u00fclen, d\u00f6nemin<span class=\"excerpt-hellip\"> [\u2026]<\/span><\/p>\n","protected":false},"featured_media":0,"template":"","meta":{"_monsterinsights_skip_tracking":false,"_monsterinsights_sitenote_active":false,"_monsterinsights_sitenote_note":"","_monsterinsights_sitenote_category":0},"product_brand":[],"product_cat":[12291,12711],"product_tag":[],"class_list":{"0":"post-751130","1":"product","2":"type-product","3":"status-publish","5":"product_cat-edebiyat","6":"product_cat-roman-oyku","7":"pa_cilt-ciltsiz","8":"pa_tur-kitap","9":"pa_yayinevi-can-yayinlari","10":"pa_yazar-leon-bloy","12":"first","13":"instock","14":"sale","15":"shipping-taxable","16":"purchasable","17":"product-type-simple"},"_links":{"self":[{"href":"https:\/\/roveyayinevi.com.tr\/index.php\/wp-json\/wp\/v2\/product\/751130","targetHints":{"allow":["GET"]}}],"collection":[{"href":"https:\/\/roveyayinevi.com.tr\/index.php\/wp-json\/wp\/v2\/product"}],"about":[{"href":"https:\/\/roveyayinevi.com.tr\/index.php\/wp-json\/wp\/v2\/types\/product"}],"wp:attachment":[{"href":"https:\/\/roveyayinevi.com.tr\/index.php\/wp-json\/wp\/v2\/media?parent=751130"}],"wp:term":[{"taxonomy":"product_brand","embeddable":true,"href":"https:\/\/roveyayinevi.com.tr\/index.php\/wp-json\/wp\/v2\/product_brand?post=751130"},{"taxonomy":"product_cat","embeddable":true,"href":"https:\/\/roveyayinevi.com.tr\/index.php\/wp-json\/wp\/v2\/product_cat?post=751130"},{"taxonomy":"product_tag","embeddable":true,"href":"https:\/\/roveyayinevi.com.tr\/index.php\/wp-json\/wp\/v2\/product_tag?post=751130"}],"curies":[{"name":"wp","href":"https:\/\/api.w.org\/{rel}","templated":true}]}}