{"id":751127,"date":"2025-08-28T04:40:22","date_gmt":"2025-08-28T01:40:22","guid":{"rendered":"https:\/\/roveyayinevi.com.tr\/index.php\/urun\/caylak-ile-filozof-seti-6-kitap\/"},"modified":"2026-04-15T03:14:20","modified_gmt":"2026-04-15T00:14:20","slug":"caylak-ile-filozof-seti-6-kitap","status":"publish","type":"product","link":"https:\/\/roveyayinevi.com.tr\/index.php\/urun\/caylak-ile-filozof-seti-6-kitap\/","title":{"rendered":"\u00c7aylak \u0130le Filozof Seti (6 Kitap)"},"content":{"rendered":"<p>\u00c7aylak ile Filozof Seti 6 kitap bir arada\u2026   \u00c7aylak ile Filozof-1 \/ Ben Bir Neyim? \u00c7aylak ile Filozof-2 \/ \u0130nsan Diye Bir Kelime \u00c7aylak ile Filozof-3 \/ Ruhun Irk\u0131 Yok! \u00c7aylak ile Filozof-4 \/ G\u00fczellik, \u0130yiliktir \u00c7aylak ile Filozof-5 \/ \u015e\u00fcphelerin Alaca Karanl\u0131\u011f\u0131nda \u00c7aylak ile Filozof-6 \/ \u00d6zg\u00fcrl\u00fck Kaderimizdir <\/p>\n","protected":false},"excerpt":{"rendered":"<p>\u00c7aylak ile Filozof Seti 6 kitap bir arada\u2026 \u00c7aylak ile Filozof-1 \/ Ben Bir Neyim? \u00c7aylak ile Filozof-2 \/ \u0130nsan Diye Bir Kelime \u00c7aylak ile Filozof-3<span class=\"excerpt-hellip\"> [\u2026]<\/span><\/p>\n","protected":false},"featured_media":0,"template":"","meta":{"_monsterinsights_skip_tracking":false,"_monsterinsights_sitenote_active":false,"_monsterinsights_sitenote_note":"","_monsterinsights_sitenote_category":0},"product_brand":[],"product_cat":[12275,12274],"product_tag":[],"class_list":{"0":"post-751127","1":"product","2":"type-product","3":"status-publish","5":"product_cat-6-12-yas-kitaplari","6":"product_cat-cocuk-ve-genclik-kitaplari","7":"pa_cilt-ciltsiz","8":"pa_tur-kitap","9":"pa_yayinevi-ugurbocegi-yayinlari","10":"pa_yazar-ozkan-oze","12":"first","13":"instock","14":"sale","15":"shipping-taxable","16":"purchasable","17":"product-type-simple"},"_links":{"self":[{"href":"https:\/\/roveyayinevi.com.tr\/index.php\/wp-json\/wp\/v2\/product\/751127","targetHints":{"allow":["GET"]}}],"collection":[{"href":"https:\/\/roveyayinevi.com.tr\/index.php\/wp-json\/wp\/v2\/product"}],"about":[{"href":"https:\/\/roveyayinevi.com.tr\/index.php\/wp-json\/wp\/v2\/types\/product"}],"wp:attachment":[{"href":"https:\/\/roveyayinevi.com.tr\/index.php\/wp-json\/wp\/v2\/media?parent=751127"}],"wp:term":[{"taxonomy":"product_brand","embeddable":true,"href":"https:\/\/roveyayinevi.com.tr\/index.php\/wp-json\/wp\/v2\/product_brand?post=751127"},{"taxonomy":"product_cat","embeddable":true,"href":"https:\/\/roveyayinevi.com.tr\/index.php\/wp-json\/wp\/v2\/product_cat?post=751127"},{"taxonomy":"product_tag","embeddable":true,"href":"https:\/\/roveyayinevi.com.tr\/index.php\/wp-json\/wp\/v2\/product_tag?post=751127"}],"curies":[{"name":"wp","href":"https:\/\/api.w.org\/{rel}","templated":true}]}}