{"id":751126,"date":"2025-08-28T04:40:20","date_gmt":"2025-08-28T01:40:20","guid":{"rendered":"https:\/\/roveyayinevi.com.tr\/index.php\/urun\/ilk-sette-ask-yangini\/"},"modified":"2026-04-16T03:04:39","modified_gmt":"2026-04-16T00:04:39","slug":"ilk-sette-ask-yangini","status":"publish","type":"product","link":"https:\/\/roveyayinevi.com.tr\/index.php\/urun\/ilk-sette-ask-yangini\/","title":{"rendered":"\u0130lk Sette A\u015fk Yang\u0131n\u0131"},"content":{"rendered":"<p>Sosyal medya fenomeni Crystal Chen, kariyerini spor salonlar\u0131na dair kli\u015feleri y\u0131karak ve alayc\u0131 yorumlar\u0131 g\u00f6rmezden gelerek in\u015fa eder. Sevgilisinden ayr\u0131lan ve erkeklere dayanma g\u00fcc\u00fc gittik\u00e7e azalan gen\u00e7 kad\u0131n teselliyi sporda bulur.Ancak spor salonunun en yeni \u00fcyesiyle, yani kendini be\u011fenmi\u015f itfaiyeci Scott Ritchie ile tan\u0131\u015ft\u0131\u011f\u0131nda i\u015fler de\u011fi\u015fir. Aralar\u0131ndaki rekabet, havada k\u0131v\u0131lc\u0131mlar u\u00e7u\u015fmas\u0131na yol a\u00e7ar. Gen\u00e7 kad\u0131n\u0131n bu kaos ortam\u0131nda bekledi\u011fi son \u015fey, b\u00fcy\u00fckanne ve b\u00fcy\u00fckbabalar\u0131n\u0131n ni\u015fan partisinde Scott\u2019la kar\u015f\u0131la\u015fmakt\u0131r.D\u00fc\u011f\u00fcne gitmek i\u00e7in yola \u00e7\u0131kt\u0131klar\u0131nda Crystal, Scott\u2019\u0131n inat\u00e7\u0131l\u0131\u011f\u0131n\u0131n alt\u0131nda yumu\u015fak bir kalp oldu\u011funu ke\u015ffeder. Ruh e\u015fini bulmu\u015f olabilece\u011fini d\u00fc\u015f\u00fcn\u00fcr. Fakat sosyal medyada yay\u0131lan bir foto\u011frafk\u00f6t\u00fc yorumlar\u0131 da beraberinde getirir ve filizlenen a\u015fklar\u0131n\u0131g\u00fc\u00e7 testine tabi tutar. Goodreads, Amazon, Cosmopolitan, USA Today2022\u2019nin En \u0130yi Romantik Kitaplar\u0131 Se\u00e7kisi \u201cAmy Lea, v\u00fccut pozitifli\u011fine odaklanan, i\u00e7 a\u00e7\u0131c\u0131 bir romantik komediyle kar\u015f\u0131m\u0131za \u00e7\u0131k\u0131yor. \u0130lk Sette A\u015fk Yang\u0131n\u0131 esprili ve g\u00fc\u00e7l\u00fc; kendini kabullenmekle m\u00fccadele eden herkese bir \u00f6vg\u00fc niteli\u011finde.\u201d\u2014Publishers Weekly\u201cKarakterler o kadar komik, sempatik ve anlay\u0131\u015f dolu ki bunun Amy Lea\u2019nin ilk roman\u0131 oldu\u011funa inanmak zor.\u201d\u2014Popsugar<\/p>\n","protected":false},"excerpt":{"rendered":"<p>Sosyal medya fenomeni Crystal Chen, kariyerini spor salonlar\u0131na dair kli\u015feleri y\u0131karak ve alayc\u0131 yorumlar\u0131 g\u00f6rmezden gelerek in\u015fa eder. Sevgilisinden ayr\u0131lan ve erkeklere dayanma g\u00fcc\u00fc gittik\u00e7e azalan<span class=\"excerpt-hellip\"> [\u2026]<\/span><\/p>\n","protected":false},"featured_media":0,"template":"","meta":{"_monsterinsights_skip_tracking":false,"_monsterinsights_sitenote_active":false,"_monsterinsights_sitenote_note":"","_monsterinsights_sitenote_category":0},"product_brand":[],"product_cat":[12291,12711],"product_tag":[],"class_list":{"0":"post-751126","1":"product","2":"type-product","3":"status-publish","5":"product_cat-edebiyat","6":"product_cat-roman-oyku","7":"pa_cilt-ciltsiz","8":"pa_tur-kitap","9":"pa_yayinevi-nemesis-kitap","10":"pa_yazar-amy-leach","12":"first","13":"instock","14":"sale","15":"shipping-taxable","16":"purchasable","17":"product-type-simple"},"_links":{"self":[{"href":"https:\/\/roveyayinevi.com.tr\/index.php\/wp-json\/wp\/v2\/product\/751126","targetHints":{"allow":["GET"]}}],"collection":[{"href":"https:\/\/roveyayinevi.com.tr\/index.php\/wp-json\/wp\/v2\/product"}],"about":[{"href":"https:\/\/roveyayinevi.com.tr\/index.php\/wp-json\/wp\/v2\/types\/product"}],"wp:attachment":[{"href":"https:\/\/roveyayinevi.com.tr\/index.php\/wp-json\/wp\/v2\/media?parent=751126"}],"wp:term":[{"taxonomy":"product_brand","embeddable":true,"href":"https:\/\/roveyayinevi.com.tr\/index.php\/wp-json\/wp\/v2\/product_brand?post=751126"},{"taxonomy":"product_cat","embeddable":true,"href":"https:\/\/roveyayinevi.com.tr\/index.php\/wp-json\/wp\/v2\/product_cat?post=751126"},{"taxonomy":"product_tag","embeddable":true,"href":"https:\/\/roveyayinevi.com.tr\/index.php\/wp-json\/wp\/v2\/product_tag?post=751126"}],"curies":[{"name":"wp","href":"https:\/\/api.w.org\/{rel}","templated":true}]}}