{"id":751123,"date":"2025-08-28T04:40:16","date_gmt":"2025-08-28T01:40:16","guid":{"rendered":"https:\/\/roveyayinevi.com.tr\/index.php\/urun\/uc-tarz-i-emperyalizim-teoriden-tarihe\/"},"modified":"2026-04-16T03:04:39","modified_gmt":"2026-04-16T00:04:39","slug":"uc-tarz-i-emperyalizim-teoriden-tarihe","status":"publish","type":"product","link":"https:\/\/roveyayinevi.com.tr\/index.php\/urun\/uc-tarz-i-emperyalizim-teoriden-tarihe\/","title":{"rendered":"\u00dc\u00e7 Tarz-\u0131 Emperyalizim Teoriden Tarihe"},"content":{"rendered":"<p>T\u00fcrkiye\u2019de tarih ile g\u00fcncel k\u00fcresel, k\u0131tasal ve b\u00f6lgesel geli\u015fmeleri kar\u015f\u0131l\u0131kl\u0131 etkile\u015fim i\u00e7inde de\u011ferlendirebilen \u00e7ok az fikir adam\u0131 vard\u0131r. Zira bunun i\u00e7in derin siyasi tarih, strateji ve \u00fclkemizde \u00e7ok az bilinen jeopolitik altyap\u0131 gerekmektedir. Profes\u00f6r Dr. Say\u0131n Ergun T\u00fcrkcan bu insanlardan biridir. Okurlar\u0131na ve takip\u00e7ilerine g\u00fcncel siyasi, ekonomik ve askeri geli\u015fmeleri ak\u0131c\u0131 ve sade bir \u00fcslup i\u00e7inde al\u0131\u015f\u0131lmad\u0131k bir sentezle aktar\u0131r. Bu kitab\u0131nda da de\u011fi\u015fik kaynaklarda yay\u0131mlanm\u0131\u015f makaleleri \u00fczerinden, emperyalizmin jeopolitik ve ekonomik saiklerle \u015fekillendirdi\u011fi geli\u015fmeleri b\u00f6lgesel, k\u0131tasal ve k\u00fcresel perspektifte, son derece dikkat \u00e7eken ba\u015fl\u0131klar ve ak\u0131\u015f ile okuyucuya sunarak i\u00e7inde bulundu\u011fumuz zor d\u00f6neme \u0131\u015f\u0131k tutuyor. Emperyalizmin s\u00fcrekli ba\u015farmak ve h\u00fck\u00fcmran olmak istemesine ra\u011fmen kendi i\u00e7inde nas\u0131l d\u00f6n\u00fc\u015f\u00fcm ge\u00e7irdi\u011fini ve zaman\u0131 geldi\u011finde y\u00fckselen yeni g\u00fc\u00e7ler taraf\u0131ndan nas\u0131l dengelendi\u011fini \u00f6rneklerle anlat\u0131yor. Bu makaleleri kitapla\u015ft\u0131ran Say\u0131n T\u00fcrkcan\u2019\u0131 tebrik ediyorum. Cem G\u00dcRDEN\u0130Z <\/p>\n","protected":false},"excerpt":{"rendered":"<p>T\u00fcrkiye\u2019de tarih ile g\u00fcncel k\u00fcresel, k\u0131tasal ve b\u00f6lgesel geli\u015fmeleri kar\u015f\u0131l\u0131kl\u0131 etkile\u015fim i\u00e7inde de\u011ferlendirebilen \u00e7ok az fikir adam\u0131 vard\u0131r. Zira bunun i\u00e7in derin siyasi tarih, strateji ve<span class=\"excerpt-hellip\"> [\u2026]<\/span><\/p>\n","protected":false},"featured_media":0,"template":"","meta":{"_monsterinsights_skip_tracking":false,"_monsterinsights_sitenote_active":false,"_monsterinsights_sitenote_note":"","_monsterinsights_sitenote_category":0},"product_brand":[],"product_cat":[12312,12304],"product_tag":[],"class_list":{"0":"post-751123","1":"product","2":"type-product","3":"status-publish","5":"product_cat-diger","6":"product_cat-tarih","7":"pa_cilt-ciltsiz","8":"pa_tur-kitap","9":"pa_yayinevi-pankus-yayinlari","10":"pa_yazar-ergun-turkcan","12":"first","13":"instock","14":"sale","15":"shipping-taxable","16":"purchasable","17":"product-type-simple"},"_links":{"self":[{"href":"https:\/\/roveyayinevi.com.tr\/index.php\/wp-json\/wp\/v2\/product\/751123","targetHints":{"allow":["GET"]}}],"collection":[{"href":"https:\/\/roveyayinevi.com.tr\/index.php\/wp-json\/wp\/v2\/product"}],"about":[{"href":"https:\/\/roveyayinevi.com.tr\/index.php\/wp-json\/wp\/v2\/types\/product"}],"wp:attachment":[{"href":"https:\/\/roveyayinevi.com.tr\/index.php\/wp-json\/wp\/v2\/media?parent=751123"}],"wp:term":[{"taxonomy":"product_brand","embeddable":true,"href":"https:\/\/roveyayinevi.com.tr\/index.php\/wp-json\/wp\/v2\/product_brand?post=751123"},{"taxonomy":"product_cat","embeddable":true,"href":"https:\/\/roveyayinevi.com.tr\/index.php\/wp-json\/wp\/v2\/product_cat?post=751123"},{"taxonomy":"product_tag","embeddable":true,"href":"https:\/\/roveyayinevi.com.tr\/index.php\/wp-json\/wp\/v2\/product_tag?post=751123"}],"curies":[{"name":"wp","href":"https:\/\/api.w.org\/{rel}","templated":true}]}}