{"id":751122,"date":"2025-08-28T04:40:15","date_gmt":"2025-08-28T01:40:15","guid":{"rendered":"https:\/\/roveyayinevi.com.tr\/index.php\/urun\/kanli-sunguler\/"},"modified":"2026-04-16T03:04:39","modified_gmt":"2026-04-16T00:04:39","slug":"kanli-sunguler","status":"publish","type":"product","link":"https:\/\/roveyayinevi.com.tr\/index.php\/urun\/kanli-sunguler\/","title":{"rendered":"Kanl\u0131 S\u00fcng\u00fcler"},"content":{"rendered":"<p>\u201cAskerlerimizden birdenbire h\u00fccum sesleri y\u00fckseldi. Allah! Allah! \u0130\u015fte \u015fimdi s\u00fcng\u00fc h\u00fccumu oluyor, oras\u0131 sars\u0131l\u0131yor, d\u00fc\u015fman\u0131n makineli t\u00fcfek, t\u00fcfek ve bombalar\u0131n\u0131n \u00e7\u0131kard\u0131\u011f\u0131 ha\u015fin sesler herkese bir \u00fcrperti veriyordu.Harp tasavvuru m\u00fcmk\u00fcn olmayan \u00e7ok kanl\u0131 bir felaket i\u00e7inde cereyan ediyor. S\u00fcng\u00fcler \u015fak\u0131rdayarak m\u00fctemadiyen g\u00f6\u011f\u00fcslere bat\u0131r\u0131l\u0131p \u00e7\u0131kar\u0131l\u0131yor. Yaralar\u0131n\u0131 avu\u00e7layarak yere d\u00fc\u015fen askerler hissettikleri ac\u0131 \u0131st\u0131raplar\u0131n\u0131 izale edebilmek i\u00e7in topraklar \u00fczerinde k\u0131vran\u0131yordu. B\u00fct\u00fcn saha kan i\u00e7inde yaralananlar, \u00f6lenler, t\u00fcfeklere tak\u0131l\u0131 kanl\u0131 s\u00fcng\u00fcler\u2026\u00c7anakkale\u2019de vatan i\u00e7in \u015fehadet abideleri yaratan \u015fu T\u00fcrk \u00e7ocuklar\u0131 yine ayn\u0131 feragat ile T\u00fcrk tarihine yeni zafer menk\u0131beleri ilave etti. \u015eehit olanlar \u00fczerine ya\u011fan kardan kefenlerini yaparak mezarlar\u0131 ba\u015fucunda hayata g\u00f6zlerini kapad\u0131lar.\u201dM\u00fcnim Mustafa Elinizdeki kitap, M\u00fcnim Mustafa\u2019n\u0131n ikinci hat\u0131ra defteri olan Kafkas Cephesi\u2019ne dair harp hat\u0131ralar\u0131ndan olu\u015fmakta ve ilk defa yay\u0131nlamaktad\u0131r. M\u00fcnim Mustafa, 13 \u015eubat 1916 g\u00fcn\u00fc Haydarpa\u015fa Gar\u0131\u2019nda ba\u015flad\u0131\u011f\u0131 Kafkas Cephe yolcu\u011fu s\u0131ras\u0131nda \u015fahit oldu\u011fu hazin manzaralar\u0131 hat\u0131ra defterine not etti. Ordunun ia\u015fe ve m\u00fchimmatlar\u0131n\u0131 nakleden ka\u011fn\u0131 arabalar\u0131 kara sapland\u0131\u011f\u0131nda k\u00f6yl\u00fc kad\u0131nlar\u0131n kar y\u0131\u011f\u0131nlar\u0131 i\u00e7inden arabalar\u0131n\u0131 \u00e7\u0131karmak i\u00e7in nas\u0131l u\u011fra\u015ft\u0131klar\u0131n\u0131, dondurucu so\u011fukta k\u00fc\u00e7\u00fck \u00e7ocuklar\u0131yla birlikte canla ba\u015fa m\u00fccadele eden kahramanlar\u0131 duygu dolu sat\u0131rlarla kaleme ald\u0131. Cephede yap\u0131lan taarruzlar\u0131, s\u00fcng\u00fc h\u00fccumlar\u0131n\u0131, kanl\u0131 bo\u011fu\u015fmalar\u0131 ve hislerini an be an yazd\u0131. Bu hat\u0131rat 13 \u015eubat 1916\u2019da ba\u015flay\u0131p 31 A\u011fustos 1916 g\u00fcn\u00fc sona ermektedir.<\/p>\n","protected":false},"excerpt":{"rendered":"<p>\u201cAskerlerimizden birdenbire h\u00fccum sesleri y\u00fckseldi. Allah! Allah! \u0130\u015fte \u015fimdi s\u00fcng\u00fc h\u00fccumu oluyor, oras\u0131 sars\u0131l\u0131yor, d\u00fc\u015fman\u0131n makineli t\u00fcfek, t\u00fcfek ve bombalar\u0131n\u0131n \u00e7\u0131kard\u0131\u011f\u0131 ha\u015fin sesler herkese bir \u00fcrperti<span class=\"excerpt-hellip\"> [\u2026]<\/span><\/p>\n","protected":false},"featured_media":0,"template":"","meta":{"_monsterinsights_skip_tracking":false,"_monsterinsights_sitenote_active":false,"_monsterinsights_sitenote_note":"","_monsterinsights_sitenote_category":0},"product_brand":[],"product_cat":[12370,12304],"product_tag":[],"class_list":{"0":"post-751122","1":"product","2":"type-product","3":"status-publish","5":"product_cat-arastirma-inceleme","6":"product_cat-tarih","7":"pa_cilt-ciltsiz","8":"pa_tur-kitap","9":"pa_yayinevi-otuken-nesriyat","10":"pa_yazar-munim-mustafa","12":"first","13":"instock","14":"sale","15":"shipping-taxable","16":"purchasable","17":"product-type-simple"},"_links":{"self":[{"href":"https:\/\/roveyayinevi.com.tr\/index.php\/wp-json\/wp\/v2\/product\/751122","targetHints":{"allow":["GET"]}}],"collection":[{"href":"https:\/\/roveyayinevi.com.tr\/index.php\/wp-json\/wp\/v2\/product"}],"about":[{"href":"https:\/\/roveyayinevi.com.tr\/index.php\/wp-json\/wp\/v2\/types\/product"}],"wp:attachment":[{"href":"https:\/\/roveyayinevi.com.tr\/index.php\/wp-json\/wp\/v2\/media?parent=751122"}],"wp:term":[{"taxonomy":"product_brand","embeddable":true,"href":"https:\/\/roveyayinevi.com.tr\/index.php\/wp-json\/wp\/v2\/product_brand?post=751122"},{"taxonomy":"product_cat","embeddable":true,"href":"https:\/\/roveyayinevi.com.tr\/index.php\/wp-json\/wp\/v2\/product_cat?post=751122"},{"taxonomy":"product_tag","embeddable":true,"href":"https:\/\/roveyayinevi.com.tr\/index.php\/wp-json\/wp\/v2\/product_tag?post=751122"}],"curies":[{"name":"wp","href":"https:\/\/api.w.org\/{rel}","templated":true}]}}