{"id":751120,"date":"2025-08-28T04:40:12","date_gmt":"2025-08-28T01:40:12","guid":{"rendered":"https:\/\/roveyayinevi.com.tr\/index.php\/urun\/dunden-kalanlar\/"},"modified":"2026-04-16T03:04:39","modified_gmt":"2026-04-16T00:04:39","slug":"dunden-kalanlar","status":"publish","type":"product","link":"https:\/\/roveyayinevi.com.tr\/index.php\/urun\/dunden-kalanlar\/","title":{"rendered":"D\u00fcnden Kalanlar"},"content":{"rendered":"<p>Her insan\u0131n ya\u015fam\u0131n\u0131n b\u00f6l\u00fcmleri vard\u0131r. Benim hayat\u0131mda b\u00f6l\u00fcmler ya\u015fam\u0131ma y\u00f6n vermi\u015ftir. D\u00fcnyaya g\u00f6z\u00fcm\u00fc a\u00e7t\u0131\u011f\u0131m ilk on alt\u0131 y\u0131l\u0131m, on alt\u0131 y\u0131ldan sonra 28 y\u0131ll\u0131k \u00e7al\u0131\u015fma hayat\u0131m, evlili\u011fim ve \u00e7ocuklar\u0131m, emeklilik sonras\u0131 ya\u015fam\u0131m ve bunlar\u0131n hepsini de\u011ferlendirdi\u011fimde d\u00fcnden kalanlar&#8230;   Murat G\u00d6KG\u00d6L 1973 y\u0131l\u0131nda Erzurum\u2019da do\u011fdu. Temel e\u011fitimini Ankara ilinde tamamlad\u0131. 1990 y\u0131l\u0131nda \u00e7ok istedi\u011fi askeri okula ad\u0131m\u0131n\u0131 att\u0131 ve 1991 y\u0131l\u0131nda astsubay olarak mezun oldu. \u00dclkemizin \u00e7e\u015fitli illerinde i\u00e7indeki vefa ve aidiyet duygusuyla ba\u015far\u0131l\u0131 olarak g\u00f6revlerini tamamlad\u0131. 2017 y\u0131l\u0131nda istekle emekli oldu. Murat G\u00d6KG\u00d6L evli olup iki k\u0131z \u00e7ocu\u011fu babas\u0131d\u0131r.   D\u00fcnden kalanlar, t\u00fcm bu s\u00fcre\u00e7 i\u00e7erisinde karalanm\u0131\u015f, sevgi, hasret, tutku, a\u015fk, ac\u0131 vd. temalar \u0131\u015f\u0131\u011f\u0131nda yaz\u0131lm\u0131\u015ft\u0131r. Yaz\u0131lan \u015fiirler okuyana farkl\u0131 bir duygu verecektir ama \u015fiirlerimin b\u00fcy\u00fck b\u00f6l\u00fcm\u00fc hayat arkada\u015f\u0131ma adanm\u0131\u015ft\u0131r. <\/p>\n","protected":false},"excerpt":{"rendered":"<p>Her insan\u0131n ya\u015fam\u0131n\u0131n b\u00f6l\u00fcmleri vard\u0131r. Benim hayat\u0131mda b\u00f6l\u00fcmler ya\u015fam\u0131ma y\u00f6n vermi\u015ftir. D\u00fcnyaya g\u00f6z\u00fcm\u00fc a\u00e7t\u0131\u011f\u0131m ilk on alt\u0131 y\u0131l\u0131m, on alt\u0131 y\u0131ldan sonra 28 y\u0131ll\u0131k \u00e7al\u0131\u015fma hayat\u0131m,<span class=\"excerpt-hellip\"> [\u2026]<\/span><\/p>\n","protected":false},"featured_media":0,"template":"","meta":{"_monsterinsights_skip_tracking":false,"_monsterinsights_sitenote_active":false,"_monsterinsights_sitenote_note":"","_monsterinsights_sitenote_category":0},"product_brand":[],"product_cat":[12291,12509],"product_tag":[],"class_list":{"0":"post-751120","1":"product","2":"type-product","3":"status-publish","5":"product_cat-edebiyat","6":"product_cat-siir","7":"pa_cilt-ciltsiz","8":"pa_tur-kitap","9":"pa_yayinevi-gulnar-yayinlari","10":"pa_yazar-murat-gokgol","12":"first","13":"instock","14":"sale","15":"shipping-taxable","16":"purchasable","17":"product-type-simple"},"_links":{"self":[{"href":"https:\/\/roveyayinevi.com.tr\/index.php\/wp-json\/wp\/v2\/product\/751120","targetHints":{"allow":["GET"]}}],"collection":[{"href":"https:\/\/roveyayinevi.com.tr\/index.php\/wp-json\/wp\/v2\/product"}],"about":[{"href":"https:\/\/roveyayinevi.com.tr\/index.php\/wp-json\/wp\/v2\/types\/product"}],"wp:attachment":[{"href":"https:\/\/roveyayinevi.com.tr\/index.php\/wp-json\/wp\/v2\/media?parent=751120"}],"wp:term":[{"taxonomy":"product_brand","embeddable":true,"href":"https:\/\/roveyayinevi.com.tr\/index.php\/wp-json\/wp\/v2\/product_brand?post=751120"},{"taxonomy":"product_cat","embeddable":true,"href":"https:\/\/roveyayinevi.com.tr\/index.php\/wp-json\/wp\/v2\/product_cat?post=751120"},{"taxonomy":"product_tag","embeddable":true,"href":"https:\/\/roveyayinevi.com.tr\/index.php\/wp-json\/wp\/v2\/product_tag?post=751120"}],"curies":[{"name":"wp","href":"https:\/\/api.w.org\/{rel}","templated":true}]}}