{"id":751119,"date":"2025-08-28T04:40:10","date_gmt":"2025-08-28T01:40:10","guid":{"rendered":"https:\/\/roveyayinevi.com.tr\/index.php\/urun\/imam-i-azam-ebu-hanife\/"},"modified":"2026-04-16T03:04:39","modified_gmt":"2026-04-16T00:04:39","slug":"imam-i-azam-ebu-hanife","status":"publish","type":"product","link":"https:\/\/roveyayinevi.com.tr\/index.php\/urun\/imam-i-azam-ebu-hanife\/","title":{"rendered":"\u0130mam-\u0131 Azam Ebu Hanife"},"content":{"rendered":"<p>\u0130mam-\u0131 Azam Ebu Hanife; \u0130slam\u2019\u0131n evrensel ilkelerinin izini s\u00fcrerek temel de\u011ferlerimize vurgu yapm\u0131\u015f, \u00f6nc\u00fc fikirleriyle hem ya\u015fad\u0131\u011f\u0131 asr\u0131n hem de gelecek y\u00fczy\u0131llar\u0131n y\u00fcre\u011fini mayalamay\u0131 ba\u015farm\u0131\u015f, insanl\u0131k tarihinin en b\u00fcy\u00fck bilginlerinden birisidir.O, Kur\u2019an\u2019dan s\u00fcnnete, sahabe asr\u0131ndan tabiun d\u00f6nemine intikal eden ilm\u00eebirikimi yorumlay\u0131p sistemle\u015ftiren \u0130slam Hukuku\u2019nun kurucu \u00e2limidir.Bir yandan sahabe devrinde cereyan eden elim hadiseler neticesinde ortaya \u00e7\u0131kan siyasi \u00e7at\u0131\u015fmalar\u0131n M\u00fcsl\u00fcmanlar\u0131 b\u00f6l\u00fcp par\u00e7alad\u0131\u011f\u0131, di\u011fer yandan farkl\u0131 medeniyetlere be\u015fiklik etmi\u015f diyarlar\u0131n \u0130slam topraklar\u0131na kat\u0131lmas\u0131 neticesinde meydana gelen fikr\u00ee ayr\u0131\u015fmalar\u0131n belirginle\u015fti\u011fi bir d\u00f6nemde kurdu\u011fu f\u0131k\u0131h akademisi yoluyla meseleleri \u00e7\u00f6z\u00fcme kavu\u015fturacak usuller geli\u015ftirmi\u015f; yeti\u015ftirdi\u011fi se\u00e7kin talebeler vas\u0131tas\u0131yla fikirleri Irak, M\u0131s\u0131r ve T\u00fcrkistan&#8217;da yay\u0131lmakla kalmay\u0131p B\u00fcy\u00fck Sel\u00e7uklu ve Osmanl\u0131\u2019n\u0131n i\u00e7inde bulunduklar\u0131 \u00e7a\u011fa g\u00fc\u00e7l\u00fc bir \u015fekilde y\u00fcr\u00fcmelerine de temel olu\u015fturmu\u015ftur. Bu y\u00fczy\u0131l\u0131n T\u00fcrk asr\u0131 olmas\u0131n\u0131n ta\u015f\u0131y\u0131c\u0131 s\u00fctunlar\u0131 da ku\u015fkusuz onun tefekk\u00fcr tezg\u00e2h\u0131nda \u015fekillenecektir.Bug\u00fcn M\u00fcsl\u00fcman toplumlara y\u00f6nelik meydan okumalar neticesinde maruz kal\u0131nan savrulmalara kar\u015f\u0131 g\u00fc\u00e7l\u00fc bir medeniyet in\u015fas\u0131 ger\u00e7ekle\u015fecekse bunun zemini; imana, akla, insan hak ve h\u00fcrriyetine, inan\u00e7ta e\u015fitli\u011fe, ho\u015fg\u00f6r\u00fcye, adalete, hikmete ve sosyal de\u011fi\u015fimin ruhunu anlamaya dayal\u0131 \u0130slam\u2019\u0131n evrensel ilkelerini bayrakla\u015ft\u0131ran Ebu Hanife\u2019nin Re\u2019y merkezli yakla\u015f\u0131m\u0131 olacakt\u0131r.Bu romanda ya\u015fad\u0131\u011f\u0131 \u00e7a\u011f\u0131n ruhunu okuyan bir \u00e2limin; imanla akl\u0131n \u0131\u015f\u0131\u011f\u0131n\u0131 maharetle harmanlayarak ortaya \u00e7\u0131kan yeni meseleleri \u00e7\u00f6z\u00fcme kavu\u015fturmas\u0131na, her \u015fartta ilmin onurunu korumas\u0131na, can\u0131 pahas\u0131na zulme direnerek adaleti ayakta tutma \u00e7abalar\u0131na ve b\u00fct\u00fcn bunlar i\u00e7in \u00f6dedi\u011fi a\u011f\u0131r bedellere \u015fahitlik edecek, hakikati hayk\u0131ran \u00f6zg\u00fcr ruhlu bir bilgenin \u00e7ilelerle \u015fekillenmi\u015f g\u00f6n\u00fcl co\u011frafyas\u0131na misafir olacaks\u0131n\u0131z.<\/p>\n","protected":false},"excerpt":{"rendered":"<p>\u0130mam-\u0131 Azam Ebu Hanife; \u0130slam\u2019\u0131n evrensel ilkelerinin izini s\u00fcrerek temel de\u011ferlerimize vurgu yapm\u0131\u015f, \u00f6nc\u00fc fikirleriyle hem ya\u015fad\u0131\u011f\u0131 asr\u0131n hem de gelecek y\u00fczy\u0131llar\u0131n y\u00fcre\u011fini mayalamay\u0131 ba\u015farm\u0131\u015f, insanl\u0131k<span class=\"excerpt-hellip\"> [\u2026]<\/span><\/p>\n","protected":false},"featured_media":0,"template":"","meta":{"_monsterinsights_skip_tracking":false,"_monsterinsights_sitenote_active":false,"_monsterinsights_sitenote_note":"","_monsterinsights_sitenote_category":0},"product_brand":[],"product_cat":[12291,12711],"product_tag":[],"class_list":{"0":"post-751119","1":"product","2":"type-product","3":"status-publish","5":"product_cat-edebiyat","6":"product_cat-roman-oyku","7":"pa_cilt-ciltsiz","8":"pa_tur-kitap","9":"pa_yayinevi-otuken-nesriyat","10":"pa_yazar-mursel-gundogdu","12":"first","13":"instock","14":"sale","15":"shipping-taxable","16":"purchasable","17":"product-type-simple"},"_links":{"self":[{"href":"https:\/\/roveyayinevi.com.tr\/index.php\/wp-json\/wp\/v2\/product\/751119","targetHints":{"allow":["GET"]}}],"collection":[{"href":"https:\/\/roveyayinevi.com.tr\/index.php\/wp-json\/wp\/v2\/product"}],"about":[{"href":"https:\/\/roveyayinevi.com.tr\/index.php\/wp-json\/wp\/v2\/types\/product"}],"wp:attachment":[{"href":"https:\/\/roveyayinevi.com.tr\/index.php\/wp-json\/wp\/v2\/media?parent=751119"}],"wp:term":[{"taxonomy":"product_brand","embeddable":true,"href":"https:\/\/roveyayinevi.com.tr\/index.php\/wp-json\/wp\/v2\/product_brand?post=751119"},{"taxonomy":"product_cat","embeddable":true,"href":"https:\/\/roveyayinevi.com.tr\/index.php\/wp-json\/wp\/v2\/product_cat?post=751119"},{"taxonomy":"product_tag","embeddable":true,"href":"https:\/\/roveyayinevi.com.tr\/index.php\/wp-json\/wp\/v2\/product_tag?post=751119"}],"curies":[{"name":"wp","href":"https:\/\/api.w.org\/{rel}","templated":true}]}}