{"id":751117,"date":"2025-08-28T04:40:06","date_gmt":"2025-08-28T01:40:06","guid":{"rendered":"https:\/\/roveyayinevi.com.tr\/index.php\/urun\/letafetsiz-ama-evladiyelik-ogutler\/"},"modified":"2026-04-16T03:04:39","modified_gmt":"2026-04-16T00:04:39","slug":"letafetsiz-ama-evladiyelik-ogutler","status":"publish","type":"product","link":"https:\/\/roveyayinevi.com.tr\/index.php\/urun\/letafetsiz-ama-evladiyelik-ogutler\/","title":{"rendered":"Letafetsiz Ama Evladiyelik \u00d6\u011f\u00fctler"},"content":{"rendered":"<p>M\u00fcge Ceyhan bu hikayeleriyle bizi sanki \u00e7ok de\u011fer verdi\u011fi sand\u0131k odas\u0131na \u00e7a\u011f\u0131r\u0131yor. \u0130\u00e7inde kaybetmeye g\u00f6n\u00fcl indiremedi\u011fi, y\u0131llar boyunca \u00f6zenle saklad\u0131\u011f\u0131 insanlar\u0131n ve nesnelerin izlerini payla\u015fabilmek i\u00e7in\u2026 Bir \u00f6rt\u00fcdeki re\u00e7el izi, kirli bir k\u00fcll\u00fck, y\u0131kanmaktan y\u0131pranm\u0131\u015f bir kuma\u015f\u2026 Hayatlar\u2026Unutulamayanlar\u2026 Hik\u00e2yenin do\u011fas\u0131na yak\u0131\u015f\u0131r o ince ayr\u0131nt\u0131lar\u0131 yakalama \u00f6zeniyle\u2026 Buna bir de yazar\u0131n ressaml\u0131\u011f\u0131ndan gelen g\u00f6zlerin g\u00f6rd\u00fcklerini ekledi\u011finizde duygu y\u00fckl\u00fc bir g\u00f6rsel \u015f\u00f6lenle kar\u015f\u0131 kar\u015f\u0131ya kal\u0131yorsunuz. Umut veren gen\u00e7 hikayeciler ku\u015fa\u011f\u0131na hassasiyetini ve derinli\u011fini ta\u015f\u0131yan bir kalem kat\u0131ld\u0131.Mario Levi \u201cYa\u015fam\u0131m\u0131z\u0131n i\u00e7inde kimi zaman fark\u0131nda bile olmadan ge\u00e7ip gitti\u011fimiz anlar\u0131n, s\u0131radan gelen g\u00fcnlerin bazen ne kadar \u00f6zel oldu\u011funu yitip gittiklerinde anlar\u0131z ya&#8230; Bazen bir masa \u00f6rt\u00fcs\u00fcnde kalan kahve lekesi, bazen m\u00fcsvedde defterlerdeki k\u0131sa notlar, kimi zaman bak\u0131p g\u00f6rmedi\u011fimiz duygular\u0131n saklad\u0131\u011f\u0131 g\u00f6zlerdeki \u00e7ekmeceler gibi.\u015eansl\u0131ysak renkler solmadan ucundan yakalar\u0131z hayat\u0131m\u0131z\u0131, bazen de sepyala\u015fm\u0131\u015fan\u0131larda ya\u015fat\u0131r dururuz, tak\u0131lm\u0131\u015f plak misali.\u201dM\u00fcge Ceyhan<\/p>\n","protected":false},"excerpt":{"rendered":"<p>M\u00fcge Ceyhan bu hikayeleriyle bizi sanki \u00e7ok de\u011fer verdi\u011fi sand\u0131k odas\u0131na \u00e7a\u011f\u0131r\u0131yor. \u0130\u00e7inde kaybetmeye g\u00f6n\u00fcl indiremedi\u011fi, y\u0131llar boyunca \u00f6zenle saklad\u0131\u011f\u0131 insanlar\u0131n ve nesnelerin izlerini payla\u015fabilmek i\u00e7in\u2026<span class=\"excerpt-hellip\"> [\u2026]<\/span><\/p>\n","protected":false},"featured_media":0,"template":"","meta":{"_monsterinsights_skip_tracking":false,"_monsterinsights_sitenote_active":false,"_monsterinsights_sitenote_note":"","_monsterinsights_sitenote_category":0},"product_brand":[],"product_cat":[12291,12711],"product_tag":[],"class_list":{"0":"post-751117","1":"product","2":"type-product","3":"status-publish","5":"product_cat-edebiyat","6":"product_cat-roman-oyku","7":"pa_cilt-ciltsiz","8":"pa_tur-kitap","9":"pa_yayinevi-otuken-nesriyat","10":"pa_yazar-muge-ceyhan","12":"first","13":"instock","14":"sale","15":"shipping-taxable","16":"purchasable","17":"product-type-simple"},"_links":{"self":[{"href":"https:\/\/roveyayinevi.com.tr\/index.php\/wp-json\/wp\/v2\/product\/751117","targetHints":{"allow":["GET"]}}],"collection":[{"href":"https:\/\/roveyayinevi.com.tr\/index.php\/wp-json\/wp\/v2\/product"}],"about":[{"href":"https:\/\/roveyayinevi.com.tr\/index.php\/wp-json\/wp\/v2\/types\/product"}],"wp:attachment":[{"href":"https:\/\/roveyayinevi.com.tr\/index.php\/wp-json\/wp\/v2\/media?parent=751117"}],"wp:term":[{"taxonomy":"product_brand","embeddable":true,"href":"https:\/\/roveyayinevi.com.tr\/index.php\/wp-json\/wp\/v2\/product_brand?post=751117"},{"taxonomy":"product_cat","embeddable":true,"href":"https:\/\/roveyayinevi.com.tr\/index.php\/wp-json\/wp\/v2\/product_cat?post=751117"},{"taxonomy":"product_tag","embeddable":true,"href":"https:\/\/roveyayinevi.com.tr\/index.php\/wp-json\/wp\/v2\/product_tag?post=751117"}],"curies":[{"name":"wp","href":"https:\/\/api.w.org\/{rel}","templated":true}]}}