{"id":751116,"date":"2025-08-28T04:40:05","date_gmt":"2025-08-28T01:40:05","guid":{"rendered":"https:\/\/roveyayinevi.com.tr\/index.php\/urun\/ela-ve-sansin-ilk-yardim-maceralari\/"},"modified":"2026-04-16T03:04:07","modified_gmt":"2026-04-16T00:04:07","slug":"ela-ve-sansin-ilk-yardim-maceralari","status":"publish","type":"product","link":"https:\/\/roveyayinevi.com.tr\/index.php\/urun\/ela-ve-sansin-ilk-yardim-maceralari\/","title":{"rendered":"Ela ve \u015eans\u2019\u0131n \u0130lk Yard\u0131m Maceralar\u0131"},"content":{"rendered":"<p>Bazen hi\u00e7 ummad\u0131\u011f\u0131m\u0131z anlarda kazalar, yaralanmalar ve talihsiz olaylar ya\u015fayabiliriz. Peki bu durumlarda ne yapaca\u011f\u0131m\u0131z\u0131 biliyor muyuz? Ya mini okurlar\u0131m\u0131z\u2026 Ela da her \u00e7ocuk gibi ufak tefek kazalar ya\u015fay\u0131p zor durumlarda kald\u0131. Ama dostu \u015eans\u2019\u0131n da yard\u0131m\u0131 sayesinde h\u0131zla \u00e7\u00f6z\u00fcmler bulup, bu durumlar\u0131 atlatt\u0131.   \u00c7ocuklar i\u00e7in ilk yard\u0131m at\u00f6lyeleri d\u00fczenleyen ve alan\u0131nda uzman olan yazar,  \u00d6znur Karacao\u011flu\u2019nun harika kaleminden \u201c\u0130lk Yard\u0131m\u201d\u0131n \u00f6nemine dair e\u011flenceli ve bir o kadar faydal\u0131 bir hik\u00e2ye sizleri bekliyor.<\/p>\n","protected":false},"excerpt":{"rendered":"<p>Bazen hi\u00e7 ummad\u0131\u011f\u0131m\u0131z anlarda kazalar, yaralanmalar ve talihsiz olaylar ya\u015fayabiliriz. Peki bu durumlarda ne yapaca\u011f\u0131m\u0131z\u0131 biliyor muyuz? Ya mini okurlar\u0131m\u0131z\u2026 Ela da her \u00e7ocuk gibi ufak<span class=\"excerpt-hellip\"> [\u2026]<\/span><\/p>\n","protected":false},"featured_media":0,"template":"","meta":{"_monsterinsights_skip_tracking":false,"_monsterinsights_sitenote_active":false,"_monsterinsights_sitenote_note":"","_monsterinsights_sitenote_category":0},"product_brand":[],"product_cat":[12274,12284],"product_tag":[],"class_list":{"0":"post-751116","1":"product","2":"type-product","3":"status-publish","5":"product_cat-cocuk-ve-genclik-kitaplari","6":"product_cat-hikayeler","7":"pa_cilt-ciltsiz","8":"pa_tur-kitap","9":"pa_yayinevi-luna-cocuk-yayinlari","10":"pa_yazar-oznur-karacaoglu","12":"first","13":"instock","14":"sale","15":"shipping-taxable","16":"purchasable","17":"product-type-simple"},"_links":{"self":[{"href":"https:\/\/roveyayinevi.com.tr\/index.php\/wp-json\/wp\/v2\/product\/751116","targetHints":{"allow":["GET"]}}],"collection":[{"href":"https:\/\/roveyayinevi.com.tr\/index.php\/wp-json\/wp\/v2\/product"}],"about":[{"href":"https:\/\/roveyayinevi.com.tr\/index.php\/wp-json\/wp\/v2\/types\/product"}],"wp:attachment":[{"href":"https:\/\/roveyayinevi.com.tr\/index.php\/wp-json\/wp\/v2\/media?parent=751116"}],"wp:term":[{"taxonomy":"product_brand","embeddable":true,"href":"https:\/\/roveyayinevi.com.tr\/index.php\/wp-json\/wp\/v2\/product_brand?post=751116"},{"taxonomy":"product_cat","embeddable":true,"href":"https:\/\/roveyayinevi.com.tr\/index.php\/wp-json\/wp\/v2\/product_cat?post=751116"},{"taxonomy":"product_tag","embeddable":true,"href":"https:\/\/roveyayinevi.com.tr\/index.php\/wp-json\/wp\/v2\/product_tag?post=751116"}],"curies":[{"name":"wp","href":"https:\/\/api.w.org\/{rel}","templated":true}]}}