{"id":751114,"date":"2025-08-28T04:40:01","date_gmt":"2025-08-28T01:40:01","guid":{"rendered":"https:\/\/roveyayinevi.com.tr\/index.php\/urun\/bir-goc-ne-birakir-ardinda\/"},"modified":"2026-04-16T03:04:07","modified_gmt":"2026-04-16T00:04:07","slug":"bir-goc-ne-birakir-ardinda","status":"publish","type":"product","link":"https:\/\/roveyayinevi.com.tr\/index.php\/urun\/bir-goc-ne-birakir-ardinda\/","title":{"rendered":"Bir G\u00f6\u00e7 Ne B\u0131rak\u0131r Ard\u0131nda?"},"content":{"rendered":"<p>\u201cG\u00f6\u00e7\u201d, uzaklar\u0131n suyuna, ekme\u011fine, r\u00fcyas\u0131na zorlad\u0131\u011f\u0131 \u00f6znesini seyyah, garip, s\u00fcrg\u00fcn, m\u00fclteci, muhacir ve yabanc\u0131 kavramlar\u0131yla tan\u0131mlar. Ayr\u0131ca hevesler, beklentiler, yitimler, korkular, dramlar ve bir o kadar da hen\u00fcz bilinmeyen nedenlerle bi\u00e7imler onu. Ancak g\u00f6\u00e7 \u00f6znesini en iyi bi\u00e7imleyen, gayesini hayal haritas\u0131na kaz\u0131m\u0131\u015f gayretin \u00e7ektirdi\u011fidir. Ama nedense bu olgu, \u00e7oklar\u0131na kar\u015f\u0131l\u0131ks\u0131z sevgiyi hat\u0131rlat\u0131r. Oysa sevgi kesintisiz devam eden de\u011fil, devam edebilme imk\u00e2n\u0131 olan bir \u015feydir.<\/p>\n","protected":false},"excerpt":{"rendered":"<p>\u201cG\u00f6\u00e7\u201d, uzaklar\u0131n suyuna, ekme\u011fine, r\u00fcyas\u0131na zorlad\u0131\u011f\u0131 \u00f6znesini seyyah, garip, s\u00fcrg\u00fcn, m\u00fclteci, muhacir ve yabanc\u0131 kavramlar\u0131yla tan\u0131mlar. Ayr\u0131ca hevesler, beklentiler, yitimler, korkular, dramlar ve bir o kadar<span class=\"excerpt-hellip\"> [\u2026]<\/span><\/p>\n","protected":false},"featured_media":0,"template":"","meta":{"_monsterinsights_skip_tracking":false,"_monsterinsights_sitenote_active":false,"_monsterinsights_sitenote_note":"","_monsterinsights_sitenote_category":0},"product_brand":[],"product_cat":[12777,12291],"product_tag":[],"class_list":{"0":"post-751114","1":"product","2":"type-product","3":"status-publish","5":"product_cat-deneme","6":"product_cat-edebiyat","7":"pa_cilt-ciltsiz","8":"pa_tur-kitap","9":"pa_yayinevi-otuken-nesriyat","10":"pa_yazar-nazim-payam","12":"first","13":"instock","14":"sale","15":"shipping-taxable","16":"purchasable","17":"product-type-simple"},"_links":{"self":[{"href":"https:\/\/roveyayinevi.com.tr\/index.php\/wp-json\/wp\/v2\/product\/751114","targetHints":{"allow":["GET"]}}],"collection":[{"href":"https:\/\/roveyayinevi.com.tr\/index.php\/wp-json\/wp\/v2\/product"}],"about":[{"href":"https:\/\/roveyayinevi.com.tr\/index.php\/wp-json\/wp\/v2\/types\/product"}],"wp:attachment":[{"href":"https:\/\/roveyayinevi.com.tr\/index.php\/wp-json\/wp\/v2\/media?parent=751114"}],"wp:term":[{"taxonomy":"product_brand","embeddable":true,"href":"https:\/\/roveyayinevi.com.tr\/index.php\/wp-json\/wp\/v2\/product_brand?post=751114"},{"taxonomy":"product_cat","embeddable":true,"href":"https:\/\/roveyayinevi.com.tr\/index.php\/wp-json\/wp\/v2\/product_cat?post=751114"},{"taxonomy":"product_tag","embeddable":true,"href":"https:\/\/roveyayinevi.com.tr\/index.php\/wp-json\/wp\/v2\/product_tag?post=751114"}],"curies":[{"name":"wp","href":"https:\/\/api.w.org\/{rel}","templated":true}]}}