{"id":751112,"date":"2025-08-28T04:39:57","date_gmt":"2025-08-28T01:39:57","guid":{"rendered":"https:\/\/roveyayinevi.com.tr\/index.php\/urun\/gokkusagi-baligi\/"},"modified":"2026-04-16T03:04:07","modified_gmt":"2026-04-16T00:04:07","slug":"gokkusagi-baligi","status":"publish","type":"product","link":"https:\/\/roveyayinevi.com.tr\/index.php\/urun\/gokkusagi-baligi\/","title":{"rendered":"G\u00f6kku\u015fa\u011f\u0131 Bal\u0131\u011f\u0131"},"content":{"rendered":"<p>Deniz Y\u0131ld\u0131z\u0131 Kasabas\u0131\u2019nda her y\u0131l \u201cY\u0131l\u0131n En G\u00f6steri\u015fli Bal\u0131\u011f\u0131\u201d yar\u0131\u015fmas\u0131 d\u00fczenleniyordu. Bu yar\u0131\u015fma i\u00e7in \u00e7ok \u00e7al\u0131\u015fm\u0131\u015f olan G\u00f6kku\u015fa\u011f\u0131 Bal\u0131\u011f\u0131 ise Defne\u2019nin kovas\u0131ndayd\u0131. Defne\u2019nin en b\u00fcy\u00fck hayali, bir g\u00fcn bal\u0131k tutabilmekti. Peki, \u015fimdi Defne ne yapmal\u0131yd\u0131?   Hayaller ve ya\u015fanan anlar\u0131n k\u0131ymeti \u00fczerine s\u0131cac\u0131k bir hik\u00e2ye&#8230;<\/p>\n","protected":false},"excerpt":{"rendered":"<p>Deniz Y\u0131ld\u0131z\u0131 Kasabas\u0131\u2019nda her y\u0131l \u201cY\u0131l\u0131n En G\u00f6steri\u015fli Bal\u0131\u011f\u0131\u201d yar\u0131\u015fmas\u0131 d\u00fczenleniyordu. Bu yar\u0131\u015fma i\u00e7in \u00e7ok \u00e7al\u0131\u015fm\u0131\u015f olan G\u00f6kku\u015fa\u011f\u0131 Bal\u0131\u011f\u0131 ise Defne\u2019nin kovas\u0131ndayd\u0131. Defne\u2019nin en b\u00fcy\u00fck hayali,<span class=\"excerpt-hellip\"> [\u2026]<\/span><\/p>\n","protected":false},"featured_media":0,"template":"","meta":{"_monsterinsights_skip_tracking":false,"_monsterinsights_sitenote_active":false,"_monsterinsights_sitenote_note":"","_monsterinsights_sitenote_category":0},"product_brand":[],"product_cat":[12274,12284],"product_tag":[],"class_list":{"0":"post-751112","1":"product","2":"type-product","3":"status-publish","5":"product_cat-cocuk-ve-genclik-kitaplari","6":"product_cat-hikayeler","7":"pa_cilt-ciltsiz","8":"pa_tur-kitap","9":"pa_yayinevi-luna-cocuk-yayinlari","10":"pa_yazar-aygul-yildirim","12":"first","13":"instock","14":"sale","15":"shipping-taxable","16":"purchasable","17":"product-type-simple"},"_links":{"self":[{"href":"https:\/\/roveyayinevi.com.tr\/index.php\/wp-json\/wp\/v2\/product\/751112","targetHints":{"allow":["GET"]}}],"collection":[{"href":"https:\/\/roveyayinevi.com.tr\/index.php\/wp-json\/wp\/v2\/product"}],"about":[{"href":"https:\/\/roveyayinevi.com.tr\/index.php\/wp-json\/wp\/v2\/types\/product"}],"wp:attachment":[{"href":"https:\/\/roveyayinevi.com.tr\/index.php\/wp-json\/wp\/v2\/media?parent=751112"}],"wp:term":[{"taxonomy":"product_brand","embeddable":true,"href":"https:\/\/roveyayinevi.com.tr\/index.php\/wp-json\/wp\/v2\/product_brand?post=751112"},{"taxonomy":"product_cat","embeddable":true,"href":"https:\/\/roveyayinevi.com.tr\/index.php\/wp-json\/wp\/v2\/product_cat?post=751112"},{"taxonomy":"product_tag","embeddable":true,"href":"https:\/\/roveyayinevi.com.tr\/index.php\/wp-json\/wp\/v2\/product_tag?post=751112"}],"curies":[{"name":"wp","href":"https:\/\/api.w.org\/{rel}","templated":true}]}}