{"id":751108,"date":"2025-08-28T04:39:52","date_gmt":"2025-08-28T01:39:52","guid":{"rendered":"https:\/\/roveyayinevi.com.tr\/index.php\/urun\/ela-ve-sansla-guvenli-beslenme\/"},"modified":"2026-04-16T03:04:07","modified_gmt":"2026-04-16T00:04:07","slug":"ela-ve-sansla-guvenli-beslenme","status":"publish","type":"product","link":"https:\/\/roveyayinevi.com.tr\/index.php\/urun\/ela-ve-sansla-guvenli-beslenme\/","title":{"rendered":"Ela ve \u015eans\u2019la G\u00fcvenli Beslenme"},"content":{"rendered":"<p>Yemek yemek ne kadar tehlikeli olabilir? Peki bu tehlikelerden kendimizi nas\u0131l koruyabiliriz? Ela bu tehlikeleri bilmiyordu ama \u00f6\u011frendi. En g\u00fczeli de bu tehlikelerden korunmak i\u00e7in art\u0131k bir g\u00fcce sahipti.   \u201cS\u0130H\u0130RL\u0130 S\u00d6ZC\u00dcKLER\u201d   \u00d6\u011frendiklerini arkada\u015flar\u0131na anlatmak i\u00e7in sad\u0131k dostu \u015eans\u2019\u0131n da yard\u0131m\u0131yla harika bir g\u00f6steri haz\u0131rlad\u0131. Peki bu sihirli s\u00f6zc\u00fcklerin \u00f6nemini onlara anlatabilecek miydi?   \u00d6znur Karacao\u011flu\u2019nun harika kaleminden G\u00fcvenli Beslenme\u2019ye dair e\u011flenceli bir hik\u00e2ye sizleri bekliyor.<\/p>\n","protected":false},"excerpt":{"rendered":"<p>Yemek yemek ne kadar tehlikeli olabilir? Peki bu tehlikelerden kendimizi nas\u0131l koruyabiliriz? Ela bu tehlikeleri bilmiyordu ama \u00f6\u011frendi. En g\u00fczeli de bu tehlikelerden korunmak i\u00e7in art\u0131k<span class=\"excerpt-hellip\"> [\u2026]<\/span><\/p>\n","protected":false},"featured_media":0,"template":"","meta":{"_monsterinsights_skip_tracking":false,"_monsterinsights_sitenote_active":false,"_monsterinsights_sitenote_note":"","_monsterinsights_sitenote_category":0},"product_brand":[],"product_cat":[12274,12284],"product_tag":[],"class_list":{"0":"post-751108","1":"product","2":"type-product","3":"status-publish","5":"product_cat-cocuk-ve-genclik-kitaplari","6":"product_cat-hikayeler","7":"pa_cilt-ciltsiz","8":"pa_tur-kitap","9":"pa_yayinevi-luna-cocuk-yayinlari","10":"pa_yazar-oznur-karacaoglu","12":"first","13":"instock","14":"sale","15":"shipping-taxable","16":"purchasable","17":"product-type-simple"},"_links":{"self":[{"href":"https:\/\/roveyayinevi.com.tr\/index.php\/wp-json\/wp\/v2\/product\/751108","targetHints":{"allow":["GET"]}}],"collection":[{"href":"https:\/\/roveyayinevi.com.tr\/index.php\/wp-json\/wp\/v2\/product"}],"about":[{"href":"https:\/\/roveyayinevi.com.tr\/index.php\/wp-json\/wp\/v2\/types\/product"}],"wp:attachment":[{"href":"https:\/\/roveyayinevi.com.tr\/index.php\/wp-json\/wp\/v2\/media?parent=751108"}],"wp:term":[{"taxonomy":"product_brand","embeddable":true,"href":"https:\/\/roveyayinevi.com.tr\/index.php\/wp-json\/wp\/v2\/product_brand?post=751108"},{"taxonomy":"product_cat","embeddable":true,"href":"https:\/\/roveyayinevi.com.tr\/index.php\/wp-json\/wp\/v2\/product_cat?post=751108"},{"taxonomy":"product_tag","embeddable":true,"href":"https:\/\/roveyayinevi.com.tr\/index.php\/wp-json\/wp\/v2\/product_tag?post=751108"}],"curies":[{"name":"wp","href":"https:\/\/api.w.org\/{rel}","templated":true}]}}