{"id":751107,"date":"2025-08-28T04:39:50","date_gmt":"2025-08-28T01:39:50","guid":{"rendered":"https:\/\/roveyayinevi.com.tr\/index.php\/urun\/donusum-icin-kocluk\/"},"modified":"2025-10-05T21:38:19","modified_gmt":"2025-10-05T18:38:19","slug":"donusum-icin-kocluk","status":"publish","type":"product","link":"https:\/\/roveyayinevi.com.tr\/index.php\/urun\/donusum-icin-kocluk\/","title":{"rendered":"D\u00f6n\u00fc\u015f\u00fcm \u0130\u00e7in Ko\u00e7luk"},"content":{"rendered":"<p>Bu kitap, Master Certified Coach (MCC) Can Deniz Timur taraf\u0131ndan, \u00fcst d\u00fczey kurumlar ve binlerce birey ile ger\u00e7ekle\u015ftirilen on iki y\u0131ll\u0131k ko\u00e7luk \u00e7al\u0131\u015fmas\u0131n\u0131n sonucunda ortaya konmu\u015ftur. D\u00f6n\u00fc\u015f\u00fcm yolculu\u011fundaki ko\u00e7lar, liderler ve potansiyelini ortaya \u00e7\u0131karmak isteyen her birey i\u00e7in faydal\u0131 bilgiler ve ara\u00e7lar i\u00e7ermektedir.   D\u00f6n\u00fc\u015f\u00fcmsel Ko\u00e7luk Modeli, ko\u00e7lu\u011fu bir disiplin d\u00e2hilinde uygulamak, faydalar\u0131n\u0131 maksimize etmek, ko\u00e7luk \u00e7al\u0131\u015fmalar\u0131n\u0131 kolayla\u015ft\u0131rmak, s\u00fcre\u00e7 tasar\u0131m\u0131n\u0131 her dan\u0131\u015fan i\u00e7in \u00f6zelle\u015ftirmek ad\u0131na \u00f6zenle haz\u0131rlanm\u0131\u015f bir modeldir. Model, i\u00e7ten d\u0131\u015fa ko\u00e7luk seanslar\u0131na, g\u00fc\u00e7l\u00fc kaynaklar olu\u015fturmaya, b\u00fct\u00fcnsel bir ko\u00e7luk ili\u015fkisine ve t\u00fcm s\u00fcrece d\u0131\u015fardan bakan b\u00fcy\u00fck resme odaklanmaktad\u0131r. Ko\u00e7luk yetkinliklerinde uzmanla\u015fmak, ki\u015fisel fark\u0131ndal\u0131\u011f\u0131n\u0131z\u0131 art\u0131rmak, ileti\u015fim yetkinliklerinizi ileri ta\u015f\u0131mak, de\u011fi\u015fim s\u00fcre\u00e7lerini daha iyi anlamak i\u00e7in d\u00f6n\u00fc\u015f\u00fcm yolculu\u011funa ba\u015flayabilirsiniz.<\/p>\n","protected":false},"excerpt":{"rendered":"<p>Bu kitap, Master Certified Coach (MCC) Can Deniz Timur taraf\u0131ndan, \u00fcst d\u00fczey kurumlar ve binlerce birey ile ger\u00e7ekle\u015ftirilen on iki y\u0131ll\u0131k ko\u00e7luk \u00e7al\u0131\u015fmas\u0131n\u0131n sonucunda ortaya konmu\u015ftur.<span class=\"excerpt-hellip\"> [\u2026]<\/span><\/p>\n","protected":false},"featured_media":0,"template":"","meta":{"_monsterinsights_skip_tracking":false,"_monsterinsights_sitenote_active":false,"_monsterinsights_sitenote_note":"","_monsterinsights_sitenote_category":0},"product_brand":[],"product_cat":[12364,12376],"product_tag":[],"class_list":{"0":"post-751107","1":"product","2":"type-product","3":"status-publish","5":"product_cat-genel-konular","6":"product_cat-kisisel-gelisim","7":"pa_cilt-ciltsiz","8":"pa_tur-kitap","9":"pa_yayinevi-luna-yayinlari","10":"pa_yazar-can-deniz-timur","12":"first","13":"instock","14":"sale","15":"shipping-taxable","16":"purchasable","17":"product-type-simple"},"_links":{"self":[{"href":"https:\/\/roveyayinevi.com.tr\/index.php\/wp-json\/wp\/v2\/product\/751107","targetHints":{"allow":["GET"]}}],"collection":[{"href":"https:\/\/roveyayinevi.com.tr\/index.php\/wp-json\/wp\/v2\/product"}],"about":[{"href":"https:\/\/roveyayinevi.com.tr\/index.php\/wp-json\/wp\/v2\/types\/product"}],"wp:attachment":[{"href":"https:\/\/roveyayinevi.com.tr\/index.php\/wp-json\/wp\/v2\/media?parent=751107"}],"wp:term":[{"taxonomy":"product_brand","embeddable":true,"href":"https:\/\/roveyayinevi.com.tr\/index.php\/wp-json\/wp\/v2\/product_brand?post=751107"},{"taxonomy":"product_cat","embeddable":true,"href":"https:\/\/roveyayinevi.com.tr\/index.php\/wp-json\/wp\/v2\/product_cat?post=751107"},{"taxonomy":"product_tag","embeddable":true,"href":"https:\/\/roveyayinevi.com.tr\/index.php\/wp-json\/wp\/v2\/product_tag?post=751107"}],"curies":[{"name":"wp","href":"https:\/\/api.w.org\/{rel}","templated":true}]}}