{"id":751101,"date":"2025-08-28T04:39:42","date_gmt":"2025-08-28T01:39:42","guid":{"rendered":"https:\/\/roveyayinevi.com.tr\/index.php\/urun\/adan-zye-fijital-donusum-rehberi\/"},"modified":"2026-04-16T03:04:07","modified_gmt":"2026-04-16T00:04:07","slug":"adan-zye-fijital-donusum-rehberi","status":"publish","type":"product","link":"https:\/\/roveyayinevi.com.tr\/index.php\/urun\/adan-zye-fijital-donusum-rehberi\/","title":{"rendered":"A\u2019dan Z\u2019ye Fijital D\u00f6n\u00fc\u015f\u00fcm Rehberi"},"content":{"rendered":"<p>Fiziki ya da fiziksel i\u015fletmecilik. \u0130lk olarak duydu\u011fumuzda k\u0131smen kula\u011f\u0131m\u0131z\u0131 t\u0131rmalayan bir a\u00e7\u0131klama olsa da g\u00fcnl\u00fck ihtiya\u00e7lar\u0131m\u0131z\u0131 gidermek i\u00e7in u\u011frad\u0131\u011f\u0131m\u0131z marketten, pantolon almak i\u00e7in girdi\u011fimiz ma\u011faza gibi fiziki bir mekanda yer alan i\u015fletmeler i\u00e7in kullan\u0131lan a\u00e7\u0131klamad\u0131r.   Dijital ya da sanal i\u015fletme ise \u00e7evrimi\u00e7i hizmet veren pazaryeri platformlar\u0131nda veya kendi e-ticaret yap\u0131lar\u0131yla hizmet veren g\u00fcn\u00fcm\u00fczde ise instagram, facebook gibi sosyal medya platformlar\u0131nda sat\u0131\u015f yapan i\u015fletmeler i\u00e7in kullan\u0131lan kavramd\u0131r.   Bu d\u00f6n\u00fc\u015f\u00fcm\u00fc ger\u00e7ekle\u015ftiren i\u015fletmeler ise stok, finans, lojistik, tedarik, insan kaynaklar\u0131 ve reklam y\u00f6netimlerini tek bir panel \u00fczerinden takip ederken fiziksel ger\u00e7ek ya\u015fam alg\u0131 de\u011ferlerini sanal ger\u00e7eklik ile birle\u015ftirerek faaliyet g\u00f6sterdikleri pazarlarda daha az b\u00fct\u00e7eler ile daha fazla verim alma imkan\u0131na ula\u015ft\u0131lar.   Her kademesinde insan fonksiyonunun temel al\u0131nd\u0131\u011f\u0131 fiziksel i\u015fletmeler g\u00fcn\u00fcm\u00fczde ve gelecek d\u00fcnyada sadece geleneksel unsurlarla devam edemeyecekleri bu de\u011fi\u015fme ayak diretmeleri durumda maalesef yeni d\u00fcnya ticaretinde yer bulmakta zorlanacaklard\u0131r. <\/p>\n","protected":false},"excerpt":{"rendered":"<p>Fiziki ya da fiziksel i\u015fletmecilik. \u0130lk olarak duydu\u011fumuzda k\u0131smen kula\u011f\u0131m\u0131z\u0131 t\u0131rmalayan bir a\u00e7\u0131klama olsa da g\u00fcnl\u00fck ihtiya\u00e7lar\u0131m\u0131z\u0131 gidermek i\u00e7in u\u011frad\u0131\u011f\u0131m\u0131z marketten, pantolon almak i\u00e7in girdi\u011fimiz ma\u011faza<span class=\"excerpt-hellip\"> [\u2026]<\/span><\/p>\n","protected":false},"featured_media":0,"template":"","meta":{"_monsterinsights_skip_tracking":false,"_monsterinsights_sitenote_active":false,"_monsterinsights_sitenote_note":"","_monsterinsights_sitenote_category":0},"product_brand":[],"product_cat":[17969,13043],"product_tag":[],"class_list":{"0":"post-751101","1":"product","2":"type-product","3":"status-publish","5":"product_cat-e-ticaret","6":"product_cat-ekonomi","7":"pa_cilt-ciltsiz","8":"pa_tur-kitap","9":"pa_yayinevi-perge-yayinlari","10":"pa_yazar-baris-parlak","12":"first","13":"instock","14":"sale","15":"shipping-taxable","16":"purchasable","17":"product-type-simple"},"_links":{"self":[{"href":"https:\/\/roveyayinevi.com.tr\/index.php\/wp-json\/wp\/v2\/product\/751101","targetHints":{"allow":["GET"]}}],"collection":[{"href":"https:\/\/roveyayinevi.com.tr\/index.php\/wp-json\/wp\/v2\/product"}],"about":[{"href":"https:\/\/roveyayinevi.com.tr\/index.php\/wp-json\/wp\/v2\/types\/product"}],"wp:attachment":[{"href":"https:\/\/roveyayinevi.com.tr\/index.php\/wp-json\/wp\/v2\/media?parent=751101"}],"wp:term":[{"taxonomy":"product_brand","embeddable":true,"href":"https:\/\/roveyayinevi.com.tr\/index.php\/wp-json\/wp\/v2\/product_brand?post=751101"},{"taxonomy":"product_cat","embeddable":true,"href":"https:\/\/roveyayinevi.com.tr\/index.php\/wp-json\/wp\/v2\/product_cat?post=751101"},{"taxonomy":"product_tag","embeddable":true,"href":"https:\/\/roveyayinevi.com.tr\/index.php\/wp-json\/wp\/v2\/product_tag?post=751101"}],"curies":[{"name":"wp","href":"https:\/\/api.w.org\/{rel}","templated":true}]}}