{"id":751100,"date":"2025-08-28T04:39:40","date_gmt":"2025-08-28T01:39:40","guid":{"rendered":"https:\/\/roveyayinevi.com.tr\/index.php\/urun\/aysenin-bulut-projesi\/"},"modified":"2026-04-16T03:04:07","modified_gmt":"2026-04-16T00:04:07","slug":"aysenin-bulut-projesi","status":"publish","type":"product","link":"https:\/\/roveyayinevi.com.tr\/index.php\/urun\/aysenin-bulut-projesi\/","title":{"rendered":"Ay\u015fe&#8217;nin Bulut Projesi"},"content":{"rendered":"<p>Su dolu gezegenimiz nas\u0131l susuz kal\u0131yor? \u201cGu\u0308lu\u0308mseten O\u0308yku\u0308ler\u201d ve \u201cTombis\u0327 Kitaplar\u201d dizilerinin yan\u0131 s\u0131ra resimli \u00f6yku\u0308leriyle de c\u0327ok sevilen sanatc\u0327\u0131, du\u0308s\u0327u\u0308nu\u0308r Behi\u00e7 Ak, do\u011fayla insan\u0131n uyum ic\u0327inde yas\u0327ayaca\u011f\u0131 bir gelecek ic\u0327in bilimsel bir \u00f6yku\u0308 anlat\u0131yor. Du\u0308nyan\u0131n en \u00f6nemli sorunlar\u0131ndan su krizine dikkat c\u0327ekerken, bir c\u0327ocu\u011fun g\u00f6zu\u0308nden, kentles\u0327menin, ormans\u0131zlas\u0327man\u0131n, iklim de\u011fis\u0327ikli\u011finin gezegenimizin su kaynaklar\u0131na ciddi etkilerini aktar\u0131yor. Su uzman\u0131 Dr. Akgu\u0308n \u0130lhan\u2019\u0131n dan\u0131s\u0327manl\u0131\u011f\u0131nda yenilenen resimli kitap, c\u0327ocuklar\u0131 ve yetis\u0327kinleri, topraktan havaya, gezegenimizin tu\u0308m ekosistemi u\u0308zerine ortak okumalara ve birlikte \u00f6\u011frenmeye c\u0327a\u011f\u0131r\u0131yor. Ays\u0327e, t\u0131rmanmaya bay\u0131ld\u0131g\u0306\u0131 ceviz ag\u0306ac\u0131n\u0131n kurumaya bas\u0327lad\u0131g\u0306\u0131n\u0131 go\u0308ru\u0308p, evden su getirmeye kos\u0327ar. Ancak, yag\u0306\u0131s\u0327s\u0131z gec\u0327en gu\u0308nler nedeniyle su kesintisi bas\u0327lat\u0131lm\u0131s\u0327t\u0131r. Demek ki, bir yag\u0306mur bulutu olus\u0327turmal\u0131d\u0131r. Ama nas\u0131l?.. O s\u0131rada tepelerinde beliren minik bir bulut, Ays\u0327e ve kedisi Sarman\u2019\u0131 go\u0308kyu\u0308zu\u0308nde bir gezintiye c\u0327\u0131kar\u0131r. I\u0307kisi de, dog\u0306adaki su do\u0308ngu\u0308su\u0308nden c\u0327evre kirlilig\u0306ine, yenilenebilir enerji kaynaklar\u0131ndan suyun verimli kullan\u0131m\u0131na ve s\u0327ehir planlamas\u0131na kadar pek c\u0327ok s\u0327ey o\u0308g\u0306renecektir&#8230;<\/p>\n","protected":false},"excerpt":{"rendered":"<p>Su dolu gezegenimiz nas\u0131l susuz kal\u0131yor? \u201cGu\u0308lu\u0308mseten O\u0308yku\u0308ler\u201d ve \u201cTombis\u0327 Kitaplar\u201d dizilerinin yan\u0131 s\u0131ra resimli \u00f6yku\u0308leriyle de c\u0327ok sevilen sanatc\u0327\u0131, du\u0308s\u0327u\u0308nu\u0308r Behi\u00e7 Ak, do\u011fayla insan\u0131n uyum<span class=\"excerpt-hellip\"> [\u2026]<\/span><\/p>\n","protected":false},"featured_media":0,"template":"","meta":{"_monsterinsights_skip_tracking":false,"_monsterinsights_sitenote_active":false,"_monsterinsights_sitenote_note":"","_monsterinsights_sitenote_category":0},"product_brand":[],"product_cat":[12274,12284],"product_tag":[],"class_list":{"0":"post-751100","1":"product","2":"type-product","3":"status-publish","5":"product_cat-cocuk-ve-genclik-kitaplari","6":"product_cat-hikayeler","7":"pa_cilt-ciltsiz","8":"pa_tur-kitap","9":"pa_yayinevi-gunisigi-kitapligi","10":"pa_yazar-behic-ak","12":"first","13":"instock","14":"sale","15":"shipping-taxable","16":"purchasable","17":"product-type-simple"},"_links":{"self":[{"href":"https:\/\/roveyayinevi.com.tr\/index.php\/wp-json\/wp\/v2\/product\/751100","targetHints":{"allow":["GET"]}}],"collection":[{"href":"https:\/\/roveyayinevi.com.tr\/index.php\/wp-json\/wp\/v2\/product"}],"about":[{"href":"https:\/\/roveyayinevi.com.tr\/index.php\/wp-json\/wp\/v2\/types\/product"}],"wp:attachment":[{"href":"https:\/\/roveyayinevi.com.tr\/index.php\/wp-json\/wp\/v2\/media?parent=751100"}],"wp:term":[{"taxonomy":"product_brand","embeddable":true,"href":"https:\/\/roveyayinevi.com.tr\/index.php\/wp-json\/wp\/v2\/product_brand?post=751100"},{"taxonomy":"product_cat","embeddable":true,"href":"https:\/\/roveyayinevi.com.tr\/index.php\/wp-json\/wp\/v2\/product_cat?post=751100"},{"taxonomy":"product_tag","embeddable":true,"href":"https:\/\/roveyayinevi.com.tr\/index.php\/wp-json\/wp\/v2\/product_tag?post=751100"}],"curies":[{"name":"wp","href":"https:\/\/api.w.org\/{rel}","templated":true}]}}