{"id":751099,"date":"2025-08-28T04:39:39","date_gmt":"2025-08-28T01:39:39","guid":{"rendered":"https:\/\/roveyayinevi.com.tr\/index.php\/urun\/ben-buradayim-2\/"},"modified":"2025-12-30T11:09:50","modified_gmt":"2025-12-30T08:09:50","slug":"ben-buradayim-2","status":"publish","type":"product","link":"https:\/\/roveyayinevi.com.tr\/index.php\/urun\/ben-buradayim-2\/","title":{"rendered":"Ben Buraday\u0131m"},"content":{"rendered":"<p>\u201c\u0130yi bir hayat hik\u00e2yesi yazmak, bir hayat ya\u015famak kadar zordur.\u201d O\u011fuz Atay   \u201cBen Buraday\u0131m\u2026\u201d edebiyat ara\u015ft\u0131rmac\u0131s\u0131 Y\u0131ld\u0131z Ecevit\u2019in T\u00fcrk edebiyat\u0131n\u0131n k\u00fclt yazarlar\u0131ndan O\u011fuz Atay\u2019\u0131n biyografik ve kurmaca d\u00fcnyas\u0131n\u0131 kaleme ald\u0131\u011f\u0131 eseridir. O\u011fuz Atay\u2019\u0131n ya\u015fam\u0131 ve edebiyat yolculu\u011fu ilk kez kitapla\u015f\u0131rken, Y\u0131ld\u0131z Ecevit yazar\u0131n yap\u0131tlar\u0131 ile ya\u015fam\u0131n\u0131n kesi\u015fti\u011fi noktalar\u0131 incelikle sapt\u0131yor. Atay\u2019\u0131n \u00e7ocuklu\u011fu, ailesi, dostlar\u0131, yaz\u0131n arkada\u015flar\u0131, yazmakla ge\u00e7en y\u0131llar, ba\u015far\u0131 ve ba\u015far\u0131s\u0131zl\u0131klar, hastal\u0131\u011f\u0131\u2026. ve t\u00fcm esin ustalar\u0131! \u201cBen Buraday\u0131m\u2026\u201dda, tamamlanamayan bir k\u00fclliyat\u0131n ve yarat\u0131c\u0131s\u0131n\u0131n ya\u015fam ve metin odakl\u0131 kriti\u011fini okuyacaks\u0131n\u0131z.   Bu metnin O\u011fuz Atay\u2019\u0131, ku\u015fkusuz onun ya\u015famda ve kurmaca d\u00fcnyada b\u0131rakt\u0131\u011f\u0131 izlerin derlenmesinden olu\u015ftu. Ama bu izlerin metindeki hiyerar\u015fik konumlar\u0131n\u0131 belirlerken yapt\u0131\u011f\u0131m \u2013bilin\u00e7li ya da bilin\u00e7siz\u2013 se\u00e7imler ve yorumlar; onun bir \u00f6zelli\u011fini betimlerken, \u00e7o\u011fu kez fark\u0131nda olmadan kulland\u0131\u011f\u0131m bir s\u00f6zc\u00fc\u011f\u00fcn onay, anlay\u0131\u015f, sevgi, belki de hayranl\u0131k y\u00fckl\u00fc i\u00e7eri\u011fi ve her \u015feyden \u00f6nce de metnin kurgusu, Atay\u2019\u0131n \u201cBen Buraday\u0131m&#8230;\u201ddaki d\u00fcnyas\u0131nda, benim ister istemez b\u0131rakt\u0131\u011f\u0131m izlerdi. Bu kitab\u0131n O\u011fuz Atay\u2019\u0131, benim kimli\u011fimden s\u00fcz\u00fcl\u00fcp gelen bir O\u011fuz Atay: Benim O\u011fuz Atay\u2019\u0131m. Kim ger\u00e7e\u011fi kat\u0131ks\u0131z aktard\u0131m diyebilir ki? <\/p>\n","protected":false},"excerpt":{"rendered":"<p>\u201c\u0130yi bir hayat hik\u00e2yesi yazmak, bir hayat ya\u015famak kadar zordur.\u201d O\u011fuz Atay \u201cBen Buraday\u0131m\u2026\u201d edebiyat ara\u015ft\u0131rmac\u0131s\u0131 Y\u0131ld\u0131z Ecevit\u2019in T\u00fcrk edebiyat\u0131n\u0131n k\u00fclt yazarlar\u0131ndan O\u011fuz Atay\u2019\u0131n biyografik ve<span class=\"excerpt-hellip\"> [\u2026]<\/span><\/p>\n","protected":false},"featured_media":0,"template":"","meta":{"_monsterinsights_skip_tracking":false,"_monsterinsights_sitenote_active":false,"_monsterinsights_sitenote_note":"","_monsterinsights_sitenote_category":0},"product_brand":[],"product_cat":[14009,12291],"product_tag":[],"class_list":{"0":"post-751099","1":"product","2":"type-product","3":"status-publish","5":"product_cat-biyografi-otobiyografi-edebiyat","6":"product_cat-edebiyat","7":"pa_cilt-ciltsiz","8":"pa_tur-kitap","9":"pa_yayinevi-everest-yayinlari","10":"pa_yazar-yildiz-ecevit","12":"first","13":"instock","14":"sale","15":"shipping-taxable","16":"purchasable","17":"product-type-simple"},"_links":{"self":[{"href":"https:\/\/roveyayinevi.com.tr\/index.php\/wp-json\/wp\/v2\/product\/751099","targetHints":{"allow":["GET"]}}],"collection":[{"href":"https:\/\/roveyayinevi.com.tr\/index.php\/wp-json\/wp\/v2\/product"}],"about":[{"href":"https:\/\/roveyayinevi.com.tr\/index.php\/wp-json\/wp\/v2\/types\/product"}],"wp:attachment":[{"href":"https:\/\/roveyayinevi.com.tr\/index.php\/wp-json\/wp\/v2\/media?parent=751099"}],"wp:term":[{"taxonomy":"product_brand","embeddable":true,"href":"https:\/\/roveyayinevi.com.tr\/index.php\/wp-json\/wp\/v2\/product_brand?post=751099"},{"taxonomy":"product_cat","embeddable":true,"href":"https:\/\/roveyayinevi.com.tr\/index.php\/wp-json\/wp\/v2\/product_cat?post=751099"},{"taxonomy":"product_tag","embeddable":true,"href":"https:\/\/roveyayinevi.com.tr\/index.php\/wp-json\/wp\/v2\/product_tag?post=751099"}],"curies":[{"name":"wp","href":"https:\/\/api.w.org\/{rel}","templated":true}]}}