{"id":751097,"date":"2025-08-28T04:39:36","date_gmt":"2025-08-28T01:39:36","guid":{"rendered":"https:\/\/roveyayinevi.com.tr\/index.php\/urun\/6-subat-kahramanmaras-depremleri\/"},"modified":"2026-04-16T03:04:07","modified_gmt":"2026-04-16T00:04:07","slug":"6-subat-kahramanmaras-depremleri","status":"publish","type":"product","link":"https:\/\/roveyayinevi.com.tr\/index.php\/urun\/6-subat-kahramanmaras-depremleri\/","title":{"rendered":"6 \u015eubat Kahramanmara\u015f Depremleri"},"content":{"rendered":"<p>T\u00fcrkiye, devlet ve toplum olarak ola\u011fan\u00fcst\u00fc, \u00e7e\u015fitli meydan okumalar\u0131n i\u00e7 i\u00e7e oldu\u011fu ve zorluklar\u0131n birbirini takip etti\u011fi sert bir zaman diliminden ge\u00e7iyor. T\u00fcrkiye Cumhuriyeti Devleti 100. ya\u015f\u0131nda bir ba\u015fka \u201cMill\u00ee M\u00fccadele h\u00e2li\u201d olan bir \u201cafetler zinciri\u201d ile kar\u015f\u0131 kar\u015f\u0131ya kalm\u0131\u015ft\u0131r. Co\u011frafyan\u0131n kaderiyle insanl\u0131\u011f\u0131n kaderinin \u00e7at\u0131\u015ft\u0131\u011f\u0131 bu s\u00fcre\u00e7te, \u00fclke olarak a\u011f\u0131r bir bedel \u00f6dedik. Bununla birlikte hasarlar\u0131n giderilmesi ve yaralar\u0131n sar\u0131lmas\u0131 i\u00e7in 3 ay i\u00e7erisinde devlet ve toplum olarak sarf edilen \u00e7abalar, yap\u0131lan faaliyetler, g\u00f6sterilen dayan\u0131\u015fma ve yard\u0131mla\u015fma, birlik ve beraberlik ruhu ve verilen emekler; n\u00fcfusunun 6\u2019da 1\u2019ini, co\u011frafyas\u0131n\u0131n 7\u2019de 1\u2019ini ve illerinin do\u011frudan 8\u2019de 1\u2019ini etkileyen b\u00fcy\u00fck bir felaket an\u0131nda T\u00fcrkiye\u2019nin, devletin ve toplumun dayan\u0131kl\u0131l\u0131\u011f\u0131n\u0131 teyit etmi\u015ftir. Asla umutsuz de\u011filiz: Hep birlikte iyile\u015fece\u011fiz. 9 saat arayla 7,7 ve 7,6 b\u00fcy\u00fckl\u00fc\u011f\u00fcnde, 6-7 km derinlikte ve yo\u011fun yerle\u015fim merkezlerinin hemen alt\u0131nda ger\u00e7ekle\u015fen ve toplamda 21 il ve 175 il\u00e7ede y\u0131k\u0131mlara ve etkilere yol a\u00e7an 6 \u015eubat 2023 Kahramanmara\u015f Depremleri, bir\u00e7ok geli\u015fmi\u015f d\u00fcnya \u00fclkesinin y\u00fcz\u00f6l\u00e7\u00fcm\u00fcnden daha b\u00fcy\u00fck bir y\u00fcz\u00f6l\u00e7\u00fcm\u00fcn\u00fc ifade eden 110 bin kilometrekarelik bir co\u011frafyay\u0131 do\u011frudan etkilemi\u015f, on binlerce insan\u0131m\u0131z\u0131n \u00f6l\u00fcm\u00fcne ve y\u00fczbinlerce binan\u0131n y\u0131k\u0131lmas\u0131na veya hasarl\u0131 olarak kullan\u0131lmaz hale gelmesine yol a\u00e7m\u0131\u015f, milyonlarca insan\u0131m\u0131z yer de\u011fi\u015ftirmek zorunda kal\u0131rken milyonlarca insan\u0131m\u0131z da \u00e7ad\u0131r ve konteyner kentlerde ya\u015famaya ba\u015flam\u0131\u015ft\u0131r. T\u00fcrkiye, hem depremlerin b\u00fcy\u00fckl\u00fc\u011f\u00fc, \u015fiddeti ve enerjisi, hem de bir afetinin etkileri a\u00e7\u0131s\u0131ndan Cumhuriyet tarihinin en g\u00fc\u00e7l\u00fc y\u0131k\u0131m\u0131 ile kar\u015f\u0131 kar\u015f\u0131ya kalm\u0131\u015f, ger\u00e7ek anlam\u0131yla \u201cAsr\u0131n Felaketi\u201d ve bunun getirdi\u011fi insan\u00ee, siyas\u00ee, sosyal, ekonomik, asker\u00ee ve egemenlik boyutlar\u0131nda yans\u0131malar\u0131 olan \u00e7e\u015fitli sorunlarla y\u00fczle\u015fmi\u015ftir. Raporumuzda, teorik yakla\u015f\u0131mlar\u0131m\u0131z\u0131 14 g\u00fcnl\u00fck Deprem B\u00f6lgesi ziyaretinde edindi\u011fimiz veri, bilgi ve g\u00f6zlemlerle birle\u015ftirerek Kamu Y\u00f6netimi ve Sivil Toplum i\u015fbirli\u011fine dayal\u0131 \u201cB\u00fct\u00fcnle\u015fik Afet Y\u00f6netimi Modeli\/Sistemi\u201d anlay\u0131\u015f\u0131 kapsam\u0131nda de\u011ferlendirdik. Sorumluluk bilinci olarak harekete ge\u00e7me ilkemiz olan \u201cBen ne yapabilirim?\u201d sorusu ile ba\u015flayan ara\u015ft\u0131rmam\u0131z\u0131 \u201cBu felaketten daha iyi bir Afet Y\u00f6netimi i\u00e7in hangi dersler \u00e7\u0131kar\u0131labilir, neler yap\u0131labilir, ne gibi ad\u0131mlar at\u0131labilir?\u201d sorular\u0131 ile geni\u015flettik. Raporumuzdaki \u00f6nerilerin; toplumsal e\u011fitim, bilin\u00e7, zihniyet, yakla\u015f\u0131m, organizasyon ve uygulama d\u00f6n\u00fc\u015f\u00fcmleri ile birlikte \u00fclkemizin Yeni Afet Y\u00f6netimi Modeli\/Sistemi i\u00e7in katk\u0131 verici olmas\u0131n\u0131 diliyoruz. <\/p>\n","protected":false},"excerpt":{"rendered":"<p>T\u00fcrkiye, devlet ve toplum olarak ola\u011fan\u00fcst\u00fc, \u00e7e\u015fitli meydan okumalar\u0131n i\u00e7 i\u00e7e oldu\u011fu ve zorluklar\u0131n birbirini takip etti\u011fi sert bir zaman diliminden ge\u00e7iyor. T\u00fcrkiye Cumhuriyeti Devleti 100.<span class=\"excerpt-hellip\"> [\u2026]<\/span><\/p>\n","protected":false},"featured_media":0,"template":"","meta":{"_monsterinsights_skip_tracking":false,"_monsterinsights_sitenote_active":false,"_monsterinsights_sitenote_note":"","_monsterinsights_sitenote_category":0},"product_brand":[],"product_cat":[12325,12324],"product_tag":[],"class_list":{"0":"post-751097","1":"product","2":"type-product","3":"status-publish","5":"product_cat-diger-sosyoloji","6":"product_cat-sosyoloji","7":"pa_cilt-ciltsiz","8":"pa_tur-kitap","9":"pa_yayinevi-timas-yayinlari","10":"pa_yazar-erkan-cav","12":"first","13":"instock","14":"sale","15":"shipping-taxable","16":"purchasable","17":"product-type-simple"},"_links":{"self":[{"href":"https:\/\/roveyayinevi.com.tr\/index.php\/wp-json\/wp\/v2\/product\/751097","targetHints":{"allow":["GET"]}}],"collection":[{"href":"https:\/\/roveyayinevi.com.tr\/index.php\/wp-json\/wp\/v2\/product"}],"about":[{"href":"https:\/\/roveyayinevi.com.tr\/index.php\/wp-json\/wp\/v2\/types\/product"}],"wp:attachment":[{"href":"https:\/\/roveyayinevi.com.tr\/index.php\/wp-json\/wp\/v2\/media?parent=751097"}],"wp:term":[{"taxonomy":"product_brand","embeddable":true,"href":"https:\/\/roveyayinevi.com.tr\/index.php\/wp-json\/wp\/v2\/product_brand?post=751097"},{"taxonomy":"product_cat","embeddable":true,"href":"https:\/\/roveyayinevi.com.tr\/index.php\/wp-json\/wp\/v2\/product_cat?post=751097"},{"taxonomy":"product_tag","embeddable":true,"href":"https:\/\/roveyayinevi.com.tr\/index.php\/wp-json\/wp\/v2\/product_tag?post=751097"}],"curies":[{"name":"wp","href":"https:\/\/api.w.org\/{rel}","templated":true}]}}