{"id":751096,"date":"2025-08-28T04:39:34","date_gmt":"2025-08-28T01:39:34","guid":{"rendered":"https:\/\/roveyayinevi.com.tr\/index.php\/urun\/kendine-ait-bir-oda-livaneli-kitapligi\/"},"modified":"2026-04-16T03:04:07","modified_gmt":"2026-04-16T00:04:07","slug":"kendine-ait-bir-oda-livaneli-kitapligi","status":"publish","type":"product","link":"https:\/\/roveyayinevi.com.tr\/index.php\/urun\/kendine-ait-bir-oda-livaneli-kitapligi\/","title":{"rendered":"Kendine Ait Bir Oda &#8211; Livaneli Kitapl\u0131\u011f\u0131"},"content":{"rendered":"<p>\u201c\u0130sterseniz k\u00fct\u00fcphanelerinize kilit vurun, ama zihnimin \u00f6zg\u00fcrl\u00fc\u011f\u00fcne vurabilece\u011finiz ne bir kilit var ne bir s\u00fcrg\u00fc ne de kapatabilece\u011finiz bir kap\u0131.\u201d Kendine Ait Bir Oda ile \u201cKad\u0131nlar neden kurmaca metin yazamaz?\u201d sorusuna cevap arayan Virginia Woolf, k\u00fct\u00fcphane raflar\u0131 aras\u0131nda dola\u015farak, erkek egemen d\u00fcnyada kad\u0131nlar\u0131n edebiyattaki yerini tart\u0131\u015f\u0131yor. Erkeklerin kad\u0131nlara uygulad\u0131\u011f\u0131 bask\u0131lar\u0131 ve \u00f6tekile\u015ftirmeleri kabul etmeyerek, edebi \u00fcretimin temelini olu\u015fturan bo\u015f zaman, mahremiyet ve mali \u00f6zg\u00fcrl\u00fck gibi ko\u015fullar\u0131n gereklili\u011fine vurgu yaparak, sessizli\u011fe mahk\u00fbm edilen kad\u0131nlara \u015f\u00f6yle sesleniyor: \u201cBu nedenle sizden para kazanman\u0131z\u0131 ve kendinize ait bir odan\u0131z\u0131n olmas\u0131n\u0131 isterken a\u00e7\u0131k\u00e7a s\u00f6ylesem de s\u00f6ylemesem de, g\u00f6r\u00fcn\u00fc\u015fe g\u00f6re, hakikatle i\u00e7 i\u00e7e, insana canl\u0131l\u0131k veren bir hayat ya\u015faman\u0131z\u0131 istiyorum.\u201d Yay\u0131mland\u0131\u011f\u0131 tarihten itibaren onlarca dile \u00e7evrilen Kendine Ait Bir Oda, bu kez de edebiyat\u0131m\u0131z\u0131n usta kalemi Z\u00fclf\u00fc Livaneli\u2019nin \u00f6ns\u00f6z\u00fcyle okurlara sunuluyor. <\/p>\n","protected":false},"excerpt":{"rendered":"<p>\u201c\u0130sterseniz k\u00fct\u00fcphanelerinize kilit vurun, ama zihnimin \u00f6zg\u00fcrl\u00fc\u011f\u00fcne vurabilece\u011finiz ne bir kilit var ne bir s\u00fcrg\u00fc ne de kapatabilece\u011finiz bir kap\u0131.\u201d Kendine Ait Bir Oda ile \u201cKad\u0131nlar<span class=\"excerpt-hellip\"> [\u2026]<\/span><\/p>\n","protected":false},"featured_media":0,"template":"","meta":{"_monsterinsights_skip_tracking":false,"_monsterinsights_sitenote_active":false,"_monsterinsights_sitenote_note":"","_monsterinsights_sitenote_category":0},"product_brand":[],"product_cat":[12291,12711],"product_tag":[],"class_list":{"0":"post-751096","1":"product","2":"type-product","3":"status-publish","5":"product_cat-edebiyat","6":"product_cat-roman-oyku","7":"pa_cilt-ciltsiz","8":"pa_tur-kitap","9":"pa_yayinevi-inkilap-kitabevi","10":"pa_yazar-virginia-woolf","12":"first","13":"instock","14":"sale","15":"shipping-taxable","16":"purchasable","17":"product-type-simple"},"_links":{"self":[{"href":"https:\/\/roveyayinevi.com.tr\/index.php\/wp-json\/wp\/v2\/product\/751096","targetHints":{"allow":["GET"]}}],"collection":[{"href":"https:\/\/roveyayinevi.com.tr\/index.php\/wp-json\/wp\/v2\/product"}],"about":[{"href":"https:\/\/roveyayinevi.com.tr\/index.php\/wp-json\/wp\/v2\/types\/product"}],"wp:attachment":[{"href":"https:\/\/roveyayinevi.com.tr\/index.php\/wp-json\/wp\/v2\/media?parent=751096"}],"wp:term":[{"taxonomy":"product_brand","embeddable":true,"href":"https:\/\/roveyayinevi.com.tr\/index.php\/wp-json\/wp\/v2\/product_brand?post=751096"},{"taxonomy":"product_cat","embeddable":true,"href":"https:\/\/roveyayinevi.com.tr\/index.php\/wp-json\/wp\/v2\/product_cat?post=751096"},{"taxonomy":"product_tag","embeddable":true,"href":"https:\/\/roveyayinevi.com.tr\/index.php\/wp-json\/wp\/v2\/product_tag?post=751096"}],"curies":[{"name":"wp","href":"https:\/\/api.w.org\/{rel}","templated":true}]}}