{"id":751094,"date":"2025-08-28T04:39:30","date_gmt":"2025-08-28T01:39:30","guid":{"rendered":"https:\/\/roveyayinevi.com.tr\/index.php\/urun\/aynanin-icinden-livaneli-kitapligi\/"},"modified":"2026-04-16T03:04:07","modified_gmt":"2026-04-16T00:04:07","slug":"aynanin-icinden-livaneli-kitapligi","status":"publish","type":"product","link":"https:\/\/roveyayinevi.com.tr\/index.php\/urun\/aynanin-icinden-livaneli-kitapligi\/","title":{"rendered":"Aynan\u0131n \u0130\u00e7inden &#8211; Livaneli Kitapl\u0131\u011f\u0131"},"content":{"rendered":"<p>\u0130ngiltere\u2019nin \u00f6nemli matematik\u00e7isi ve efsanevi yazar\u0131 Lewis Carroll\u2019un yans\u0131ma etkili s\u0131ra d\u0131\u015f\u0131 eseri olan, s\u00fcr\u00fckleyici kurgusuyla ve ger\u00e7ek d\u00fczene yapt\u0131\u011f\u0131 ele\u015ftirilerle vazge\u00e7ilmez bir klasik haline gelen Aynan\u0131n \u0130\u00e7inden, edebiyat\u0131m\u0131z\u0131n usta kalemi Z\u00fclf\u00fc Livaneli \u00f6ns\u00f6z\u00fcyle okurlar\u0131yla yeniden bulu\u015fuyor! Olaylar\u0131n ilk \u00f6nce etkisinin ya\u015fand\u0131\u011f\u0131 yans\u0131ma bir d\u00fcnyada-evrende ge\u00e7en Aynan\u0131n \u0130\u00e7inden\u2019de kelimelerin yaz\u0131l\u0131\u015f \u015fekilleri de dahil olmak \u00fczere, her \u015fey ters bir d\u00fczende. Kedisini cezaland\u0131rmak i\u00e7in aynan\u0131n i\u00e7ine giren Alice, burada \u00f6zg\u00fcrl\u00fc\u011f\u00fcn tad\u0131n\u0131 \u00e7\u0131kar\u0131rken her \u015feyin ger\u00e7ek d\u00fcnyas\u0131ndan olduk\u00e7a farkl\u0131, ger\u00e7e\u011fin adeta bir yans\u0131mas\u0131 \u015feklinde oldu\u011funu g\u00f6r\u00fcyor. Aynan\u0131n i\u00e7inden ve i\u00e7indeki satran\u00e7 oyunundan kurtulmak i\u00e7in inatla \u00e7abalarken piyon olarak ba\u015flad\u0131\u011f\u0131 yans\u0131ma d\u00fcnyadan krali\u00e7e olarak uyan\u0131yor. B\u00fcy\u00fcmenin etkisinin t\u0131pk\u0131 satran\u00e7 hamleleri gibi kademe kademe ilerledi\u011fi eserde Alice, aynan\u0131n i\u00e7inde asl\u0131nda kendisini buluyor. <\/p>\n","protected":false},"excerpt":{"rendered":"<p>\u0130ngiltere\u2019nin \u00f6nemli matematik\u00e7isi ve efsanevi yazar\u0131 Lewis Carroll\u2019un yans\u0131ma etkili s\u0131ra d\u0131\u015f\u0131 eseri olan, s\u00fcr\u00fckleyici kurgusuyla ve ger\u00e7ek d\u00fczene yapt\u0131\u011f\u0131 ele\u015ftirilerle vazge\u00e7ilmez bir klasik haline gelen<span class=\"excerpt-hellip\"> [\u2026]<\/span><\/p>\n","protected":false},"featured_media":0,"template":"","meta":{"_monsterinsights_skip_tracking":false,"_monsterinsights_sitenote_active":false,"_monsterinsights_sitenote_note":"","_monsterinsights_sitenote_category":0},"product_brand":[],"product_cat":[12291,12711],"product_tag":[],"class_list":{"0":"post-751094","1":"product","2":"type-product","3":"status-publish","5":"product_cat-edebiyat","6":"product_cat-roman-oyku","7":"pa_cilt-ciltsiz","8":"pa_tur-kitap","9":"pa_yayinevi-inkilap-kitabevi","10":"pa_yazar-lewis-carroll","12":"first","13":"instock","14":"sale","15":"shipping-taxable","16":"purchasable","17":"product-type-simple"},"_links":{"self":[{"href":"https:\/\/roveyayinevi.com.tr\/index.php\/wp-json\/wp\/v2\/product\/751094","targetHints":{"allow":["GET"]}}],"collection":[{"href":"https:\/\/roveyayinevi.com.tr\/index.php\/wp-json\/wp\/v2\/product"}],"about":[{"href":"https:\/\/roveyayinevi.com.tr\/index.php\/wp-json\/wp\/v2\/types\/product"}],"wp:attachment":[{"href":"https:\/\/roveyayinevi.com.tr\/index.php\/wp-json\/wp\/v2\/media?parent=751094"}],"wp:term":[{"taxonomy":"product_brand","embeddable":true,"href":"https:\/\/roveyayinevi.com.tr\/index.php\/wp-json\/wp\/v2\/product_brand?post=751094"},{"taxonomy":"product_cat","embeddable":true,"href":"https:\/\/roveyayinevi.com.tr\/index.php\/wp-json\/wp\/v2\/product_cat?post=751094"},{"taxonomy":"product_tag","embeddable":true,"href":"https:\/\/roveyayinevi.com.tr\/index.php\/wp-json\/wp\/v2\/product_tag?post=751094"}],"curies":[{"name":"wp","href":"https:\/\/api.w.org\/{rel}","templated":true}]}}