{"id":751091,"date":"2025-08-28T04:39:25","date_gmt":"2025-08-28T01:39:25","guid":{"rendered":"https:\/\/roveyayinevi.com.tr\/index.php\/urun\/insan-neyle-yasar-livaneli-kitapligi\/"},"modified":"2026-04-16T03:04:07","modified_gmt":"2026-04-16T00:04:07","slug":"insan-neyle-yasar-livaneli-kitapligi","status":"publish","type":"product","link":"https:\/\/roveyayinevi.com.tr\/index.php\/urun\/insan-neyle-yasar-livaneli-kitapligi\/","title":{"rendered":"\u0130nsan Neyle Ya\u015far &#8211; Livaneli kitapl\u0131\u011f\u0131"},"content":{"rendered":"<p>Nas\u0131l daha iyi bir insan olabiliriz? Peki, insan\u0131 insan yapan nitelikler nelerdir? B\u00fcy\u00fck Rus yazar Lev Nikolayevi\u00e7 Tolstoy\u2019un \u0130nsan Neyle Ya\u015far ba\u015fl\u0131\u011f\u0131 alt\u0131nda toplanan hik\u00e2yeleri, insan olman\u0131n erdemine dair edebi bir sorgulama sunuyor. \u201c\u0130nsan Neyle Ya\u015far\u201d ba\u015fl\u0131kl\u0131 ana hik\u00e2yeyle birlikte \u00fc\u00e7 farkl\u0131 \u00f6yk\u00fcy\u00fc daha bir araya getiren bu eserde, din olgusundan hareketle iyilik ve merhamet gibi insani duygular incelikli bir anlat\u0131mla i\u015fleniyor. T\u00fcm d\u00fcnyada onlarca y\u0131ld\u0131r en \u00e7ok okunan eserler aras\u0131nda yer alan bu derleme, d\u00f6neminin \u00e7ok ilerisinde bir ahlak anlay\u0131\u015f\u0131 sunmas\u0131yla ve okurun maneviyat\u0131na hitap etmesiyle de dikkat \u00e7ekiyor. Tolstoy\u2019un klasikle\u015fmi\u015f romanlar\u0131n\u0131n yan\u0131nda duran ve farkl\u0131 bir edebi t\u00fcrdeki maharetini g\u00f6zler \u00f6n\u00fcne seren \u0130nsan Neyle Ya\u015far\u2019\u0131, Livaneli Kitapl\u0131\u011f\u0131 i\u00e7erisinde, Solmaz K\u00e2muran\u2019\u0131n \u00f6zenli \u00e7evirisiyle sunuyoruz. <\/p>\n","protected":false},"excerpt":{"rendered":"<p>Nas\u0131l daha iyi bir insan olabiliriz? Peki, insan\u0131 insan yapan nitelikler nelerdir? B\u00fcy\u00fck Rus yazar Lev Nikolayevi\u00e7 Tolstoy\u2019un \u0130nsan Neyle Ya\u015far ba\u015fl\u0131\u011f\u0131 alt\u0131nda toplanan hik\u00e2yeleri, insan<span class=\"excerpt-hellip\"> [\u2026]<\/span><\/p>\n","protected":false},"featured_media":0,"template":"","meta":{"_monsterinsights_skip_tracking":false,"_monsterinsights_sitenote_active":false,"_monsterinsights_sitenote_note":"","_monsterinsights_sitenote_category":0},"product_brand":[],"product_cat":[12291,12711],"product_tag":[],"class_list":{"0":"post-751091","1":"product","2":"type-product","3":"status-publish","5":"product_cat-edebiyat","6":"product_cat-roman-oyku","7":"pa_cilt-ciltsiz","8":"pa_tur-kitap","9":"pa_yayinevi-inkilap-kitabevi","10":"pa_yazar-lev-nikolayevic-tolstoy","12":"first","13":"instock","14":"sale","15":"shipping-taxable","16":"purchasable","17":"product-type-simple"},"_links":{"self":[{"href":"https:\/\/roveyayinevi.com.tr\/index.php\/wp-json\/wp\/v2\/product\/751091","targetHints":{"allow":["GET"]}}],"collection":[{"href":"https:\/\/roveyayinevi.com.tr\/index.php\/wp-json\/wp\/v2\/product"}],"about":[{"href":"https:\/\/roveyayinevi.com.tr\/index.php\/wp-json\/wp\/v2\/types\/product"}],"wp:attachment":[{"href":"https:\/\/roveyayinevi.com.tr\/index.php\/wp-json\/wp\/v2\/media?parent=751091"}],"wp:term":[{"taxonomy":"product_brand","embeddable":true,"href":"https:\/\/roveyayinevi.com.tr\/index.php\/wp-json\/wp\/v2\/product_brand?post=751091"},{"taxonomy":"product_cat","embeddable":true,"href":"https:\/\/roveyayinevi.com.tr\/index.php\/wp-json\/wp\/v2\/product_cat?post=751091"},{"taxonomy":"product_tag","embeddable":true,"href":"https:\/\/roveyayinevi.com.tr\/index.php\/wp-json\/wp\/v2\/product_tag?post=751091"}],"curies":[{"name":"wp","href":"https:\/\/api.w.org\/{rel}","templated":true}]}}