{"id":751089,"date":"2025-08-28T04:39:21","date_gmt":"2025-08-28T01:39:21","guid":{"rendered":"https:\/\/roveyayinevi.com.tr\/index.php\/urun\/korku-livaneli-kitapligi\/"},"modified":"2026-04-16T03:04:07","modified_gmt":"2026-04-16T00:04:07","slug":"korku-livaneli-kitapligi","status":"publish","type":"product","link":"https:\/\/roveyayinevi.com.tr\/index.php\/urun\/korku-livaneli-kitapligi\/","title":{"rendered":"Korku &#8211; Livaneli Kitapl\u0131\u011f\u0131"},"content":{"rendered":"<p>D\u00fcnya edebiyat\u0131n\u0131n usta yazar\u0131 Stefan Zweig\u2019dan aldatmak \u00fczerine tesirli bir ba\u015fyap\u0131t! Monoton bir evlili\u011fi ve iki \u00e7ocu\u011fu olan Irene\u2019nin zaman zaman g\u00f6r\u00fc\u015ft\u00fc\u011f\u00fc bir \u00e2\u015f\u0131\u011f\u0131 vard\u0131r. Belki de b\u00f6ylelikle hayat\u0131na biraz renk ve tutku katt\u0131\u011f\u0131n\u0131 d\u00fc\u015f\u00fcnmektedir. Ancak bir g\u00fcn, \u00e2\u015f\u0131\u011f\u0131n\u0131n evinden \u00e7\u0131kt\u0131\u011f\u0131nda kar\u015f\u0131la\u015ft\u0131\u011f\u0131 kad\u0131n, kurdu\u011fu b\u00fct\u00fcn dengeyi alt\u00fcst eder. \u00c2\u015f\u0131\u011f\u0131n\u0131n eski sevgilisi oldu\u011funu s\u00f6yleyen bu kad\u0131n, her \u015feyi e\u015fine anlatmakla onu tehdit ederek s\u00fcrekli para ister Irene\u2019den. Bitmek t\u00fckenmek bilmeyen bir d\u00f6ng\u00fcye giren Irene, korkunun pen\u00e7esinde; tela\u015f\u0131n, ac\u0131n\u0131n, vicdan azab\u0131n\u0131n dik bak\u0131\u015flar\u0131 alt\u0131ndad\u0131r. \u0130\u00e7inden \u00e7\u0131k\u0131lmas\u0131 g\u00fc\u00e7 bu d\u00f6ng\u00fcden \u00e7\u0131kman\u0131n veya \u015fa\u015fan teraziyi tekrar dengelemenin bir yolu var m\u0131d\u0131r? Korku, bu kez kalemiyle edebiyat\u0131m\u0131za unutulmayacak bir imza atan Z\u00fclf\u00fc Livaneli\u2019nin \u00f6ns\u00f6z\u00fcyle okurlar\u0131yla bulu\u015fuyor! <\/p>\n","protected":false},"excerpt":{"rendered":"<p>D\u00fcnya edebiyat\u0131n\u0131n usta yazar\u0131 Stefan Zweig\u2019dan aldatmak \u00fczerine tesirli bir ba\u015fyap\u0131t! Monoton bir evlili\u011fi ve iki \u00e7ocu\u011fu olan Irene\u2019nin zaman zaman g\u00f6r\u00fc\u015ft\u00fc\u011f\u00fc bir \u00e2\u015f\u0131\u011f\u0131 vard\u0131r. Belki<span class=\"excerpt-hellip\"> [\u2026]<\/span><\/p>\n","protected":false},"featured_media":0,"template":"","meta":{"_monsterinsights_skip_tracking":false,"_monsterinsights_sitenote_active":false,"_monsterinsights_sitenote_note":"","_monsterinsights_sitenote_category":0},"product_brand":[],"product_cat":[12291,12711],"product_tag":[],"class_list":{"0":"post-751089","1":"product","2":"type-product","3":"status-publish","5":"product_cat-edebiyat","6":"product_cat-roman-oyku","7":"pa_cilt-ciltsiz","8":"pa_tur-kitap","9":"pa_yayinevi-inkilap-kitabevi","10":"pa_yazar-stefan-zweig","12":"first","13":"instock","14":"sale","15":"shipping-taxable","16":"purchasable","17":"product-type-simple"},"_links":{"self":[{"href":"https:\/\/roveyayinevi.com.tr\/index.php\/wp-json\/wp\/v2\/product\/751089","targetHints":{"allow":["GET"]}}],"collection":[{"href":"https:\/\/roveyayinevi.com.tr\/index.php\/wp-json\/wp\/v2\/product"}],"about":[{"href":"https:\/\/roveyayinevi.com.tr\/index.php\/wp-json\/wp\/v2\/types\/product"}],"wp:attachment":[{"href":"https:\/\/roveyayinevi.com.tr\/index.php\/wp-json\/wp\/v2\/media?parent=751089"}],"wp:term":[{"taxonomy":"product_brand","embeddable":true,"href":"https:\/\/roveyayinevi.com.tr\/index.php\/wp-json\/wp\/v2\/product_brand?post=751089"},{"taxonomy":"product_cat","embeddable":true,"href":"https:\/\/roveyayinevi.com.tr\/index.php\/wp-json\/wp\/v2\/product_cat?post=751089"},{"taxonomy":"product_tag","embeddable":true,"href":"https:\/\/roveyayinevi.com.tr\/index.php\/wp-json\/wp\/v2\/product_tag?post=751089"}],"curies":[{"name":"wp","href":"https:\/\/api.w.org\/{rel}","templated":true}]}}