{"id":751087,"date":"2025-08-28T04:39:18","date_gmt":"2025-08-28T01:39:18","guid":{"rendered":"https:\/\/roveyayinevi.com.tr\/index.php\/urun\/mobukonun-aski-3\/"},"modified":"2026-04-16T03:04:07","modified_gmt":"2026-04-16T00:04:07","slug":"mobukonun-aski-3","status":"publish","type":"product","link":"https:\/\/roveyayinevi.com.tr\/index.php\/urun\/mobukonun-aski-3\/","title":{"rendered":"Mobuko\u2019nun A\u015fk\u0131 3"},"content":{"rendered":"<p>A\u015fk\u0131n son dura\u011f\u0131nda \u201chep b\u00f6yle\u201d diye bir \u015fey yoktur. Mevsimlerden yaz&#8230; Tu\u0308m cesaretimi toplayarak ba\u015fard\u0131\u011f\u0131m \u015fey, \u201csevdi\u011fim ki\u015fiyle konu\u015fabilmek\u201d denen ku\u0308\u00e7u\u0308k mucize. Ancak bu durum sonsuza dek su\u0308rmeyebilir. Bu yu\u0308zden hep bir ad\u0131m daha ileri gitmeliyim. Yan karakterlerimizin a\u015fk hikayesi, mesafeleri a\u015farak ilerliyor.<\/p>\n","protected":false},"excerpt":{"rendered":"<p>A\u015fk\u0131n son dura\u011f\u0131nda \u201chep b\u00f6yle\u201d diye bir \u015fey yoktur. Mevsimlerden yaz&#8230; Tu\u0308m cesaretimi toplayarak ba\u015fard\u0131\u011f\u0131m \u015fey, \u201csevdi\u011fim ki\u015fiyle konu\u015fabilmek\u201d denen ku\u0308\u00e7u\u0308k mucize. Ancak bu durum sonsuza<span class=\"excerpt-hellip\"> [\u2026]<\/span><\/p>\n","protected":false},"featured_media":0,"template":"","meta":{"_monsterinsights_skip_tracking":false,"_monsterinsights_sitenote_active":false,"_monsterinsights_sitenote_note":"","_monsterinsights_sitenote_category":0},"product_brand":[],"product_cat":[12416,12291],"product_tag":[],"class_list":{"0":"post-751087","1":"product","2":"type-product","3":"status-publish","5":"product_cat-cizgi-roman","6":"product_cat-edebiyat","7":"pa_cilt-ciltsiz","8":"pa_tur-kitap","9":"pa_yayinevi-kayip-kita-yayinlari","10":"pa_yazar-akane-tamura","12":"first","13":"instock","14":"sale","15":"shipping-taxable","16":"purchasable","17":"product-type-simple"},"_links":{"self":[{"href":"https:\/\/roveyayinevi.com.tr\/index.php\/wp-json\/wp\/v2\/product\/751087","targetHints":{"allow":["GET"]}}],"collection":[{"href":"https:\/\/roveyayinevi.com.tr\/index.php\/wp-json\/wp\/v2\/product"}],"about":[{"href":"https:\/\/roveyayinevi.com.tr\/index.php\/wp-json\/wp\/v2\/types\/product"}],"wp:attachment":[{"href":"https:\/\/roveyayinevi.com.tr\/index.php\/wp-json\/wp\/v2\/media?parent=751087"}],"wp:term":[{"taxonomy":"product_brand","embeddable":true,"href":"https:\/\/roveyayinevi.com.tr\/index.php\/wp-json\/wp\/v2\/product_brand?post=751087"},{"taxonomy":"product_cat","embeddable":true,"href":"https:\/\/roveyayinevi.com.tr\/index.php\/wp-json\/wp\/v2\/product_cat?post=751087"},{"taxonomy":"product_tag","embeddable":true,"href":"https:\/\/roveyayinevi.com.tr\/index.php\/wp-json\/wp\/v2\/product_tag?post=751087"}],"curies":[{"name":"wp","href":"https:\/\/api.w.org\/{rel}","templated":true}]}}