{"id":751081,"date":"2025-08-28T04:39:10","date_gmt":"2025-08-28T01:39:10","guid":{"rendered":"https:\/\/roveyayinevi.com.tr\/index.php\/urun\/sensiz-kalan-bu-sehri-yakmayi-cok-istedim\/"},"modified":"2026-04-16T03:04:07","modified_gmt":"2026-04-16T00:04:07","slug":"sensiz-kalan-bu-sehri-yakmayi-cok-istedim","status":"publish","type":"product","link":"https:\/\/roveyayinevi.com.tr\/index.php\/urun\/sensiz-kalan-bu-sehri-yakmayi-cok-istedim\/","title":{"rendered":"Sensiz Kalan Bu \u015eehri Yakmay\u0131 \u00c7ok \u0130stedim"},"content":{"rendered":"<p>Nurullah Gen\u00e7&#8217;in hayata arma\u011fan etti\u011fi kelimeler, \u015fiirin en g\u00fczel duraklar\u0131na g\u00f6t\u00fcr\u00fcyor okuru yeniden. sa\u00e7lar\u0131n dikildi kar\u015f\u0131ma bir sokak \u00f6tesinde her telinde parmaklar\u0131m\u0131n izleri parl\u0131yordu benzersiz kokunu al\u0131yordu k\u0131vr\u0131mlar\u0131ndan r\u00fczgar g\u00f6zleri doluyordu sa\u00e7lar\u0131na bakan kedilerin her biri bir kenarda darmada\u011f\u0131n \u00e7\u00f6melip kal\u0131yordu, yutkunuyordu rengi ka\u00e7\u0131yordu pencerelerde perdelerin nereye y\u00fcr\u00fcd\u00fcysem bak\u0131\u015f\u0131n, duru\u015fun, sesinanlad\u0131m; s\u00f6nd\u00fcrmeyelim tutu\u015fan y\u00fcre\u011fimikendimi yakm\u0131\u015f olurum yakarsam bu \u015fehri\u00e7\u00fcnk\u00fc sen her \u015feyinle bendesin<\/p>\n","protected":false},"excerpt":{"rendered":"<p>Nurullah Gen\u00e7&#8217;in hayata arma\u011fan etti\u011fi kelimeler, \u015fiirin en g\u00fczel duraklar\u0131na g\u00f6t\u00fcr\u00fcyor okuru yeniden. sa\u00e7lar\u0131n dikildi kar\u015f\u0131ma bir sokak \u00f6tesinde her telinde parmaklar\u0131m\u0131n izleri parl\u0131yordu benzersiz kokunu<span class=\"excerpt-hellip\"> [\u2026]<\/span><\/p>\n","protected":false},"featured_media":0,"template":"","meta":{"_monsterinsights_skip_tracking":false,"_monsterinsights_sitenote_active":false,"_monsterinsights_sitenote_note":"","_monsterinsights_sitenote_category":0},"product_brand":[],"product_cat":[12291,12509],"product_tag":[],"class_list":{"0":"post-751081","1":"product","2":"type-product","3":"status-publish","5":"product_cat-edebiyat","6":"product_cat-siir","7":"pa_cilt-ciltsiz","8":"pa_tur-kitap","9":"pa_yayinevi-timas-yayinlari","10":"pa_yazar-nurullah-genc","12":"first","13":"instock","14":"sale","15":"shipping-taxable","16":"purchasable","17":"product-type-simple"},"_links":{"self":[{"href":"https:\/\/roveyayinevi.com.tr\/index.php\/wp-json\/wp\/v2\/product\/751081","targetHints":{"allow":["GET"]}}],"collection":[{"href":"https:\/\/roveyayinevi.com.tr\/index.php\/wp-json\/wp\/v2\/product"}],"about":[{"href":"https:\/\/roveyayinevi.com.tr\/index.php\/wp-json\/wp\/v2\/types\/product"}],"wp:attachment":[{"href":"https:\/\/roveyayinevi.com.tr\/index.php\/wp-json\/wp\/v2\/media?parent=751081"}],"wp:term":[{"taxonomy":"product_brand","embeddable":true,"href":"https:\/\/roveyayinevi.com.tr\/index.php\/wp-json\/wp\/v2\/product_brand?post=751081"},{"taxonomy":"product_cat","embeddable":true,"href":"https:\/\/roveyayinevi.com.tr\/index.php\/wp-json\/wp\/v2\/product_cat?post=751081"},{"taxonomy":"product_tag","embeddable":true,"href":"https:\/\/roveyayinevi.com.tr\/index.php\/wp-json\/wp\/v2\/product_tag?post=751081"}],"curies":[{"name":"wp","href":"https:\/\/api.w.org\/{rel}","templated":true}]}}