{"id":751080,"date":"2025-08-28T04:39:09","date_gmt":"2025-08-28T01:39:09","guid":{"rendered":"https:\/\/roveyayinevi.com.tr\/index.php\/urun\/piyano-eslikli-turk-marslari\/"},"modified":"2026-04-16T03:04:07","modified_gmt":"2026-04-16T00:04:07","slug":"piyano-eslikli-turk-marslari","status":"publish","type":"product","link":"https:\/\/roveyayinevi.com.tr\/index.php\/urun\/piyano-eslikli-turk-marslari\/","title":{"rendered":"Piyano E\u015flikli T\u00fcrk Mar\u015flar\u0131"},"content":{"rendered":"<p>Bu kitap cumhuriyetimiz 100. y\u0131l\u0131na bir arma\u011fan olarak haz\u0131rlanm\u0131\u015ft\u0131r. Kitab\u0131n haz\u0131rl\u0131k a\u015famas\u0131nda m\u00fczik \u00f6\u011fretmenlerinin ve e\u011fitimcilerinin g\u00f6r\u00fc\u015fleri al\u0131nm\u0131\u015f ve kapsaml\u0131 bir ihtiya\u00e7 analizi yap\u0131lm\u0131\u015ft\u0131r. Sonu\u00e7ta \u00fclkemizde en \u00e7ok sevilen, s\u00f6ylenen ve bilinen \u201cmar\u015f\u201d formundaki eserler bir araya getirilmi\u015ftir. Kitapta olmas\u0131 gerekti\u011fi halde yer alamayan baz\u0131 eserler ise telif izni verilmemesi nedeniyle ne yaz\u0131k ki kitaba eklenememi\u015ftir. Kitapta toplam 63 mar\u015f yer almaktad\u0131r. Bunlar; Cumhuriyet Mar\u015flar\u0131, Atat\u00fcrk Mar\u015flar\u0131, Vatan\/Bayrak Mar\u015flar\u0131, \u00d6\u011fretmen Mar\u015flar\u0131 ve \u00c7ocuk\/Gen\u00e7lik Mar\u015flar\u0131 olmak \u00fczere 5 ana ba\u015fl\u0131k alt\u0131nda grupland\u0131r\u0131larak s\u0131ralanm\u0131\u015ft\u0131r. \u0130ki ciltten olu\u015fan kitab\u0131n birinci cildinde mar\u015flar\u0131n piyano e\u015flikleri, ikinci cildinde ise koro notalar\u0131 yer almaktad\u0131r. Her eserin ba\u015f\u0131nda \u201cpiyano e\u015flik MP3 ses dosyas\u0131n\u0131n numaras\u0131\u201d belirtilmi\u015ftir. Son derece titizlikle kaydedilen bu ses dosyalar\u0131 her t\u00fcrl\u00fc ortamda g\u00f6n\u00fcl rahatl\u0131\u011f\u0131 ile kullanabilir ve b\u00fct\u00fcn mar\u015flar piyano e\u015fli\u011finde seslendirebilir. MP3 dosyalar\u0131 ile mar\u015flar\u0131n Youtube kanal\u0131ndaki referans video kay\u0131tlar\u0131na, k\u00fcnyede verilen kare kodlar\u0131 cep telefonunuza okutarak ula\u015fabilir ya da yay\u0131nevi web sitesinden \u00fccretsiz olarak indirebilirsiniz. Yay\u0131nc\u0131 ve edit\u00f6r olarak bendeniz kitab\u0131n yay\u0131na haz\u0131rlanmas\u0131n\u0131, d\u00fczeltmeleri ve MP3 ses dosyalar\u0131n\u0131n haz\u0131rlanmas\u0131 \u00fcstlendim. De\u011ferli koro \u015fefimiz Serdar K\u00f6\u015fk, Ni\u011fde G\u00fczel Sanatlar Lisesi Korosu ile kitapta yer alan eserlerin referans video kay\u0131tlar\u0131n\u0131 yapt\u0131. De\u011ferli gen\u00e7 koro \u015feflerimiz \u00c7i\u011fdem Aytepe ve Atilla \u00c7a\u011fda\u015f De\u011fer, notalar\u0131 b\u00fcy\u00fck bir titizlikle inceleyerek mar\u015flar\u0131n olabildi\u011fince hatas\u0131z \u015fekilde bas\u0131lmas\u0131 i\u00e7in kitaba \u00e7ok \u00f6nemli katk\u0131lar sa\u011flad\u0131.  Eserlerin nota yaz\u0131m\u0131 ve kitab\u0131n dizgisi Alp Eray Tu\u011fcular taraf\u0131ndan, kapak tasar\u0131m\u0131 ise Emre \u015eeng\u00fcn taraf\u0131ndan yap\u0131ld\u0131. Kitab\u0131n yazar\u0131 Sel\u00e7uk Bilgin ise eserleri bir araya getirdi, derledi, toplad\u0131, piyano e\u015fli\u011fi olmayan mar\u015flar\u0131n herkes taraf\u0131ndan kolayl\u0131kla \u00e7al\u0131nabilecek piyano e\u015fliklerini yazd\u0131. Bu kitap y\u00fcce \u00f6nderimiz Atat\u00fcrk\u2019\u00fcn a\u015fa\u011f\u0131da da ifade etti\u011fi gibi tam bir ekip \u00e7al\u0131\u015fmas\u0131 ile ortaya \u00e7\u0131kt\u0131. Prof. Dr. S\u00fcleyman Tarman \/ Edit\u00f6r<\/p>\n","protected":false},"excerpt":{"rendered":"<p>Bu kitap cumhuriyetimiz 100. y\u0131l\u0131na bir arma\u011fan olarak haz\u0131rlanm\u0131\u015ft\u0131r. Kitab\u0131n haz\u0131rl\u0131k a\u015famas\u0131nda m\u00fczik \u00f6\u011fretmenlerinin ve e\u011fitimcilerinin g\u00f6r\u00fc\u015fleri al\u0131nm\u0131\u015f ve kapsaml\u0131 bir ihtiya\u00e7 analizi yap\u0131lm\u0131\u015ft\u0131r. Sonu\u00e7ta \u00fclkemizde<span class=\"excerpt-hellip\"> [\u2026]<\/span><\/p>\n","protected":false},"featured_media":0,"template":"","meta":{"_monsterinsights_skip_tracking":false,"_monsterinsights_sitenote_active":false,"_monsterinsights_sitenote_note":"","_monsterinsights_sitenote_category":0},"product_brand":[],"product_cat":[14556],"product_tag":[],"class_list":{"0":"post-751080","1":"product","2":"type-product","3":"status-publish","5":"product_cat-muzik","6":"pa_cilt-ciltsiz","7":"pa_tur-kitap","8":"pa_yayinevi-muzik-egitimi-yayinlari","9":"pa_yazar-selcuk-bilgin","11":"first","12":"instock","13":"sale","14":"shipping-taxable","15":"purchasable","16":"product-type-simple"},"_links":{"self":[{"href":"https:\/\/roveyayinevi.com.tr\/index.php\/wp-json\/wp\/v2\/product\/751080","targetHints":{"allow":["GET"]}}],"collection":[{"href":"https:\/\/roveyayinevi.com.tr\/index.php\/wp-json\/wp\/v2\/product"}],"about":[{"href":"https:\/\/roveyayinevi.com.tr\/index.php\/wp-json\/wp\/v2\/types\/product"}],"wp:attachment":[{"href":"https:\/\/roveyayinevi.com.tr\/index.php\/wp-json\/wp\/v2\/media?parent=751080"}],"wp:term":[{"taxonomy":"product_brand","embeddable":true,"href":"https:\/\/roveyayinevi.com.tr\/index.php\/wp-json\/wp\/v2\/product_brand?post=751080"},{"taxonomy":"product_cat","embeddable":true,"href":"https:\/\/roveyayinevi.com.tr\/index.php\/wp-json\/wp\/v2\/product_cat?post=751080"},{"taxonomy":"product_tag","embeddable":true,"href":"https:\/\/roveyayinevi.com.tr\/index.php\/wp-json\/wp\/v2\/product_tag?post=751080"}],"curies":[{"name":"wp","href":"https:\/\/api.w.org\/{rel}","templated":true}]}}