{"id":751078,"date":"2025-08-28T04:39:05","date_gmt":"2025-08-28T01:39:05","guid":{"rendered":"https:\/\/roveyayinevi.com.tr\/index.php\/urun\/yuzum-ve-vucudum-dunyami-kesfediyorum-ciltli\/"},"modified":"2026-04-16T03:04:07","modified_gmt":"2026-04-16T00:04:07","slug":"yuzum-ve-vucudum-dunyami-kesfediyorum-ciltli","status":"publish","type":"product","link":"https:\/\/roveyayinevi.com.tr\/index.php\/urun\/yuzum-ve-vucudum-dunyami-kesfediyorum-ciltli\/","title":{"rendered":"Y\u00fcz\u00fcm ve V\u00fccudum &#8211; D\u00fcnyam\u0131 Ke\u015ffediyorum (Ciltli)"},"content":{"rendered":"<p>G\u00f6zlerimle g\u00f6r\u00fcr, burnumla koklar, kulaklar\u0131mla duyar\u0131m. Ellerimle bir \u015feyleri tutup, kollar\u0131mla onlar\u0131 kald\u0131rabilirim. Bacaklar\u0131m sayesinde ko\u015fabilir ve ayaklar\u0131mla yere vurabilirim. V\u00fccudumla bunlar\u0131 ve daha pek \u00e7ok \u015feyi yapabilirim!   Y\u00fcz\u00fcm\u00fcz, v\u00fccudumuz ve onlarla yapabildiklerimize dair kolay anla\u015f\u0131l\u0131r ve ilgi \u00e7ekici resimlerle dolu, ne\u015feli bir kitap. 12 ay ve u\u0308zeri \u00e7ocuklar\u0131n gu\u0308nlu\u0308k hayat\u0131na odaklan\u0131yor. <\/p>\n","protected":false},"excerpt":{"rendered":"<p>G\u00f6zlerimle g\u00f6r\u00fcr, burnumla koklar, kulaklar\u0131mla duyar\u0131m. Ellerimle bir \u015feyleri tutup, kollar\u0131mla onlar\u0131 kald\u0131rabilirim. Bacaklar\u0131m sayesinde ko\u015fabilir ve ayaklar\u0131mla yere vurabilirim. V\u00fccudumla bunlar\u0131 ve daha pek \u00e7ok<span class=\"excerpt-hellip\"> [\u2026]<\/span><\/p>\n","protected":false},"featured_media":0,"template":"","meta":{"_monsterinsights_skip_tracking":false,"_monsterinsights_sitenote_active":false,"_monsterinsights_sitenote_note":"","_monsterinsights_sitenote_category":0},"product_brand":[],"product_cat":[12274,12518],"product_tag":[],"class_list":{"0":"post-751078","1":"product","2":"type-product","3":"status-publish","5":"product_cat-cocuk-ve-genclik-kitaplari","6":"product_cat-okul-oncesi-kitaplar","7":"pa_cilt-ciltli","8":"pa_tur-kitap","9":"pa_yayinevi-domingo-yayinevi","10":"pa_yazar-liesbet-slegers","12":"first","13":"instock","14":"sale","15":"shipping-taxable","16":"purchasable","17":"product-type-simple"},"_links":{"self":[{"href":"https:\/\/roveyayinevi.com.tr\/index.php\/wp-json\/wp\/v2\/product\/751078","targetHints":{"allow":["GET"]}}],"collection":[{"href":"https:\/\/roveyayinevi.com.tr\/index.php\/wp-json\/wp\/v2\/product"}],"about":[{"href":"https:\/\/roveyayinevi.com.tr\/index.php\/wp-json\/wp\/v2\/types\/product"}],"wp:attachment":[{"href":"https:\/\/roveyayinevi.com.tr\/index.php\/wp-json\/wp\/v2\/media?parent=751078"}],"wp:term":[{"taxonomy":"product_brand","embeddable":true,"href":"https:\/\/roveyayinevi.com.tr\/index.php\/wp-json\/wp\/v2\/product_brand?post=751078"},{"taxonomy":"product_cat","embeddable":true,"href":"https:\/\/roveyayinevi.com.tr\/index.php\/wp-json\/wp\/v2\/product_cat?post=751078"},{"taxonomy":"product_tag","embeddable":true,"href":"https:\/\/roveyayinevi.com.tr\/index.php\/wp-json\/wp\/v2\/product_tag?post=751078"}],"curies":[{"name":"wp","href":"https:\/\/api.w.org\/{rel}","templated":true}]}}